{"id":1362081,"date":"2024-10-17T13:08:43","date_gmt":"2024-10-17T10:08:43","guid":{"rendered":"https:\/\/games.tactic.net\/tuote\/1000-pcs-puzzle-robin-in-the-autumn-leaves\/"},"modified":"2024-10-17T13:08:43","modified_gmt":"2024-10-17T10:08:43","slug":"1000-pcs-puzzle-robin-in-the-autumn-leaves","status":"publish","type":"product","link":"https:\/\/games.tactic.net\/pl\/tuote\/1000-pcs-puzzle-robin-in-the-autumn-leaves\/","title":{"rendered":"1000 pcs puzzle: Robin in the Autumn Leaves"},"content":{"rendered":"<p>Puzzle Tactic s\u0105 starannie zaprojektowane zar\u00f3wno dla entuzjast\u00f3w i mi\u0142o\u015bnik\u00f3w puzzli, jak i dla nowych pocz\u0105tkuj\u0105cych. Oferujemy tylko najlepsz\u0105 jako\u015b\u0107 zar\u00f3wno zdj\u0119\u0107, jak i materia\u0142\u00f3w.<br \/>\nWitamy w ekscytuj\u0105cym \u015bwiecie puzzli Tactic!<br \/>\nRozmiar obrazka po z\u0142o\u017ceniu 67x48cm<\/p>\n","protected":false},"excerpt":{"rendered":"<p>Puzzle Tactic s\u0105 starannie zaprojektowane zar\u00f3wno dla entuzjast\u00f3w i mi\u0142o\u015bnik\u00f3w puzzli, jak i dla nowych pocz\u0105tkuj\u0105cych. Oferujemy tylko najlepsz\u0105 jako\u015b\u0107 zar\u00f3wno zdj\u0119\u0107, jak i materia\u0142\u00f3w. Witamy w ekscytuj\u0105cym \u015bwiecie puzzli Tactic! Rozmiar obrazka po z\u0142o\u017ceniu 67x48cm<\/p>\n","protected":false},"featured_media":0,"template":"","meta":{"content-type":"","_monsterinsights_skip_tracking":false,"_monsterinsights_sitenote_active":false,"_monsterinsights_sitenote_note":"","_monsterinsights_sitenote_category":0},"product_brand":[],"product_cat":[926],"product_tag":[],"brand":[],"target-group":[],"discontinued":[],"class_list":{"0":"post-1362081","1":"product","2":"type-product","3":"status-publish","5":"product_cat-1000-elementow","7":"first","8":"instock","9":"taxable","10":"shipping-taxable","11":"product-type-simple"},"aioseo_notices":[],"_links":{"self":[{"href":"https:\/\/games.tactic.net\/pl\/wp-json\/wp\/v2\/product\/1362081","targetHints":{"allow":["GET"]}}],"collection":[{"href":"https:\/\/games.tactic.net\/pl\/wp-json\/wp\/v2\/product"}],"about":[{"href":"https:\/\/games.tactic.net\/pl\/wp-json\/wp\/v2\/types\/product"}],"wp:attachment":[{"href":"https:\/\/games.tactic.net\/pl\/wp-json\/wp\/v2\/media?parent=1362081"}],"wp:term":[{"taxonomy":"product_brand","embeddable":true,"href":"https:\/\/games.tactic.net\/pl\/wp-json\/wp\/v2\/product_brand?post=1362081"},{"taxonomy":"product_cat","embeddable":true,"href":"https:\/\/games.tactic.net\/pl\/wp-json\/wp\/v2\/product_cat?post=1362081"},{"taxonomy":"product_tag","embeddable":true,"href":"https:\/\/games.tactic.net\/pl\/wp-json\/wp\/v2\/product_tag?post=1362081"},{"taxonomy":"brand","embeddable":true,"href":"https:\/\/games.tactic.net\/pl\/wp-json\/wp\/v2\/brand?post=1362081"},{"taxonomy":"target-group","embeddable":true,"href":"https:\/\/games.tactic.net\/pl\/wp-json\/wp\/v2\/target-group?post=1362081"},{"taxonomy":"discontinued","embeddable":true,"href":"https:\/\/games.tactic.net\/pl\/wp-json\/wp\/v2\/discontinued?post=1362081"}],"curies":[{"name":"wp","href":"https:\/\/api.w.org\/{rel}","templated":true}]}}