{"id":1362039,"date":"2024-10-14T14:11:25","date_gmt":"2024-10-14T11:11:25","guid":{"rendered":"https:\/\/games.tactic.net\/tuote\/larsen-maxi-christmas-market-100-el-ukladanka\/"},"modified":"2024-10-14T14:11:25","modified_gmt":"2024-10-14T11:11:25","slug":"larsen-maxi-christmas-market-100-el-ukladanka","status":"publish","type":"product","link":"https:\/\/games.tactic.net\/pl\/tuote\/larsen-maxi-christmas-market-100-el-ukladanka\/","title":{"rendered":"Larsen Maxi Christmas Market 100 el. uk\u0142adanka"},"content":{"rendered":"<p>Uk\u0142adanka Maxi (36.5&#215;28.5 cm) z grubej tektury ze specjalnymi kszta\u0142tami, dzi\u0119ki kt\u00f3rym uczymy si\u0119 nie tylko cierpliwo\u015bci ale te\u017c j\u0119zyk\u00f3w, matematyki, geografii oraz wiedzy og\u00f3lnej. <\/p>\n<p>Ta 140-elementowa uk\u0142adanka zapewni rodzinie wiele godzin zabawy. Jest to niema\u0142e wyzwanie, poniewa\u017c kszta\u0142ty element\u00f3w uk\u0142adanki wygl\u0105daj\u0105 podobnie. Pami\u0119taj, aby dok\u0142adnie przestudiowa\u0107 obrazek, by zapami\u0119ta\u0107 szczeg\u00f3\u0142y przed wyj\u0119ciem element\u00f3w uk\u0142adanki. Dzi\u0119ki temu \u0142atwiej b\u0119dzie u\u0142o\u017cy\u0107 je z powrotem, a przy okazji \u0107wiczy\u0107 pami\u0119\u0107. Niech uk\u0142adanie tej uk\u0142adanki stanie si\u0119 rodzinn\u0105 tradycj\u0105 ka\u017cdego roku na Bo\u017ce Narodzenie. Jest solidnie wykonana, dzi\u0119ki czemu przetrwa lata, a szczeg\u00f3\u0142owy wizerunek tradycyjnego Jarmarku Bo\u017conarodzeniowego nie straci na aktualno\u015bci. I cho\u0107 \u015awi\u0119ty Miko\u0142aj nie jest ju\u017c ca\u0142kiem m\u0142ody, nigdy nie jest za stary, by przychodzi\u0107 w ka\u017cdym kolejnnym roku w Bo\u017ce Narodzenie i szerzy\u0107 emocje oraz rado\u015b\u0107 w\u015br\u00f3d m\u0142odszych i starszych.<\/p>\n<p>Firma Larsen od 75 lat tworzy wysokiej jako\u015bci uk\u0142adanki z grubej (4mm) tektury. Nasz\u0105 ide\u0105 zawsze by\u0142o tworzenie wysokiej jako\u015bci produkt\u00f3w dla dzieci, kt\u00f3re s\u0105 zar\u00f3wno zabawne, jak i edukacyjne. Znajdujemy si\u0119 w Flekkefjord, idyllicznym miasteczku w po\u0142udniowej Norwegii, w po\u0142owie drogi mi\u0119dzy Kristiansand i Stavanger. Cieszymy si\u0119 \u017ce, dzi\u0119ki wsp\u00f3\u0142pracy z fi\u0144ska firm\u0105 Tactic Oy, mo\u017cemy oferowa\u0107 Pa\u0144stwu najwy\u017csz\u0105 jako\u015b\u0107 r\u00f3wnie\u017c w Polsce. <\/p>\n<p>Uk\u0142adanki Larsen odznaczaj\u0105 si\u0119<br \/>\n-nietypowymi i jedynymi w swoim rodzaju wykrojnikami, kt\u00f3re sprawiaj\u0105 wielk\u0105 przyjemno\u015b\u0107 z uk\u0142adania.<br \/>\n-produkcj\u0105 w Norwegii i wysok\u0105 jako\u015bci\u0105.<br \/>\n-starann\u0105 selekcj\u0105 obrazk\u00f3w dla ka\u017cdego wieku<br \/>\n-edukacyjnym charakterem uk\u0142adanek<br \/>\n-zlokalizowanymi wzorami na wiele rynk\u00f3w.<\/p>\n","protected":false},"excerpt":{"rendered":"<p>Uk\u0142adanka Maxi (36.5&#215;28.5 cm) z grubej tektury ze specjalnymi kszta\u0142tami, dzi\u0119ki kt\u00f3rym uczymy si\u0119 nie tylko cierpliwo\u015bci ale te\u017c j\u0119zyk\u00f3w, matematyki, geografii oraz wiedzy og\u00f3lnej. <\/p>\n","protected":false},"featured_media":0,"template":"","meta":{"content-type":"","_monsterinsights_skip_tracking":false,"_monsterinsights_sitenote_active":false,"_monsterinsights_sitenote_note":"","_monsterinsights_sitenote_category":0},"product_brand":[],"product_cat":[1793],"product_tag":[],"brand":[],"target-group":[],"discontinued":[],"class_list":{"0":"post-1362039","1":"product","2":"type-product","3":"status-publish","5":"product_cat-puzzle-dla-dzieci-puzzle","7":"first","8":"instock","9":"taxable","10":"shipping-taxable","11":"product-type-simple"},"aioseo_notices":[],"_links":{"self":[{"href":"https:\/\/games.tactic.net\/pl\/wp-json\/wp\/v2\/product\/1362039","targetHints":{"allow":["GET"]}}],"collection":[{"href":"https:\/\/games.tactic.net\/pl\/wp-json\/wp\/v2\/product"}],"about":[{"href":"https:\/\/games.tactic.net\/pl\/wp-json\/wp\/v2\/types\/product"}],"wp:attachment":[{"href":"https:\/\/games.tactic.net\/pl\/wp-json\/wp\/v2\/media?parent=1362039"}],"wp:term":[{"taxonomy":"product_brand","embeddable":true,"href":"https:\/\/games.tactic.net\/pl\/wp-json\/wp\/v2\/product_brand?post=1362039"},{"taxonomy":"product_cat","embeddable":true,"href":"https:\/\/games.tactic.net\/pl\/wp-json\/wp\/v2\/product_cat?post=1362039"},{"taxonomy":"product_tag","embeddable":true,"href":"https:\/\/games.tactic.net\/pl\/wp-json\/wp\/v2\/product_tag?post=1362039"},{"taxonomy":"brand","embeddable":true,"href":"https:\/\/games.tactic.net\/pl\/wp-json\/wp\/v2\/brand?post=1362039"},{"taxonomy":"target-group","embeddable":true,"href":"https:\/\/games.tactic.net\/pl\/wp-json\/wp\/v2\/target-group?post=1362039"},{"taxonomy":"discontinued","embeddable":true,"href":"https:\/\/games.tactic.net\/pl\/wp-json\/wp\/v2\/discontinued?post=1362039"}],"curies":[{"name":"wp","href":"https:\/\/api.w.org\/{rel}","templated":true}]}}