{"id":1361830,"date":"2024-09-25T10:10:42","date_gmt":"2024-09-25T07:10:42","guid":{"rendered":"https:\/\/games.tactic.net\/tuote\/tactic-puzzle-lovers-basket-of-fruits-500-el-puzzle\/"},"modified":"2024-09-25T10:10:42","modified_gmt":"2024-09-25T07:10:42","slug":"tactic-puzzle-lovers-basket-of-fruits-500-el-puzzle","status":"publish","type":"product","link":"https:\/\/games.tactic.net\/pl\/tuote\/tactic-puzzle-lovers-basket-of-fruits-500-el-puzzle\/","title":{"rendered":"Tactic Puzzle Lovers Basket of Fruits 500 el. puzzle"},"content":{"rendered":"<p>Puzzle Lovers to seria zabawnych puzzli zar\u00f3wno dla pocz\u0105tkuj\u0105cych, jak i prawdziwych mi\u0142o\u015bnik\u00f3w puzzli. Ka\u017cda uk\u0142adanka sk\u0142ada si\u0119 z 500 wysokiej jako\u015bci element\u00f3w.<\/p>\n<p>Puzzle Lovers ma co\u015b dla ka\u017cdego fana puzzli, od entuzjastycznych hobbyst\u00f3w po pocz\u0105tkuj\u0105cych i dzieci. Wysokiej jako\u015bci puzzle przedstawiaj\u0105 wspania\u0142e krajobrazy, fascynuj\u0105ce miejsca z ca\u0142ego \u015bwiata, niesamowite zwierz\u0119ta, specjalne motywy nordyckie i sezonowe oraz wiele, wiele innych.<\/p>\n","protected":false},"excerpt":{"rendered":"<p>47 x 31 cm.<\/p>\n","protected":false},"featured_media":0,"template":"","meta":{"content-type":"","_monsterinsights_skip_tracking":false,"_monsterinsights_sitenote_active":false,"_monsterinsights_sitenote_note":"","_monsterinsights_sitenote_category":0},"product_brand":[],"product_cat":[918],"product_tag":[],"brand":[],"target-group":[],"discontinued":[],"class_list":{"0":"post-1361830","1":"product","2":"type-product","3":"status-publish","5":"product_cat-500-elementow","7":"first","8":"instock","9":"taxable","10":"shipping-taxable","11":"product-type-simple"},"aioseo_notices":[],"_links":{"self":[{"href":"https:\/\/games.tactic.net\/pl\/wp-json\/wp\/v2\/product\/1361830","targetHints":{"allow":["GET"]}}],"collection":[{"href":"https:\/\/games.tactic.net\/pl\/wp-json\/wp\/v2\/product"}],"about":[{"href":"https:\/\/games.tactic.net\/pl\/wp-json\/wp\/v2\/types\/product"}],"wp:attachment":[{"href":"https:\/\/games.tactic.net\/pl\/wp-json\/wp\/v2\/media?parent=1361830"}],"wp:term":[{"taxonomy":"product_brand","embeddable":true,"href":"https:\/\/games.tactic.net\/pl\/wp-json\/wp\/v2\/product_brand?post=1361830"},{"taxonomy":"product_cat","embeddable":true,"href":"https:\/\/games.tactic.net\/pl\/wp-json\/wp\/v2\/product_cat?post=1361830"},{"taxonomy":"product_tag","embeddable":true,"href":"https:\/\/games.tactic.net\/pl\/wp-json\/wp\/v2\/product_tag?post=1361830"},{"taxonomy":"brand","embeddable":true,"href":"https:\/\/games.tactic.net\/pl\/wp-json\/wp\/v2\/brand?post=1361830"},{"taxonomy":"target-group","embeddable":true,"href":"https:\/\/games.tactic.net\/pl\/wp-json\/wp\/v2\/target-group?post=1361830"},{"taxonomy":"discontinued","embeddable":true,"href":"https:\/\/games.tactic.net\/pl\/wp-json\/wp\/v2\/discontinued?post=1361830"}],"curies":[{"name":"wp","href":"https:\/\/api.w.org\/{rel}","templated":true}]}}