{"id":1361613,"date":"2024-09-19T16:19:04","date_gmt":"2024-09-19T13:19:04","guid":{"rendered":"https:\/\/games.tactic.net\/tuote\/larsen-maxi-forest-animals-29-el-ukladanka\/"},"modified":"2024-09-19T16:19:04","modified_gmt":"2024-09-19T13:19:04","slug":"larsen-maxi-forest-animals-29-el-ukladanka","status":"publish","type":"product","link":"https:\/\/games.tactic.net\/pl\/tuote\/larsen-maxi-forest-animals-29-el-ukladanka\/","title":{"rendered":"Larsen Maxi Forest Animals 29 el. uk\u0142adanka"},"content":{"rendered":"<p>Uk\u0142adanka Maxi (36.5&#215;28.5 cm) z grubej tektury ze specjalnymi kszta\u0142tami, dzi\u0119ki kt\u00f3rym uczymy si\u0119 nie tylko cierpliwo\u015bci ale te\u017c j\u0119zyk\u00f3w, matematyki, geografii oraz wiedzy og\u00f3lnej. <\/p>\n<p>W g\u0142\u0119bi zalesionych obszar\u00f3w \u017cyje wiele r\u00f3\u017cnych zwierz\u0105t. Mo\u017cna tu spotka\u0107 \u0142osie i jelenie poszukuj\u0105ce po\u017cywienia. Rodzina wilk\u00f3w bawi si\u0119 rado\u015bnie w pobli\u017cu swojej nory, podczas gdy kilka cietrzewi \u017ceruje w pobli\u017cu. Nied\u017awiedzica i jej m\u0142ode badaj\u0105 pobliski strumie\u0144 wody. Co ciekawi m\u0142ode nied\u017awiadka? Ry\u015b i jego koci\u0119ta przyby\u0142y zobaczy\u0107, jak wszyscy si\u0119 bawi\u0105. Jastrz\u0105b przelatuje nad g\u0142ow\u0105, podczas gdy inne ptaki i wiewi\u00f3rki bawi\u0105 si\u0119 na drzewach. Czy znajdziesz lisa ukrywaj\u0105cego si\u0119 w g\u0142\u0119bi lasu? Niekt\u00f3re z 29 element\u00f3w maj\u0105 kszta\u0142t je\u017ca, wilka, nied\u017awiedzia, g\u0142uszca, wiewi\u00f3rki, lisa i \u017c\u00f3\u0142wia.<\/p>\n<p>Firma Larsen od 75 lat tworzy wysokiej jako\u015bci uk\u0142adanki z grubej (4mm) tektury. Nasz\u0105 ide\u0105 zawsze by\u0142o tworzenie wysokiej jako\u015bci produkt\u00f3w dla dzieci, kt\u00f3re s\u0105 zar\u00f3wno zabawne, jak i edukacyjne. Znajdujemy si\u0119 w Flekkefjord, idyllicznym miasteczku w po\u0142udniowej Norwegii, w po\u0142owie drogi mi\u0119dzy Kristiansand i Stavanger. Cieszymy si\u0119 \u017ce, dzi\u0119ki wsp\u00f3\u0142pracy z fi\u0144ska firm\u0105 Tactic Oy, mo\u017cemy oferowa\u0107 Pa\u0144stwu najwy\u017csz\u0105 jako\u015b\u0107 r\u00f3wnie\u017c w Polsce. <\/p>\n<p>Uk\u0142adanki Larsen odznaczaj\u0105 si\u0119<br \/>\n-nietypowymi i jedynymi w swoim rodzaju wykrojnikami, kt\u00f3re sprawiaj\u0105 wielk\u0105 przyjemno\u015b\u0107 z uk\u0142adania.<br \/>\n-produkcj\u0105 w Norwegii i wysok\u0105 jako\u015bci\u0105.<br \/>\n-starann\u0105 selekcj\u0105 obrazk\u00f3w dla ka\u017cdego wieku<br \/>\n-edukacyjnym charakterem uk\u0142adanek<br \/>\n-zlokalizowanymi wzorami na wiele rynk\u00f3w.<\/p>\n","protected":false},"excerpt":{"rendered":"<p>Uk\u0142adanka Maxi (36.5&#215;28.5 cm) z grubej tektury ze specjalnymi kszta\u0142tami, dzi\u0119ki kt\u00f3rym uczymy si\u0119 nie tylko cierpliwo\u015bci ale te\u017c j\u0119zyk\u00f3w, matematyki, geografii oraz wiedzy og\u00f3lnej. W g\u0142\u0119bi zalesionych obszar\u00f3w \u017cyje wiele r\u00f3\u017cnych zwierz\u0105t. Mo\u017cna tu spotka\u0107 \u0142osie i jelenie poszukuj\u0105ce po\u017cywienia. Rodzina wilk\u00f3w bawi si\u0119 rado\u015bnie w pobli\u017cu swojej nory, podczas gdy kilka cietrzewi \u017ceruje [&hellip;]<\/p>\n","protected":false},"featured_media":0,"template":"","meta":{"content-type":"","_monsterinsights_skip_tracking":false,"_monsterinsights_sitenote_active":false,"_monsterinsights_sitenote_note":"","_monsterinsights_sitenote_category":0},"product_brand":[],"product_cat":[1793],"product_tag":[1234,995,991],"brand":[],"target-group":[],"discontinued":[],"class_list":{"0":"post-1361613","1":"product","2":"type-product","3":"status-publish","5":"product_cat-puzzle-dla-dzieci-puzzle","6":"product_tag-laczenie-pl","7":"product_tag-wieloosobowe","8":"product_tag-zabawa","10":"first","11":"instock","12":"taxable","13":"shipping-taxable","14":"product-type-simple"},"aioseo_notices":[],"_links":{"self":[{"href":"https:\/\/games.tactic.net\/pl\/wp-json\/wp\/v2\/product\/1361613","targetHints":{"allow":["GET"]}}],"collection":[{"href":"https:\/\/games.tactic.net\/pl\/wp-json\/wp\/v2\/product"}],"about":[{"href":"https:\/\/games.tactic.net\/pl\/wp-json\/wp\/v2\/types\/product"}],"wp:attachment":[{"href":"https:\/\/games.tactic.net\/pl\/wp-json\/wp\/v2\/media?parent=1361613"}],"wp:term":[{"taxonomy":"product_brand","embeddable":true,"href":"https:\/\/games.tactic.net\/pl\/wp-json\/wp\/v2\/product_brand?post=1361613"},{"taxonomy":"product_cat","embeddable":true,"href":"https:\/\/games.tactic.net\/pl\/wp-json\/wp\/v2\/product_cat?post=1361613"},{"taxonomy":"product_tag","embeddable":true,"href":"https:\/\/games.tactic.net\/pl\/wp-json\/wp\/v2\/product_tag?post=1361613"},{"taxonomy":"brand","embeddable":true,"href":"https:\/\/games.tactic.net\/pl\/wp-json\/wp\/v2\/brand?post=1361613"},{"taxonomy":"target-group","embeddable":true,"href":"https:\/\/games.tactic.net\/pl\/wp-json\/wp\/v2\/target-group?post=1361613"},{"taxonomy":"discontinued","embeddable":true,"href":"https:\/\/games.tactic.net\/pl\/wp-json\/wp\/v2\/discontinued?post=1361613"}],"curies":[{"name":"wp","href":"https:\/\/api.w.org\/{rel}","templated":true}]}}