{"id":1361526,"date":"2024-09-10T16:09:35","date_gmt":"2024-09-10T13:09:35","guid":{"rendered":"https:\/\/games.tactic.net\/tuote\/tactic-lets-learn-i-can-see-it\/"},"modified":"2024-09-10T16:09:35","modified_gmt":"2024-09-10T13:09:35","slug":"tactic-lets-learn-i-can-see-it","status":"publish","type":"product","link":"https:\/\/games.tactic.net\/pl\/tuote\/tactic-lets-learn-i-can-see-it\/","title":{"rendered":"Tactic Uczmy si\u0119: Ja to wiem!"},"content":{"rendered":"<p>Czy ju\u017c to wiesz i potrafisz wskaza\u0107 prawid\u0142owy obrazek?<br \/>\nW tej sympatycznej grze edukacyjnej odpowiadacie na pytania zwi\u0105zane z obrazkami i uk\u0142adacie pieskowi \u015bcie\u017ck\u0119 do budy!<br \/>\nDziecko dobiera z pude\u0142ka 3 losowe kafelki, po czym umieszcza je na stole przed sob\u0105, stron\u0105 z obrazkiem do g\u00f3ry. Pora na pytanie, kt\u00f3re ma doprowadzi\u0107 do wyboru jednego kafelka przez dziecko, np. \u201eKt\u00f3ry kafelek przedstawia istot\u0119 \u017cyw\u0105?\u201d albo \u201eKt\u00f3ra z tych rzeczy jest najci\u0119\u017csza?\u201d. Je\u015bli dziecko odpowie poprawnie, w nagrod\u0119 otrzymuje kafelek, kt\u00f3ry by\u0142 odpowiedzi\u0105 na pytanie. Teraz mo\u017ce go odwr\u00f3ci\u0107, by odkry\u0107 kawa\u0142ek \u015bcie\u017cki dla pieska.<br \/>\nGra otwiera dziecko oraz opiekuna na kreatywno\u015b\u0107, pozostawiaj\u0105c dowolno\u015b\u0107 w zadawaniu pyta\u0144 w ramach kafelk\u00f3w z obrazkami &#8211; a zatem znakomicie wpisuje si\u0119 w ide\u0119 nauki i rozwoju poprzez zabaw\u0119. Dodatkowym atutem s\u0105 realistyczne (nie rysunkowe) obrazki, co jest bardzo cenione przez pedagog\u00f3w.<br \/>\nGra kooperacyjna &#8211; tu ka\u017cdy wygrywa! Wskazana koordynacja osoby doros\u0142ej. <\/p>\n<p>Produkt posiada certyfikat FSC.<br \/>\nTa gra zosta\u0142a wyprodukowana w Finlandii, w odpowiedzialnej fabryce Tactic Games. Produkcja Tactic Games zapewnia identyfikowalno\u015b\u0107 wszystkich materia\u0142\u00f3w, a firma Tactic otrzyma\u0142a certyfikat FSC w 2021 roku. Tactic Games \u015bci\u015ble monitoruje r\u00f3wnie\u017c w\u0142asny \u015blad w\u0119glowy.<\/p>\n<p>Zawarto\u015b\u0107: 78 kafelk\u00f3w z obrazkami, 2 tr\u00f3jwymiarowe budowle (domek i buda), drewniana figurka pieska, instrukcja.<br \/>\n\u015aredni czas gry: 10 minut.<br \/>\nGra dla 2 i wi\u0119cej graczy w wieku 3-6 lat.<\/p>\n","protected":false},"excerpt":{"rendered":"<p>Czy ju\u017c to wiesz i potrafisz wskaza\u0107 prawid\u0142owy obrazek?<br \/>\nW tej sympatycznej grze edukacyjnej odpowiadacie na pytania zwi\u0105zane z obrazkami i uk\u0142adacie pieskowi \u015bcie\u017ck\u0119 do budy!<br \/>\nDziecko dobiera z pude\u0142ka 3 losowe kafelki, po czym umieszcza je na stole przed sob\u0105, stron\u0105 z obrazkiem do g\u00f3ry. Pora na pytanie, kt\u00f3re ma doprowadzi\u0107 do wyboru jednego kafelka przez dziecko, np. \u201eKt\u00f3ry kafelek przedstawia istot\u0119 \u017cyw\u0105?\u201d albo \u201eKt\u00f3ra z tych rzeczy jest najci\u0119\u017csza?\u201d. Je\u015bli dziecko odpowie poprawnie, w nagrod\u0119 otrzymuje kafelek, kt\u00f3ry by\u0142 odpowiedzi\u0105 na pytanie. Teraz mo\u017ce go odwr\u00f3ci\u0107, by odkry\u0107 kawa\u0142ek \u015bcie\u017cki dla pieska.<br \/>\nGra otwiera dziecko oraz opiekuna na kreatywno\u015b\u0107, pozostawiaj\u0105c dowolno\u015b\u0107 w zadawaniu pyta\u0144 w ramach kafelk\u00f3w z obrazkami &#8211; a zatem znakomicie wpisuje si\u0119 w ide\u0119 nauki i rozwoju poprzez zabaw\u0119. Dodatkowym atutem s\u0105 realistyczne (nie rysunkowe) obrazki, co jest bardzo cenione przez pedagog\u00f3w.<br \/>\nGra kooperacyjna &#8211; tu ka\u017cdy wygrywa! Wskazana koordynacja osoby doros\u0142ej. <\/p>\n<p>Produkt posiada certyfikat FSC.<br \/>\nTa gra zosta\u0142a wyprodukowana w Finlandii, w odpowiedzialnej fabryce Tactic Games. Produkcja Tactic Games zapewnia identyfikowalno\u015b\u0107 wszystkich materia\u0142\u00f3w, a firma Tactic otrzyma\u0142a certyfikat FSC w 2021 roku. Tactic Games \u015bci\u015ble monitoruje r\u00f3wnie\u017c w\u0142asny \u015blad w\u0119glowy.<\/p>\n<p>Zawarto\u015b\u0107: 78 kafelk\u00f3w z obrazkami, 2 tr\u00f3jwymiarowe budowle (domek i buda), drewniana figurka pieska, instrukcja.<br \/>\n\u015aredni czas gry: 10 minut.<br \/>\nGra dla 2 i wi\u0119cej grAaczy w wieku 3-6 lat.<\/p>\n","protected":false},"featured_media":0,"template":"","meta":{"content-type":"","_monsterinsights_skip_tracking":false,"_monsterinsights_sitenote_active":false,"_monsterinsights_sitenote_note":"","_monsterinsights_sitenote_category":0},"product_brand":[],"product_cat":[1819],"product_tag":[],"brand":[{"id":869,"name":"Let's Learn","slug":"letslearn-pl"}],"target-group":[],"discontinued":[],"class_list":{"0":"post-1361526","1":"product","2":"type-product","3":"status-publish","5":"product_cat-gry-edukacyjne","6":"brand-letslearn-pl","8":"first","9":"instock","10":"taxable","11":"shipping-taxable","12":"product-type-simple"},"aioseo_notices":[],"_links":{"self":[{"href":"https:\/\/games.tactic.net\/pl\/wp-json\/wp\/v2\/product\/1361526","targetHints":{"allow":["GET"]}}],"collection":[{"href":"https:\/\/games.tactic.net\/pl\/wp-json\/wp\/v2\/product"}],"about":[{"href":"https:\/\/games.tactic.net\/pl\/wp-json\/wp\/v2\/types\/product"}],"wp:attachment":[{"href":"https:\/\/games.tactic.net\/pl\/wp-json\/wp\/v2\/media?parent=1361526"}],"wp:term":[{"taxonomy":"product_brand","embeddable":true,"href":"https:\/\/games.tactic.net\/pl\/wp-json\/wp\/v2\/product_brand?post=1361526"},{"taxonomy":"product_cat","embeddable":true,"href":"https:\/\/games.tactic.net\/pl\/wp-json\/wp\/v2\/product_cat?post=1361526"},{"taxonomy":"product_tag","embeddable":true,"href":"https:\/\/games.tactic.net\/pl\/wp-json\/wp\/v2\/product_tag?post=1361526"},{"taxonomy":"brand","embeddable":true,"href":"https:\/\/games.tactic.net\/pl\/wp-json\/wp\/v2\/brand?post=1361526"},{"taxonomy":"target-group","embeddable":true,"href":"https:\/\/games.tactic.net\/pl\/wp-json\/wp\/v2\/target-group?post=1361526"},{"taxonomy":"discontinued","embeddable":true,"href":"https:\/\/games.tactic.net\/pl\/wp-json\/wp\/v2\/discontinued?post=1361526"}],"curies":[{"name":"wp","href":"https:\/\/api.w.org\/{rel}","templated":true}]}}