{"id":1361186,"date":"2024-08-06T12:09:02","date_gmt":"2024-08-06T09:09:02","guid":{"rendered":"https:\/\/games.tactic.net\/tuote\/tactic-wanna-bet-jackpot\/"},"modified":"2024-09-05T13:41:54","modified_gmt":"2024-09-05T10:41:54","slug":"tactic-wanna-bet-jackpot","status":"publish","type":"product","link":"https:\/\/games.tactic.net\/pl\/tuote\/tactic-wanna-bet-jackpot\/","title":{"rendered":"Tactic Za\u0142o\u017cysz si\u0119? Jackpot"},"content":{"rendered":"<p>Za\u0142o\u017cysz si\u0119? Jackpot podnosi stawk\u0119 jak nigdy dot\u0105d! Podejmiecie wyzwanie?<\/p>\n<p>Smaczku w grze dodaje fakt, \u017ce wszystkie zadania wykonywane s\u0105 w parach &#8211; kt\u00f3re losuje si\u0119 na nowo przy ka\u017cdej turze&#8230; Wylosuj partnera, z kt\u00f3rym razem wykonacie zadania (zr\u0119czno\u015bciowe i umys\u0142owe, cz\u0119sto na czas), a pozostali obstawi\u0105 Wasz sukces lub pora\u017ck\u0119 &#8211; dodatkowo loterie Jackpot potrafi\u0105 w jednej chwili odwr\u00f3ci\u0107 wynik do g\u00f3ry nogami.<br \/>\nBy\u0107 mo\u017ce to dla Ciebie fortuna oka\u017ce si\u0119 \u0142askawa&#8230;<br \/>\nGra trwa do momentu, gdy pierwszy pionek uko\u0144czy ca\u0142\u0105 tras\u0119 w grze!<\/p>\n<p>Warianty zada\u0144 dla m\u0142odszych graczy, szybkie rundy i ci\u0105g\u0142a interakcja sprawiaj\u0105, \u017ce to mocny wyb\u00f3r na dom\u00f3wk\u0119 i rodzinny wiecz\u00f3r.<br \/>\nTo ju\u017c czas na&#8230; wielki zak\u0142ad!<\/p>\n<p>Nominacja do tytu\u0142u \u201eGra Roku 2025&#8243; w kategorii Gra Imprezowa &#8211; potwierdza jako\u015b\u0107 tej ods\u0142ony. Je\u015bli pokochasz t\u0119 adrenalin\u0119, si\u0119gnij te\u017c po pozosta\u0142e gry z serii Za\u0142o\u017cysz si\u0119? &#8211; od klasycznej wersji po bardziej imprezowe i wyzwaniowe warianty &#8211; dobieraj\u0105c tytu\u0142 idealny dla swojej ekipy!<\/p>\n<p>Produkt posiada certyfikat FSC.<br \/>\nTa gra zosta\u0142a wyprodukowana w Finlandii, w odpowiedzialnej fabryce Tactic Games. Produkcja Tactic Games zapewnia identyfikowalno\u015b\u0107 wszystkich materia\u0142\u00f3w, a firma Tactic otrzyma\u0142a certyfikat FSC w 2021 roku. Tactic Games \u015bci\u015ble monitoruje r\u00f3wnie\u017c w\u0142asny \u015blad w\u0119glowy.<\/p>\n<p>Zawarto\u015b\u0107: Plansza, 300 kart [w tym 283 Karty zada\u0144 (141 zada\u0144 zr\u0119czno\u015bciowych + 142 zadania umys\u0142owe); 12 Kart do obstawiania TAK\/NIE; oraz 5 Kart pary], bloczek banknot\u00f3w do gry, 6 pionk\u00f3w, 6 \u017ceton\u00f3w loterii, 1 \u017ceton Jackpot, notatnik, kostka, klepsydra, 2 pi\u0142eczki, 3 paletki, instrukcja.<br \/>\n\u015aredni czas gry: 45 minut.<br \/>\nGra dla 3-6 graczy w wieku 8+.<\/p>\n","protected":false},"excerpt":{"rendered":"<p>Za\u0142o\u017cysz si\u0119? Jackpot &#8211; zapewnia \u015bwietn\u0105 rozrywk\u0119 zar\u00f3wno w gronie rodzinnym, jak i na imprezie ze znajomymi!<br \/>\nTo ju\u017c czas na&#8230; wielki zak\u0142ad!<\/p>\n<p>Produkt posiada certyfikat FSC.<br \/>\nTa gra zosta\u0142a wyprodukowana w Finlandii, w odpowiedzialnej fabryce Tactic Games. Produkcja Tactic Games zapewnia identyfikowalno\u015b\u0107 wszystkich materia\u0142\u00f3w, a firma Tactic otrzyma\u0142a certyfikat FSC w 2021 roku. Tactic Games \u015bci\u015ble monitoruje r\u00f3wnie\u017c w\u0142asny \u015blad w\u0119glowy.<\/p>\n","protected":false},"featured_media":0,"template":"","meta":{"content-type":"","_monsterinsights_skip_tracking":false,"_monsterinsights_sitenote_active":false,"_monsterinsights_sitenote_note":"","_monsterinsights_sitenote_category":0},"product_brand":[],"product_cat":[349],"product_tag":[995],"brand":[],"target-group":[],"discontinued":[],"class_list":{"0":"post-1361186","1":"product","2":"type-product","3":"status-publish","5":"product_cat-gry-rodzinne","6":"product_tag-wieloosobowe","8":"first","9":"instock","10":"taxable","11":"shipping-taxable","12":"product-type-simple"},"aioseo_notices":[],"_links":{"self":[{"href":"https:\/\/games.tactic.net\/pl\/wp-json\/wp\/v2\/product\/1361186","targetHints":{"allow":["GET"]}}],"collection":[{"href":"https:\/\/games.tactic.net\/pl\/wp-json\/wp\/v2\/product"}],"about":[{"href":"https:\/\/games.tactic.net\/pl\/wp-json\/wp\/v2\/types\/product"}],"wp:attachment":[{"href":"https:\/\/games.tactic.net\/pl\/wp-json\/wp\/v2\/media?parent=1361186"}],"wp:term":[{"taxonomy":"product_brand","embeddable":true,"href":"https:\/\/games.tactic.net\/pl\/wp-json\/wp\/v2\/product_brand?post=1361186"},{"taxonomy":"product_cat","embeddable":true,"href":"https:\/\/games.tactic.net\/pl\/wp-json\/wp\/v2\/product_cat?post=1361186"},{"taxonomy":"product_tag","embeddable":true,"href":"https:\/\/games.tactic.net\/pl\/wp-json\/wp\/v2\/product_tag?post=1361186"},{"taxonomy":"brand","embeddable":true,"href":"https:\/\/games.tactic.net\/pl\/wp-json\/wp\/v2\/brand?post=1361186"},{"taxonomy":"target-group","embeddable":true,"href":"https:\/\/games.tactic.net\/pl\/wp-json\/wp\/v2\/target-group?post=1361186"},{"taxonomy":"discontinued","embeddable":true,"href":"https:\/\/games.tactic.net\/pl\/wp-json\/wp\/v2\/discontinued?post=1361186"}],"curies":[{"name":"wp","href":"https:\/\/api.w.org\/{rel}","templated":true}]}}