{"id":1360811,"date":"2024-05-17T08:15:17","date_gmt":"2024-05-17T05:15:17","guid":{"rendered":"https:\/\/games.tactic.net\/tuote\/molkky-minipeli\/"},"modified":"2024-05-17T08:15:17","modified_gmt":"2024-05-17T05:15:17","slug":"molkky-minipeli","status":"publish","type":"product","link":"https:\/\/games.tactic.net\/pl\/tuote\/molkky-minipeli\/","title":{"rendered":"M\u00f6lkky\u00ae Minipeli"},"content":{"rendered":"<p>Popularna i ekscytuj\u0105ca gra w rzucanie do kr\u0119gli w kompaktowym rozmiarze! Wykorzystaj wszystkie swoje umiej\u0119tno\u015bci i szcz\u0119\u015bcie, aby str\u0105ci\u0107 kr\u0119gle i osi\u0105gn\u0105\u0107 cel jako pierwszy. Ustaw kr\u0119gle w odpowiednim szyku i rzu\u0107 zbijakiem M\u00f6lkky\u00ae. Aby wygra\u0107 gr\u0119, musisz zdoby\u0107 dok\u0142adnie 50 punkt\u00f3w &#8211; je\u015bli przekroczysz 50,  Tw\u00f3j wynik spadnie do 25. <\/p>\n<p>Ta gra zosta\u0142a wyprodukowana w Finlandii, w odpowiedzialnej fabryce Tactic Games. Produkcja Tactic Games zapewnia identyfikowalno\u015b\u0107 wszystkich materia\u0142\u00f3w, a firma Tactic otrzyma\u0142a certyfikat FSC w 2021 roku. Tactic Games \u015bci\u015ble monitoruje r\u00f3wnie\u017c w\u0142asny \u015blad w\u0119glowy.<\/p>\n<p>M\u00f6lkky\u00ae to ekscytuj\u0105ca familijna (i nie tylko) drewniana gra w zbijanie kr\u0119gli wykonana z drewna zgodnego ze standardem PEFC. Ta wspania\u0142a gra jest testem zar\u00f3wno umiej\u0119tno\u015bci, jak i szcz\u0119\u015bcia! M\u00f6lkky\u00ae jest popularna i lubiana na ca\u0142ym \u015bwiecie. Gra si\u0119 w ni\u0105 dla zabawy, a tak\u017ce jako sport wyczynowy. <\/p>\n<p>Zawarto\u015b\u0107: 12 drewnianych kr\u0119gli M\u00f6lkky\u00ae i zbijak, instrukcja gry.<br \/>\nMiniaturowa gra-gad\u017cet dla 2 i wi\u0119cej graczy w wieku 6+.<\/p>\n","protected":false},"excerpt":{"rendered":"<p>Popularna i ekscytuj\u0105ca gra w rzucanie do kr\u0119gli w kompaktowym rozmiarze! Wykorzystaj wszystkie swoje umiej\u0119tno\u015bci i szcz\u0119\u015bcie, aby str\u0105ci\u0107 kr\u0119gle i osi\u0105gn\u0105\u0107 cel jako pierwszy. Ustaw kr\u0119gle w odpowiednim szyku i rzu\u0107 zbijakiem M\u00f6lkky\u00ae. Aby wygra\u0107 gr\u0119, musisz zdoby\u0107 dok\u0142adnie 50 punkt\u00f3w &#8211; je\u015bli przekroczysz 50, Tw\u00f3j wynik spadnie do 25. Ta gra zosta\u0142a wyprodukowana [&hellip;]<\/p>\n","protected":false},"featured_media":0,"template":"","meta":{"content-type":"","_monsterinsights_skip_tracking":false,"_monsterinsights_sitenote_active":false,"_monsterinsights_sitenote_note":"","_monsterinsights_sitenote_category":0},"product_brand":[],"product_cat":[349],"product_tag":[376,897,385],"brand":[{"id":1843,"name":"M\u00f6lkky","slug":"molkky_pl"}],"target-group":[],"discontinued":[],"class_list":{"0":"post-1360811","1":"product","2":"type-product","3":"status-publish","5":"product_cat-gry-rodzinne","6":"product_tag-obliczenie","7":"product_tag-taktyka","8":"product_tag-umiejetnosc","9":"brand-molkky_pl","11":"first","12":"instock","13":"taxable","14":"shipping-taxable","15":"product-type-simple"},"aioseo_notices":[],"_links":{"self":[{"href":"https:\/\/games.tactic.net\/pl\/wp-json\/wp\/v2\/product\/1360811","targetHints":{"allow":["GET"]}}],"collection":[{"href":"https:\/\/games.tactic.net\/pl\/wp-json\/wp\/v2\/product"}],"about":[{"href":"https:\/\/games.tactic.net\/pl\/wp-json\/wp\/v2\/types\/product"}],"wp:attachment":[{"href":"https:\/\/games.tactic.net\/pl\/wp-json\/wp\/v2\/media?parent=1360811"}],"wp:term":[{"taxonomy":"product_brand","embeddable":true,"href":"https:\/\/games.tactic.net\/pl\/wp-json\/wp\/v2\/product_brand?post=1360811"},{"taxonomy":"product_cat","embeddable":true,"href":"https:\/\/games.tactic.net\/pl\/wp-json\/wp\/v2\/product_cat?post=1360811"},{"taxonomy":"product_tag","embeddable":true,"href":"https:\/\/games.tactic.net\/pl\/wp-json\/wp\/v2\/product_tag?post=1360811"},{"taxonomy":"brand","embeddable":true,"href":"https:\/\/games.tactic.net\/pl\/wp-json\/wp\/v2\/brand?post=1360811"},{"taxonomy":"target-group","embeddable":true,"href":"https:\/\/games.tactic.net\/pl\/wp-json\/wp\/v2\/target-group?post=1360811"},{"taxonomy":"discontinued","embeddable":true,"href":"https:\/\/games.tactic.net\/pl\/wp-json\/wp\/v2\/discontinued?post=1360811"}],"curies":[{"name":"wp","href":"https:\/\/api.w.org\/{rel}","templated":true}]}}