{"id":1360493,"date":"2024-05-03T16:10:24","date_gmt":"2024-05-03T13:10:24","guid":{"rendered":"https:\/\/games.tactic.net\/tuote\/lumo-stars-golden-retriever-molly-classic\/"},"modified":"2024-05-03T16:10:24","modified_gmt":"2024-05-03T13:10:24","slug":"lumo-stars-golden-retriever-molly-classic","status":"publish","type":"product","link":"https:\/\/games.tactic.net\/pl\/tuote\/lumo-stars-golden-retriever-molly-classic\/","title":{"rendered":"Lumo Stars Golden retriever Molly classic plush"},"content":{"rendered":"<p>Nikt nie oprze si\u0119 uroczym psim pluszaczkom Lumo Stars z serii Szczeniaczki. W tej linii produkt\u00f3w znajdziesz najpopularniejsze rasy ps\u00f3w i akcesoria do piel\u0119gnacji szczeni\u0105t.<\/p>\n","protected":false},"excerpt":{"rendered":"<p>Nikt nie oprze si\u0119 uroczym psim pluszaczkom Lumo Stars z serii Szczeniaczki. W tej linii produkt\u00f3w znajdziesz najpopularniejsze rasy ps\u00f3w i akcesoria do piel\u0119gnacji szczeni\u0105t.<\/p>\n","protected":false},"featured_media":0,"template":"","meta":{"content-type":"","_monsterinsights_skip_tracking":false,"_monsterinsights_sitenote_active":false,"_monsterinsights_sitenote_note":"","_monsterinsights_sitenote_category":0},"product_brand":[],"product_cat":[1511],"product_tag":[],"brand":[],"target-group":[],"discontinued":[],"class_list":{"0":"post-1360493","1":"product","2":"type-product","3":"status-publish","5":"product_cat-classic-zabawki-pluszowe","7":"first","8":"instock","9":"taxable","10":"shipping-taxable","11":"product-type-simple"},"aioseo_notices":[],"_links":{"self":[{"href":"https:\/\/games.tactic.net\/pl\/wp-json\/wp\/v2\/product\/1360493","targetHints":{"allow":["GET"]}}],"collection":[{"href":"https:\/\/games.tactic.net\/pl\/wp-json\/wp\/v2\/product"}],"about":[{"href":"https:\/\/games.tactic.net\/pl\/wp-json\/wp\/v2\/types\/product"}],"wp:attachment":[{"href":"https:\/\/games.tactic.net\/pl\/wp-json\/wp\/v2\/media?parent=1360493"}],"wp:term":[{"taxonomy":"product_brand","embeddable":true,"href":"https:\/\/games.tactic.net\/pl\/wp-json\/wp\/v2\/product_brand?post=1360493"},{"taxonomy":"product_cat","embeddable":true,"href":"https:\/\/games.tactic.net\/pl\/wp-json\/wp\/v2\/product_cat?post=1360493"},{"taxonomy":"product_tag","embeddable":true,"href":"https:\/\/games.tactic.net\/pl\/wp-json\/wp\/v2\/product_tag?post=1360493"},{"taxonomy":"brand","embeddable":true,"href":"https:\/\/games.tactic.net\/pl\/wp-json\/wp\/v2\/brand?post=1360493"},{"taxonomy":"target-group","embeddable":true,"href":"https:\/\/games.tactic.net\/pl\/wp-json\/wp\/v2\/target-group?post=1360493"},{"taxonomy":"discontinued","embeddable":true,"href":"https:\/\/games.tactic.net\/pl\/wp-json\/wp\/v2\/discontinued?post=1360493"}],"curies":[{"name":"wp","href":"https:\/\/api.w.org\/{rel}","templated":true}]}}