{"id":1359400,"date":"2024-03-20T13:21:19","date_gmt":"2024-03-20T11:21:19","guid":{"rendered":"https:\/\/games.tactic.net\/tuote\/larsen-our-body-nasze-cialo-maxi\/"},"modified":"2024-03-20T13:21:19","modified_gmt":"2024-03-20T11:21:19","slug":"larsen-our-body-nasze-cialo-maxi","status":"publish","type":"product","link":"https:\/\/games.tactic.net\/pl\/tuote\/larsen-our-body-nasze-cialo-maxi\/","title":{"rendered":"Larsen Maxi Our Body 35 el. uk\u0142adanka"},"content":{"rendered":"<p>Uk\u0142adanka Maxi (36.5&#215;28.5 cm) z grubej tektury ze specjalnymi kszta\u0142tami, dzi\u0119ki kt\u00f3rym uczymy si\u0119 nie tylko cierpliwo\u015bci ale te\u017c j\u0119zyk\u00f3w, matematyki, geografii oraz wiedzy og\u00f3lnej. G\u0142owa, ramiona, kolana, palce, \u017cebra i ko\u015bci&#8230; Do\u0142\u0105cz do zabawy i uko\u0144cz t\u0119 rozrywkow\u0105 \u0142amig\u0142\u00f3wk\u0119 z podw\u00f3jnym wyzwaniem! W mgnieniu oka dowiesz si\u0119 ciekawostek o ludzkim ciele i jego organach! Wzd\u0142u\u017c ramki znajdziesz 20 element\u00f3w z r\u00f3\u017cnymi cz\u0119\u015bciami cia\u0142a. Elementy osadzane s\u0105 w ramce przy nazwie z prawid\u0142ow\u0105 nazw\u0105 cz\u0119\u015bci cia\u0142a, z kt\u00f3rej linie prowadz\u0105 do partii cia\u0142a, gdzie dana cz\u0119\u015b\u0107 przynale\u017cy. Na wewn\u0119trznej uk\u0142adance znajdziesz 15 tradycyjnych, zaz\u0119biaj\u0105cych si\u0119 element\u00f3w, kt\u00f3re tworz\u0105 ilustracj\u0119 ch\u0142opca i dziewczynki. Ta edukacyjna uk\u0142adanka dostarczana jest wi\u0119c w komplecie z 35 elementami i najlepiej nadaje si\u0119 dla nieco m\u0142odszych dzieci, gotowych do nauki o ludzkim ciele. Firma Larsen od 75 lat tworzy wysokiej jako\u015bci uk\u0142adanki z grubej (4mm) tektury. Nasz\u0105 ide\u0105 zawsze by\u0142o tworzenie wysokiej jako\u015bci produkt\u00f3w dla dzieci, kt\u00f3re s\u0105 zar\u00f3wno zabawne, jak i edukacyjne. Znajdujemy si\u0119 w Flekkefjord, idyllicznym miasteczku w po\u0142udniowej Norwegii, w po\u0142owie drogi mi\u0119dzy Kristiansand i Stavanger. Cieszymy si\u0119 \u017ce, dzi\u0119ki wsp\u00f3\u0142pracy z fi\u0144ska firm\u0105 Tactic Oy, mo\u017cemy oferowa\u0107 Pa\u0144stwu najwy\u017csz\u0105 jako\u015b\u0107 r\u00f3wnie\u017c w Polsce. Uk\u0142adanki Larsen odznaczaj\u0105 si\u0119 -nietypowymi i jedynymi w swoim rodzaju wykrojnikami, kt\u00f3re sprawiaj\u0105 wielk\u0105 przyjemno\u015b\u0107 z uk\u0142adania. -produkcj\u0105 w Norwegii i wysok\u0105 jako\u015bci\u0105. -starann\u0105 selekcj\u0105 obrazk\u00f3w dla ka\u017cdego wieku -edukacyjnym charakterem uk\u0142adanek -zlokalizowanymi wzorami na wiele rynk\u00f3w.<\/p>\n","protected":false},"excerpt":{"rendered":"<p>Uk\u0142adanka Maxi (36.5&#215;28.5 cm) z grubej tektury ze specjalnymi kszta\u0142tami, dzi\u0119ki kt\u00f3rym uczymy si\u0119 nie tylko cierpliwo\u015bci ale te\u017c j\u0119zyk\u00f3w, matematyki, geografii oraz wiedzy og\u00f3lnej. G\u0142owa, ramiona, kolana, palce, \u017cebra i ko\u015bci&#8230; Do\u0142\u0105cz do zabawy i uko\u0144cz t\u0119 rozrywkow\u0105 \u0142amig\u0142\u00f3wk\u0119 z podw\u00f3jnym wyzwaniem! W mgnieniu oka dowiesz si\u0119 ciekawostek o ludzkim ciele i jego organach! [&hellip;]<\/p>\n","protected":false},"featured_media":0,"template":"","meta":{"content-type":"","_monsterinsights_skip_tracking":false,"_monsterinsights_sitenote_active":false,"_monsterinsights_sitenote_note":"","_monsterinsights_sitenote_category":0},"product_brand":[],"product_cat":[1793],"product_tag":[],"brand":[],"target-group":[],"discontinued":[],"class_list":{"0":"post-1359400","1":"product","2":"type-product","3":"status-publish","5":"product_cat-puzzle-dla-dzieci-puzzle","7":"first","8":"instock","9":"taxable","10":"shipping-taxable","11":"product-type-simple"},"aioseo_notices":[],"_links":{"self":[{"href":"https:\/\/games.tactic.net\/pl\/wp-json\/wp\/v2\/product\/1359400","targetHints":{"allow":["GET"]}}],"collection":[{"href":"https:\/\/games.tactic.net\/pl\/wp-json\/wp\/v2\/product"}],"about":[{"href":"https:\/\/games.tactic.net\/pl\/wp-json\/wp\/v2\/types\/product"}],"wp:attachment":[{"href":"https:\/\/games.tactic.net\/pl\/wp-json\/wp\/v2\/media?parent=1359400"}],"wp:term":[{"taxonomy":"product_brand","embeddable":true,"href":"https:\/\/games.tactic.net\/pl\/wp-json\/wp\/v2\/product_brand?post=1359400"},{"taxonomy":"product_cat","embeddable":true,"href":"https:\/\/games.tactic.net\/pl\/wp-json\/wp\/v2\/product_cat?post=1359400"},{"taxonomy":"product_tag","embeddable":true,"href":"https:\/\/games.tactic.net\/pl\/wp-json\/wp\/v2\/product_tag?post=1359400"},{"taxonomy":"brand","embeddable":true,"href":"https:\/\/games.tactic.net\/pl\/wp-json\/wp\/v2\/brand?post=1359400"},{"taxonomy":"target-group","embeddable":true,"href":"https:\/\/games.tactic.net\/pl\/wp-json\/wp\/v2\/target-group?post=1359400"},{"taxonomy":"discontinued","embeddable":true,"href":"https:\/\/games.tactic.net\/pl\/wp-json\/wp\/v2\/discontinued?post=1359400"}],"curies":[{"name":"wp","href":"https:\/\/api.w.org\/{rel}","templated":true}]}}