{"id":1343514,"date":"2023-11-02T12:11:05","date_gmt":"2023-11-02T10:11:05","guid":{"rendered":"https:\/\/games.tactic.net\/tuote\/sidney-opera-house-wrebbit-puzzle-3d-925-el\/"},"modified":"2023-11-02T12:11:05","modified_gmt":"2023-11-02T10:11:05","slug":"sidney-opera-house-wrebbit-puzzle-3d-925-el","status":"publish","type":"product","link":"https:\/\/games.tactic.net\/pl\/tuote\/sidney-opera-house-wrebbit-puzzle-3d-925-el\/","title":{"rendered":"Wrebbit 3D Sidney Opera House Wrebbit 925 el. 3D puzzle"},"content":{"rendered":"<p>S\u0141YNNA AUSTALIJSKA OPERA W TWOIM MIESZKANIU! Wrebbit puzzle 3D to co\u015b w sam raz dla ciebie! Je\u015bli masz ochot\u0119 na prawdziwe wyzwanie i ekstra nagrod\u0119. Zawiera szczeg\u00f3\u0142ow\u0105 instrukcj\u0119 pokazuj\u0105c\u0105, jak u\u0142o\u017cy\u0107 puzzle! Przedstawia s\u0142ynne budowle \u015bwiata oraz podaje ich rozmiary!Rozmiar po z\u0142o\u017ceniu: 43,7 x 56,5 x 22,3 cm. Wygoda i najwy\u017csza jako\u015b\u0107!<\/p>\n","protected":false},"excerpt":{"rendered":"<p>OPERA W SIDNEY Z NAJWI\u0118KSZYCH PUZZLI 3D Je\u015bli masz ochot\u0119 na prawdziwe wyzwanie i ekstra nagrod\u0119, Wrebbit puzzle 3D to co\u015b w sam raz dla ciebie!<\/p>\n","protected":false},"featured_media":0,"template":"","meta":{"content-type":"","_monsterinsights_skip_tracking":false,"_monsterinsights_sitenote_active":false,"_monsterinsights_sitenote_note":"","_monsterinsights_sitenote_category":0},"product_brand":[],"product_cat":[690],"product_tag":[],"brand":[],"target-group":[],"discontinued":[],"class_list":{"0":"post-1343514","1":"product","2":"type-product","3":"status-publish","5":"product_cat-puzzle","7":"first","8":"outofstock","9":"taxable","10":"shipping-taxable","11":"product-type-simple"},"aioseo_notices":[],"_links":{"self":[{"href":"https:\/\/games.tactic.net\/pl\/wp-json\/wp\/v2\/product\/1343514","targetHints":{"allow":["GET"]}}],"collection":[{"href":"https:\/\/games.tactic.net\/pl\/wp-json\/wp\/v2\/product"}],"about":[{"href":"https:\/\/games.tactic.net\/pl\/wp-json\/wp\/v2\/types\/product"}],"wp:attachment":[{"href":"https:\/\/games.tactic.net\/pl\/wp-json\/wp\/v2\/media?parent=1343514"}],"wp:term":[{"taxonomy":"product_brand","embeddable":true,"href":"https:\/\/games.tactic.net\/pl\/wp-json\/wp\/v2\/product_brand?post=1343514"},{"taxonomy":"product_cat","embeddable":true,"href":"https:\/\/games.tactic.net\/pl\/wp-json\/wp\/v2\/product_cat?post=1343514"},{"taxonomy":"product_tag","embeddable":true,"href":"https:\/\/games.tactic.net\/pl\/wp-json\/wp\/v2\/product_tag?post=1343514"},{"taxonomy":"brand","embeddable":true,"href":"https:\/\/games.tactic.net\/pl\/wp-json\/wp\/v2\/brand?post=1343514"},{"taxonomy":"target-group","embeddable":true,"href":"https:\/\/games.tactic.net\/pl\/wp-json\/wp\/v2\/target-group?post=1343514"},{"taxonomy":"discontinued","embeddable":true,"href":"https:\/\/games.tactic.net\/pl\/wp-json\/wp\/v2\/discontinued?post=1343514"}],"curies":[{"name":"wp","href":"https:\/\/api.w.org\/{rel}","templated":true}]}}