{"id":113185,"date":"2021-07-21T15:16:25","date_gmt":"2021-07-21T12:16:25","guid":{"rendered":"http:\/\/dev.tactic.net\/tuote\/lumo-stars-lynx-aurora-classic\/"},"modified":"2023-10-20T14:40:57","modified_gmt":"2023-10-20T11:40:57","slug":"lumo-stars-lynx-aurora-classic","status":"publish","type":"product","link":"https:\/\/games.tactic.net\/pl\/tuote\/lumo-stars-lynx-aurora-classic\/","title":{"rendered":"Lumo Stars Lynx Aurora classic plush"},"content":{"rendered":"<p>Classic 15 cm. Pluszowe zwierz\u0105tko do kolekcjonowania. Szcz\u0119\u015bliwa, przytulna, przyjazna, mi\u0142a i urocza. U\u015bmiechamy si\u0119 wi\u0119cej! Urocza kolekcja plusz\u00f3w Northern Brights oparta jest na prawdziwej nordyckiej naturze i dzikiej przyrodzie. Czysty fi\u0144ski design. Kolory, jakimi mieni si\u0119 moja sier\u015b\u0107, pochodz\u0105 od jednej z najpi\u0119kniejszych rzeczy na \u015bwiecie: zorzy polarnej. Jestem tak rzadki i drogocenny, jak ona. www.lumostars.com<\/p>\n","protected":false},"excerpt":{"rendered":"<p>Classic 15 cm.<\/p>\n","protected":false},"featured_media":0,"template":"","meta":{"content-type":"","_monsterinsights_skip_tracking":false,"_monsterinsights_sitenote_active":false,"_monsterinsights_sitenote_note":"","_monsterinsights_sitenote_category":0},"product_brand":[],"product_cat":[1511],"product_tag":[1260],"brand":[{"id":1023,"name":"Lumo Stars","slug":"lumo-stars_pl"}],"target-group":[],"discontinued":[],"class_list":{"0":"post-113185","1":"product","2":"type-product","3":"status-publish","5":"product_cat-classic-zabawki-pluszowe","6":"product_tag-lumo-stars-pl","7":"brand-lumo-stars_pl","9":"first","10":"instock","11":"taxable","12":"shipping-taxable","13":"product-type-simple"},"aioseo_notices":[],"_links":{"self":[{"href":"https:\/\/games.tactic.net\/pl\/wp-json\/wp\/v2\/product\/113185","targetHints":{"allow":["GET"]}}],"collection":[{"href":"https:\/\/games.tactic.net\/pl\/wp-json\/wp\/v2\/product"}],"about":[{"href":"https:\/\/games.tactic.net\/pl\/wp-json\/wp\/v2\/types\/product"}],"wp:attachment":[{"href":"https:\/\/games.tactic.net\/pl\/wp-json\/wp\/v2\/media?parent=113185"}],"wp:term":[{"taxonomy":"product_brand","embeddable":true,"href":"https:\/\/games.tactic.net\/pl\/wp-json\/wp\/v2\/product_brand?post=113185"},{"taxonomy":"product_cat","embeddable":true,"href":"https:\/\/games.tactic.net\/pl\/wp-json\/wp\/v2\/product_cat?post=113185"},{"taxonomy":"product_tag","embeddable":true,"href":"https:\/\/games.tactic.net\/pl\/wp-json\/wp\/v2\/product_tag?post=113185"},{"taxonomy":"brand","embeddable":true,"href":"https:\/\/games.tactic.net\/pl\/wp-json\/wp\/v2\/brand?post=113185"},{"taxonomy":"target-group","embeddable":true,"href":"https:\/\/games.tactic.net\/pl\/wp-json\/wp\/v2\/target-group?post=113185"},{"taxonomy":"discontinued","embeddable":true,"href":"https:\/\/games.tactic.net\/pl\/wp-json\/wp\/v2\/discontinued?post=113185"}],"curies":[{"name":"wp","href":"https:\/\/api.w.org\/{rel}","templated":true}]}}