{"id":111921,"date":"2021-07-19T11:18:03","date_gmt":"2021-07-19T08:18:03","guid":{"rendered":"http:\/\/dev.tactic.net\/tuote\/wszystkie-dzieci-swiata\/"},"modified":"2023-10-17T19:20:44","modified_gmt":"2023-10-17T16:20:44","slug":"wszystkie-dzieci-swiata","status":"publish","type":"product","link":"https:\/\/games.tactic.net\/pl\/tuote\/wszystkie-dzieci-swiata\/","title":{"rendered":"Tactic Gra planszowa Wszystkie Dzieci \u015awiata"},"content":{"rendered":"<p>Doskona\u0142y spos\u00f3b na poznanie innych kultur! Cho\u0107 ludzie na \u015bwiecie r\u00f3\u017cni\u0105 si\u0119 mi\u0119dzy sob\u0105, wszyscy s\u0105 sobie r\u00f3wni. Jest tyle kraj\u00f3w i tradycji, od kt\u00f3rych mo\u017cna si\u0119 uczy\u0107! Ta gra to doskona\u0142y wst\u0119p do \u017cycia pe\u0142nego ciekawo\u015bci i szacunku wobec innych kultur. Poznawanie ludzi i ich kultur rozbudza naturaln\u0105 ciekawo\u015b\u0107 u dzieci i za ka\u017cdym razem jest zajmuj\u0105cym zaj\u0119ciem. Zawarto\u015b\u0107: plansza, 100 dwustronnych kart, 1 paszport +12 wyjmowanych piecz\u0105tek, 1 woreczek, 40 \u017ceton\u00f3w podr\u00f3\u017cy, 7 kafelk\u00f3w bilet\u00f3w, 6 pionk\u00f3w postaci + plastikowe podstawki, kostka + naklejki. Gra dla 2-6 graczy w wieku 5-10 lat.<\/p>\n<p><img decoding=\"async\" src=\"https:\\\\\\\\games.tactic.net\\\\pic\\\\logo\\\\PL_Swiat_Przyjazny_Dziecku.png\"><\/p>\n","protected":false},"excerpt":{"rendered":"<p>Doskona\u0142y spos\u00f3b na poznanie innych kultur! Cho\u0107 ludzie na \u015bwiecie r\u00f3\u017cni\u0105 si\u0119 mi\u0119dzy sob\u0105, wszyscy s\u0105 sobie r\u00f3wni. Jest tyle kraj\u00f3w i tradycji, od kt\u00f3rych mo\u017cna si\u0119 uczy\u0107! Ta gra to doskona\u0142y wst\u0119p do \u017cycia pe\u0142nego ciekawo\u015bci i szacunku wobec innych kultur. Poznawanie ludzi i ich kultur rozbudza naturaln\u0105 ciekawo\u015b\u0107 u dzieci i za ka\u017cdym razem jest zajmuj\u0105cym zaj\u0119ciem.<\/p>\n","protected":false},"featured_media":0,"template":"","meta":{"content-type":"","_monsterinsights_skip_tracking":false,"_monsterinsights_sitenote_active":false,"_monsterinsights_sitenote_note":"","_monsterinsights_sitenote_category":0},"product_brand":[],"product_cat":[1819,1796],"product_tag":[1000,1277],"brand":[{"id":869,"name":"Let's Learn","slug":"letslearn-pl"}],"target-group":[],"discontinued":[],"class_list":{"0":"post-111921","1":"product","2":"type-product","3":"status-publish","5":"product_cat-gry-edukacyjne","6":"product_cat-gry-planszowe-dla-dzieci","7":"product_tag-edukacyjny","8":"product_tag-wiedza","9":"brand-letslearn-pl","11":"first","12":"outofstock","13":"taxable","14":"shipping-taxable","15":"product-type-simple"},"aioseo_notices":[],"_links":{"self":[{"href":"https:\/\/games.tactic.net\/pl\/wp-json\/wp\/v2\/product\/111921","targetHints":{"allow":["GET"]}}],"collection":[{"href":"https:\/\/games.tactic.net\/pl\/wp-json\/wp\/v2\/product"}],"about":[{"href":"https:\/\/games.tactic.net\/pl\/wp-json\/wp\/v2\/types\/product"}],"wp:attachment":[{"href":"https:\/\/games.tactic.net\/pl\/wp-json\/wp\/v2\/media?parent=111921"}],"wp:term":[{"taxonomy":"product_brand","embeddable":true,"href":"https:\/\/games.tactic.net\/pl\/wp-json\/wp\/v2\/product_brand?post=111921"},{"taxonomy":"product_cat","embeddable":true,"href":"https:\/\/games.tactic.net\/pl\/wp-json\/wp\/v2\/product_cat?post=111921"},{"taxonomy":"product_tag","embeddable":true,"href":"https:\/\/games.tactic.net\/pl\/wp-json\/wp\/v2\/product_tag?post=111921"},{"taxonomy":"brand","embeddable":true,"href":"https:\/\/games.tactic.net\/pl\/wp-json\/wp\/v2\/brand?post=111921"},{"taxonomy":"target-group","embeddable":true,"href":"https:\/\/games.tactic.net\/pl\/wp-json\/wp\/v2\/target-group?post=111921"},{"taxonomy":"discontinued","embeddable":true,"href":"https:\/\/games.tactic.net\/pl\/wp-json\/wp\/v2\/discontinued?post=111921"}],"curies":[{"name":"wp","href":"https:\/\/api.w.org\/{rel}","templated":true}]}}