{"id":111188,"date":"2021-07-16T16:59:50","date_gmt":"2021-07-16T13:59:50","guid":{"rendered":"http:\/\/dev.tactic.net\/tuote\/snowy-owl-lappi-mini\/"},"modified":"2023-07-20T14:35:08","modified_gmt":"2023-07-20T11:35:08","slug":"snowy-owl-lappi-mini","status":"publish","type":"product","link":"https:\/\/games.tactic.net\/pl\/tuote\/snowy-owl-lappi-mini\/","title":{"rendered":"Lumo Stars Snowy Owl Lappi &#8211; Mini"},"content":{"rendered":"<div>\n<div>\n<div>\n<div>Mini 8,5 cm.<\/div>\n<div><\/div>\n<div>Pluszowe zwierz\u0105tko do kolekcjonowania. Szcz\u0119\u015bliwa, przytulna, przyjazna, mi\u0142a i urocza. U\u015bmiechamy si\u0119 wi\u0119cej! Urocza kolekcja plusz\u00f3w Northern Brights oparta jest na prawdziwej nordyckiej naturze i dzikiej przyrodzie. Czysty fi\u0144ski design.<\/div>\n<div><\/div>\n<div><i>*Hu-hu!* Mieszkam w Laponii w s\u0105siedztwie \u015awi\u0119tego Miko\u0142aja i czasami mu pomagam.<\/i><\/div>\n<\/div>\n<\/div>\n<div><\/div>\n<\/div>\n<div><a href=\"http:\/\/www.lumostars.com\/\" target=\"blank\" rel=\"noopener\">www.lumostars.com<\/a><\/div>\n","protected":false},"excerpt":{"rendered":"<p>Mini 8,5 cm.<\/p>\n","protected":false},"featured_media":0,"template":"","meta":{"content-type":"","_monsterinsights_skip_tracking":false,"_monsterinsights_sitenote_active":false,"_monsterinsights_sitenote_note":"","_monsterinsights_sitenote_category":0},"product_brand":[],"product_cat":[1790],"product_tag":[491],"brand":[{"id":1023,"name":"Lumo Stars","slug":"lumo-stars_pl"}],"target-group":[],"discontinued":[],"class_list":{"0":"post-111188","1":"product","2":"type-product","3":"status-publish","5":"product_cat-mini-zabawki-pluszowe","6":"product_tag-lumo-stars","7":"brand-lumo-stars_pl","9":"first","10":"outofstock","11":"taxable","12":"shipping-taxable","13":"product-type-simple"},"aioseo_notices":[],"_links":{"self":[{"href":"https:\/\/games.tactic.net\/pl\/wp-json\/wp\/v2\/product\/111188","targetHints":{"allow":["GET"]}}],"collection":[{"href":"https:\/\/games.tactic.net\/pl\/wp-json\/wp\/v2\/product"}],"about":[{"href":"https:\/\/games.tactic.net\/pl\/wp-json\/wp\/v2\/types\/product"}],"wp:attachment":[{"href":"https:\/\/games.tactic.net\/pl\/wp-json\/wp\/v2\/media?parent=111188"}],"wp:term":[{"taxonomy":"product_brand","embeddable":true,"href":"https:\/\/games.tactic.net\/pl\/wp-json\/wp\/v2\/product_brand?post=111188"},{"taxonomy":"product_cat","embeddable":true,"href":"https:\/\/games.tactic.net\/pl\/wp-json\/wp\/v2\/product_cat?post=111188"},{"taxonomy":"product_tag","embeddable":true,"href":"https:\/\/games.tactic.net\/pl\/wp-json\/wp\/v2\/product_tag?post=111188"},{"taxonomy":"brand","embeddable":true,"href":"https:\/\/games.tactic.net\/pl\/wp-json\/wp\/v2\/brand?post=111188"},{"taxonomy":"target-group","embeddable":true,"href":"https:\/\/games.tactic.net\/pl\/wp-json\/wp\/v2\/target-group?post=111188"},{"taxonomy":"discontinued","embeddable":true,"href":"https:\/\/games.tactic.net\/pl\/wp-json\/wp\/v2\/discontinued?post=111188"}],"curies":[{"name":"wp","href":"https:\/\/api.w.org\/{rel}","templated":true}]}}