{"id":109268,"date":"2021-07-09T18:27:55","date_gmt":"2021-07-09T15:27:55","guid":{"rendered":"http:\/\/dev.tactic.net\/tuote\/lumo-stars-penguin-ping-mini\/"},"modified":"2023-10-20T17:49:51","modified_gmt":"2023-10-20T14:49:51","slug":"lumo-stars-penguin-ping-mini","status":"publish","type":"product","link":"https:\/\/games.tactic.net\/pl\/tuote\/lumo-stars-penguin-ping-mini\/","title":{"rendered":"Lumo Stars Penguin Ping mini plush"},"content":{"rendered":"<p>Mini 8,5 cm. Pluszowe zwierz\u0105tko do kolekcjonowania. Szcz\u0119\u015bliwa, przytulna, przyjazna, mi\u0142a i urocza. U\u015bmiechamy si\u0119 wi\u0119cej! Urocza kolekcja plusz\u00f3w Northern Brights oparta jest na prawdziwej nordyckiej naturze i dzikiej przyrodzie. Czysty fi\u0144ski design. Hurra, pada \u015bnieg! Ulepmy razem ba\u0142wana! Uwielbiam hasa\u0107 w \u015bniegu i robi\u0107 \u015bniegowe anio\u0142y. www.lumostars.com<\/p>\n","protected":false},"excerpt":{"rendered":"<p>Mini 8,5 cm.<\/p>\n","protected":false},"featured_media":0,"template":"","meta":{"content-type":"","_monsterinsights_skip_tracking":false,"_monsterinsights_sitenote_active":false,"_monsterinsights_sitenote_note":"","_monsterinsights_sitenote_category":0},"product_brand":[],"product_cat":[1790],"product_tag":[1260],"brand":[{"id":1023,"name":"Lumo Stars","slug":"lumo-stars_pl"}],"target-group":[],"discontinued":[],"class_list":{"0":"post-109268","1":"product","2":"type-product","3":"status-publish","5":"product_cat-mini-zabawki-pluszowe","6":"product_tag-lumo-stars-pl","7":"brand-lumo-stars_pl","9":"first","10":"instock","11":"taxable","12":"shipping-taxable","13":"product-type-simple"},"aioseo_notices":[],"_links":{"self":[{"href":"https:\/\/games.tactic.net\/pl\/wp-json\/wp\/v2\/product\/109268","targetHints":{"allow":["GET"]}}],"collection":[{"href":"https:\/\/games.tactic.net\/pl\/wp-json\/wp\/v2\/product"}],"about":[{"href":"https:\/\/games.tactic.net\/pl\/wp-json\/wp\/v2\/types\/product"}],"wp:attachment":[{"href":"https:\/\/games.tactic.net\/pl\/wp-json\/wp\/v2\/media?parent=109268"}],"wp:term":[{"taxonomy":"product_brand","embeddable":true,"href":"https:\/\/games.tactic.net\/pl\/wp-json\/wp\/v2\/product_brand?post=109268"},{"taxonomy":"product_cat","embeddable":true,"href":"https:\/\/games.tactic.net\/pl\/wp-json\/wp\/v2\/product_cat?post=109268"},{"taxonomy":"product_tag","embeddable":true,"href":"https:\/\/games.tactic.net\/pl\/wp-json\/wp\/v2\/product_tag?post=109268"},{"taxonomy":"brand","embeddable":true,"href":"https:\/\/games.tactic.net\/pl\/wp-json\/wp\/v2\/brand?post=109268"},{"taxonomy":"target-group","embeddable":true,"href":"https:\/\/games.tactic.net\/pl\/wp-json\/wp\/v2\/target-group?post=109268"},{"taxonomy":"discontinued","embeddable":true,"href":"https:\/\/games.tactic.net\/pl\/wp-json\/wp\/v2\/discontinued?post=109268"}],"curies":[{"name":"wp","href":"https:\/\/api.w.org\/{rel}","templated":true}]}}