{"id":105849,"date":"2021-07-01T16:16:26","date_gmt":"2021-07-01T13:16:26","guid":{"rendered":"https:\/\/dev.tactic.net\/tuote\/active-play-giant-tower\/"},"modified":"2023-10-06T18:35:59","modified_gmt":"2023-10-06T15:35:59","slug":"active-play-giant-tower","status":"publish","type":"product","link":"https:\/\/games.tactic.net\/pl\/tuote\/active-play-giant-tower\/","title":{"rendered":"Tactic Active Play Giant Tower gra plenerowa"},"content":{"rendered":"<p>Buduj wie\u017c\u0119, wyci\u0105gaj\u0105c po jednym klocku i k\u0142ad\u0105c go na g\u00f3rze. Uwa\u017caj, bo gracz, kt\u00f3ry spowoduje zawalenie si\u0119 wie\u017cy, odpada z gry! Klasyczna gra dla ca\u0142ej rodziny i ka\u017cdego, komu nie trz\u0119s\u0105 si\u0119 r\u0119ce.<br \/>\nKlasyczna gra w wi\u0119kszym rozmiarze!<br \/>\n\u015awietnie sprawdza si\u0119 w domu i plenerze.<br \/>\nDzi\u0119ki prostym zasadom mo\u017cesz od razu zacz\u0105\u0107 gra\u0107!<\/p>\n","protected":false},"excerpt":{"rendered":"<p>Buduj wie\u017c\u0119, wyci\u0105gaj\u0105c po jednym klocku i k\u0142ad\u0105c go na g\u00f3rze. Uwa\u017caj, bo gracz, kt\u00f3ry spowoduje zawalenie si\u0119 wie\u017cy, odpada z gry! Klasyczna gra dla ca\u0142ej rodziny i ka\u017cdego, komu nie trz\u0119s\u0105 si\u0119 r\u0119ce.<\/p>\n","protected":false},"featured_media":0,"template":"","meta":{"content-type":"","_monsterinsights_skip_tracking":false,"_monsterinsights_sitenote_active":false,"_monsterinsights_sitenote_note":"","_monsterinsights_sitenote_category":0},"product_brand":[],"product_cat":[1803,2011],"product_tag":[1033,1247],"brand":[],"target-group":[],"discontinued":[],"class_list":{"0":"post-105849","1":"product","2":"type-product","3":"status-publish","5":"product_cat-active-play-gry-dla-dzieci","6":"product_cat-active-play-gry-plenerowe-2","7":"product_tag-losowosc","8":"product_tag-strategia-pl","10":"first","11":"instock","12":"taxable","13":"shipping-taxable","14":"product-type-simple"},"aioseo_notices":[],"_links":{"self":[{"href":"https:\/\/games.tactic.net\/pl\/wp-json\/wp\/v2\/product\/105849","targetHints":{"allow":["GET"]}}],"collection":[{"href":"https:\/\/games.tactic.net\/pl\/wp-json\/wp\/v2\/product"}],"about":[{"href":"https:\/\/games.tactic.net\/pl\/wp-json\/wp\/v2\/types\/product"}],"wp:attachment":[{"href":"https:\/\/games.tactic.net\/pl\/wp-json\/wp\/v2\/media?parent=105849"}],"wp:term":[{"taxonomy":"product_brand","embeddable":true,"href":"https:\/\/games.tactic.net\/pl\/wp-json\/wp\/v2\/product_brand?post=105849"},{"taxonomy":"product_cat","embeddable":true,"href":"https:\/\/games.tactic.net\/pl\/wp-json\/wp\/v2\/product_cat?post=105849"},{"taxonomy":"product_tag","embeddable":true,"href":"https:\/\/games.tactic.net\/pl\/wp-json\/wp\/v2\/product_tag?post=105849"},{"taxonomy":"brand","embeddable":true,"href":"https:\/\/games.tactic.net\/pl\/wp-json\/wp\/v2\/brand?post=105849"},{"taxonomy":"target-group","embeddable":true,"href":"https:\/\/games.tactic.net\/pl\/wp-json\/wp\/v2\/target-group?post=105849"},{"taxonomy":"discontinued","embeddable":true,"href":"https:\/\/games.tactic.net\/pl\/wp-json\/wp\/v2\/discontinued?post=105849"}],"curies":[{"name":"wp","href":"https:\/\/api.w.org\/{rel}","templated":true}]}}