{"id":105787,"date":"2021-07-01T16:08:14","date_gmt":"2021-07-01T13:08:14","guid":{"rendered":"https:\/\/dev.tactic.net\/tuote\/active-play-skakanka-z-drewnianymi-raczkami\/"},"modified":"2023-10-17T19:37:45","modified_gmt":"2023-10-17T16:37:45","slug":"active-play-skakanka-z-drewnianymi-raczkami","status":"publish","type":"product","link":"https:\/\/games.tactic.net\/pl\/tuote\/active-play-skakanka-z-drewnianymi-raczkami\/","title":{"rendered":"Tactic Active Play Skakanka z drewnianymi r\u0105czkami gra plenerowa"},"content":{"rendered":"<p>Kolorowa i wysokiej jako\u015bci skakanka zapewniaj\u0105ca sportowy czas zabawy.<br \/>\n\u2022 Drewniane uchwyty.<\/p>\n","protected":false},"excerpt":{"rendered":"<p>Kolorowa i wysokiej jako\u015bci skakanka zapewniaj\u0105ca sportowy czas zabawy.<\/p>\n","protected":false},"featured_media":0,"template":"","meta":{"content-type":"","_monsterinsights_skip_tracking":false,"_monsterinsights_sitenote_active":false,"_monsterinsights_sitenote_note":"","_monsterinsights_sitenote_category":0},"product_brand":[],"product_cat":[1803,2011],"product_tag":[1230,1305],"brand":[],"target-group":[],"discontinued":[],"class_list":{"0":"post-105787","1":"product","2":"type-product","3":"status-publish","5":"product_cat-active-play-gry-dla-dzieci","6":"product_cat-active-play-gry-plenerowe-2","7":"product_tag-dzialanie-pl","8":"product_tag-jednoosobowe","10":"first","11":"outofstock","12":"taxable","13":"shipping-taxable","14":"product-type-simple"},"aioseo_notices":[],"_links":{"self":[{"href":"https:\/\/games.tactic.net\/pl\/wp-json\/wp\/v2\/product\/105787","targetHints":{"allow":["GET"]}}],"collection":[{"href":"https:\/\/games.tactic.net\/pl\/wp-json\/wp\/v2\/product"}],"about":[{"href":"https:\/\/games.tactic.net\/pl\/wp-json\/wp\/v2\/types\/product"}],"wp:attachment":[{"href":"https:\/\/games.tactic.net\/pl\/wp-json\/wp\/v2\/media?parent=105787"}],"wp:term":[{"taxonomy":"product_brand","embeddable":true,"href":"https:\/\/games.tactic.net\/pl\/wp-json\/wp\/v2\/product_brand?post=105787"},{"taxonomy":"product_cat","embeddable":true,"href":"https:\/\/games.tactic.net\/pl\/wp-json\/wp\/v2\/product_cat?post=105787"},{"taxonomy":"product_tag","embeddable":true,"href":"https:\/\/games.tactic.net\/pl\/wp-json\/wp\/v2\/product_tag?post=105787"},{"taxonomy":"brand","embeddable":true,"href":"https:\/\/games.tactic.net\/pl\/wp-json\/wp\/v2\/brand?post=105787"},{"taxonomy":"target-group","embeddable":true,"href":"https:\/\/games.tactic.net\/pl\/wp-json\/wp\/v2\/target-group?post=105787"},{"taxonomy":"discontinued","embeddable":true,"href":"https:\/\/games.tactic.net\/pl\/wp-json\/wp\/v2\/discontinued?post=105787"}],"curies":[{"name":"wp","href":"https:\/\/api.w.org\/{rel}","templated":true}]}}