{"id":105753,"date":"2021-07-01T16:02:37","date_gmt":"2021-07-01T13:02:37","guid":{"rendered":"https:\/\/dev.tactic.net\/tuote\/active-play-gra-plenerowa-gra-plenerowa-puszki-do-zbijania-hit-the-tin\/"},"modified":"2023-10-17T19:33:36","modified_gmt":"2023-10-17T16:33:36","slug":"active-play-gra-plenerowa-gra-plenerowa-puszki-do-zbijania-hit-the-tin","status":"publish","type":"product","link":"https:\/\/games.tactic.net\/pl\/tuote\/active-play-gra-plenerowa-gra-plenerowa-puszki-do-zbijania-hit-the-tin\/","title":{"rendered":"Tactic Active Play Puszki do zbijania gra plenerowa"},"content":{"rendered":"<p>Buduj, celuj i uderzaj! Kto zdob\u0119dzie najlepsze wyniki? Ta klasyczna gra outdoorowa jest odpowiednia zar\u00f3wno dla dzieci, jak i doros\u0142ych. \u2022 W zestawie \u0142atwe do rzucania torebki z p\u0142\u00f3tna. Zawarto\u015b\u0107: 10 puszek, 3 torebki<\/p>\n","protected":false},"excerpt":{"rendered":"<p>Buduj, celuj i uderzaj! Kto zdob\u0119dzie najlepsze wyniki? Ta klasyczna gra outdoorowa jest odpowiednia zar\u00f3wno dla dzieci, jak i doros\u0142ych.<\/p>\n","protected":false},"featured_media":0,"template":"","meta":{"content-type":"","_monsterinsights_skip_tracking":false,"_monsterinsights_sitenote_active":false,"_monsterinsights_sitenote_note":"","_monsterinsights_sitenote_category":0},"product_brand":[],"product_cat":[2011,1803],"product_tag":[1230,1253],"brand":[],"target-group":[],"discontinued":[],"class_list":{"0":"post-105753","1":"product","2":"type-product","3":"status-publish","5":"product_cat-active-play-gry-plenerowe-2","6":"product_cat-active-play-gry-dla-dzieci","7":"product_tag-dzialanie-pl","8":"product_tag-umiejetnosc-pl","10":"first","11":"outofstock","12":"taxable","13":"shipping-taxable","14":"product-type-simple"},"aioseo_notices":[],"_links":{"self":[{"href":"https:\/\/games.tactic.net\/pl\/wp-json\/wp\/v2\/product\/105753","targetHints":{"allow":["GET"]}}],"collection":[{"href":"https:\/\/games.tactic.net\/pl\/wp-json\/wp\/v2\/product"}],"about":[{"href":"https:\/\/games.tactic.net\/pl\/wp-json\/wp\/v2\/types\/product"}],"wp:attachment":[{"href":"https:\/\/games.tactic.net\/pl\/wp-json\/wp\/v2\/media?parent=105753"}],"wp:term":[{"taxonomy":"product_brand","embeddable":true,"href":"https:\/\/games.tactic.net\/pl\/wp-json\/wp\/v2\/product_brand?post=105753"},{"taxonomy":"product_cat","embeddable":true,"href":"https:\/\/games.tactic.net\/pl\/wp-json\/wp\/v2\/product_cat?post=105753"},{"taxonomy":"product_tag","embeddable":true,"href":"https:\/\/games.tactic.net\/pl\/wp-json\/wp\/v2\/product_tag?post=105753"},{"taxonomy":"brand","embeddable":true,"href":"https:\/\/games.tactic.net\/pl\/wp-json\/wp\/v2\/brand?post=105753"},{"taxonomy":"target-group","embeddable":true,"href":"https:\/\/games.tactic.net\/pl\/wp-json\/wp\/v2\/target-group?post=105753"},{"taxonomy":"discontinued","embeddable":true,"href":"https:\/\/games.tactic.net\/pl\/wp-json\/wp\/v2\/discontinued?post=105753"}],"curies":[{"name":"wp","href":"https:\/\/api.w.org\/{rel}","templated":true}]}}