{"id":105706,"date":"2021-07-01T16:00:22","date_gmt":"2021-07-01T13:00:22","guid":{"rendered":"https:\/\/dev.tactic.net\/tuote\/active-play-gra-plenerowa-w-klasy-gabka-21-metra-hop-the-scotch\/"},"modified":"2023-10-17T19:36:38","modified_gmt":"2023-10-17T16:36:38","slug":"active-play-gra-plenerowa-w-klasy-gabka-21-metra-hop-the-scotch","status":"publish","type":"product","link":"https:\/\/games.tactic.net\/pl\/tuote\/active-play-gra-plenerowa-w-klasy-gabka-21-metra-hop-the-scotch\/","title":{"rendered":"Tactic Active Play W klasy g\u0105bka 2,1 metra gra plenerowa"},"content":{"rendered":"<p>Klasyczna gra dla dzieci. Rzu\u0107 znacznikiem na pole i przeskocz przez pola, aby je odzyska\u0107. \u2022 Kolorowe piankowe p\u0142ytki i markery. \u2022 Idealny zar\u00f3wno do wn\u0119trz, jak i na zewn\u0105trz. Zawarto\u015b\u0107: 10 p\u0142ytek piankowych, 4 markery.<\/p>\n","protected":false},"excerpt":{"rendered":"<p>Klasyczna gra dla dzieci. Rzu\u0107 znacznikiem na pole i przeskocz przez pola, aby go odzyska\u0107. Kolorowe piankowe p\u0142ytki i markery. Idealny zar\u00f3wno do wn\u0119trz, jak i na zewn\u0105trz.<\/p>\n","protected":false},"featured_media":0,"template":"","meta":{"content-type":"","_monsterinsights_skip_tracking":false,"_monsterinsights_sitenote_active":false,"_monsterinsights_sitenote_note":"","_monsterinsights_sitenote_category":0},"product_brand":[],"product_cat":[2011,1803],"product_tag":[1230,1253],"brand":[],"target-group":[],"discontinued":[],"class_list":{"0":"post-105706","1":"product","2":"type-product","3":"status-publish","5":"product_cat-active-play-gry-plenerowe-2","6":"product_cat-active-play-gry-dla-dzieci","7":"product_tag-dzialanie-pl","8":"product_tag-umiejetnosc-pl","10":"first","11":"outofstock","12":"taxable","13":"shipping-taxable","14":"product-type-simple"},"aioseo_notices":[],"_links":{"self":[{"href":"https:\/\/games.tactic.net\/pl\/wp-json\/wp\/v2\/product\/105706","targetHints":{"allow":["GET"]}}],"collection":[{"href":"https:\/\/games.tactic.net\/pl\/wp-json\/wp\/v2\/product"}],"about":[{"href":"https:\/\/games.tactic.net\/pl\/wp-json\/wp\/v2\/types\/product"}],"wp:attachment":[{"href":"https:\/\/games.tactic.net\/pl\/wp-json\/wp\/v2\/media?parent=105706"}],"wp:term":[{"taxonomy":"product_brand","embeddable":true,"href":"https:\/\/games.tactic.net\/pl\/wp-json\/wp\/v2\/product_brand?post=105706"},{"taxonomy":"product_cat","embeddable":true,"href":"https:\/\/games.tactic.net\/pl\/wp-json\/wp\/v2\/product_cat?post=105706"},{"taxonomy":"product_tag","embeddable":true,"href":"https:\/\/games.tactic.net\/pl\/wp-json\/wp\/v2\/product_tag?post=105706"},{"taxonomy":"brand","embeddable":true,"href":"https:\/\/games.tactic.net\/pl\/wp-json\/wp\/v2\/brand?post=105706"},{"taxonomy":"target-group","embeddable":true,"href":"https:\/\/games.tactic.net\/pl\/wp-json\/wp\/v2\/target-group?post=105706"},{"taxonomy":"discontinued","embeddable":true,"href":"https:\/\/games.tactic.net\/pl\/wp-json\/wp\/v2\/discontinued?post=105706"}],"curies":[{"name":"wp","href":"https:\/\/api.w.org\/{rel}","templated":true}]}}