{"id":105658,"date":"2021-07-01T15:44:26","date_gmt":"2021-07-01T12:44:26","guid":{"rendered":"https:\/\/dev.tactic.net\/tuote\/active-play-gra-plenerowa-cztery-w-rzedzie-deluxe-kolko-krzyzyk-drewniana-giant-4-in-a-row\/"},"modified":"2023-09-27T20:36:42","modified_gmt":"2023-09-27T17:36:42","slug":"active-play-gra-plenerowa-cztery-w-rzedzie-deluxe-kolko-krzyzyk-drewniana-giant-4-in-a-row","status":"publish","type":"product","link":"https:\/\/games.tactic.net\/pl\/tuote\/active-play-gra-plenerowa-cztery-w-rzedzie-deluxe-kolko-krzyzyk-drewniana-giant-4-in-a-row\/","title":{"rendered":"Tactic Active Play Cztery w rz\u0119dzie Deluxe drewniane gra plenerowa"},"content":{"rendered":"<p>Gigantycznego rozmiaru 4 W RZ\u0118DZIE! Postaraj si\u0119 jako pierwszy ustawi\u0107 cztery dyski tego samego koloru poziomo, pionowo lub po przek\u0105tnej! Po zako\u0144czeniu gry otw\u00f3rz mechanizm blokuj\u0105cy i zwolnij dyski z planszy.<br \/>\n\u2022 \u015awietna i trwa\u0142a jako\u015b\u0107 drewna.<br \/>\nGra dla 2 i wi\u0119cej graczy (dru\u017cyn) w wieku 3+.<\/p>\n","protected":false},"excerpt":{"rendered":"<p>Gigantycznego rozmiaru 4 w rz\u0119dzie 57 x 56 x 28 cm! Postaraj si\u0119 jako pierwszy ustawi\u0107 cztery dyski tego samego koloru poziomo, pionowo lub po przek\u0105tnej! Po zako\u0144czeniu gry otw\u00f3rz mechanizm blokuj\u0105cy i zwolnij dyski z planszy.<\/p>\n","protected":false},"featured_media":0,"template":"","meta":{"content-type":"","_monsterinsights_skip_tracking":false,"_monsterinsights_sitenote_active":false,"_monsterinsights_sitenote_note":"","_monsterinsights_sitenote_category":0},"product_brand":[],"product_cat":[2011,1803],"product_tag":[1234,1247],"brand":[],"target-group":[],"discontinued":[],"class_list":{"0":"post-105658","1":"product","2":"type-product","3":"status-publish","5":"product_cat-active-play-gry-plenerowe-2","6":"product_cat-active-play-gry-dla-dzieci","7":"product_tag-laczenie-pl","8":"product_tag-strategia-pl","10":"first","11":"outofstock","12":"taxable","13":"shipping-taxable","14":"product-type-simple"},"aioseo_notices":[],"_links":{"self":[{"href":"https:\/\/games.tactic.net\/pl\/wp-json\/wp\/v2\/product\/105658","targetHints":{"allow":["GET"]}}],"collection":[{"href":"https:\/\/games.tactic.net\/pl\/wp-json\/wp\/v2\/product"}],"about":[{"href":"https:\/\/games.tactic.net\/pl\/wp-json\/wp\/v2\/types\/product"}],"wp:attachment":[{"href":"https:\/\/games.tactic.net\/pl\/wp-json\/wp\/v2\/media?parent=105658"}],"wp:term":[{"taxonomy":"product_brand","embeddable":true,"href":"https:\/\/games.tactic.net\/pl\/wp-json\/wp\/v2\/product_brand?post=105658"},{"taxonomy":"product_cat","embeddable":true,"href":"https:\/\/games.tactic.net\/pl\/wp-json\/wp\/v2\/product_cat?post=105658"},{"taxonomy":"product_tag","embeddable":true,"href":"https:\/\/games.tactic.net\/pl\/wp-json\/wp\/v2\/product_tag?post=105658"},{"taxonomy":"brand","embeddable":true,"href":"https:\/\/games.tactic.net\/pl\/wp-json\/wp\/v2\/brand?post=105658"},{"taxonomy":"target-group","embeddable":true,"href":"https:\/\/games.tactic.net\/pl\/wp-json\/wp\/v2\/target-group?post=105658"},{"taxonomy":"discontinued","embeddable":true,"href":"https:\/\/games.tactic.net\/pl\/wp-json\/wp\/v2\/discontinued?post=105658"}],"curies":[{"name":"wp","href":"https:\/\/api.w.org\/{rel}","templated":true}]}}