{"id":105567,"date":"2021-07-01T15:40:55","date_gmt":"2021-07-01T12:40:55","guid":{"rendered":"https:\/\/dev.tactic.net\/tuote\/active-play-zabawka-lina-do-skakania-przeciagania-pull-the-rope\/"},"modified":"2023-10-17T19:34:36","modified_gmt":"2023-10-17T16:34:36","slug":"active-play-zabawka-lina-do-skakania-przeciagania-pull-the-rope","status":"publish","type":"product","link":"https:\/\/games.tactic.net\/pl\/tuote\/active-play-zabawka-lina-do-skakania-przeciagania-pull-the-rope\/","title":{"rendered":"Tactic Active Play ZLina do skakania \/ przeci\u0105gania gra plenerowa"},"content":{"rendered":"<p>Zabawna, klasyczna zabawka dla ka\u017cdego. Lina jest d\u0142uga (6m) i doskona\u0142ej jako\u015bci. Mo\u017ce by\u0107 u\u017cywana jako du\u017ca skakanka &#8211; dla grupy dzieci lub jako lina do przeci\u0105gania dla dw\u00f3ch dru\u017cyn. Opakowanie tekturowe z otworem TRY ME.<\/p>\n","protected":false},"excerpt":{"rendered":"<p>Zabawna, klasyczna gra dla ka\u017cdego. Lina jest d\u0142uga (6m) i doskona\u0142ej jako\u015bci.<\/p>\n","protected":false},"featured_media":0,"template":"","meta":{"content-type":"","_monsterinsights_skip_tracking":false,"_monsterinsights_sitenote_active":false,"_monsterinsights_sitenote_note":"","_monsterinsights_sitenote_category":0},"product_brand":[],"product_cat":[2011,1803],"product_tag":[1230],"brand":[],"target-group":[],"discontinued":[],"class_list":{"0":"post-105567","1":"product","2":"type-product","3":"status-publish","5":"product_cat-active-play-gry-plenerowe-2","6":"product_cat-active-play-gry-dla-dzieci","7":"product_tag-dzialanie-pl","9":"first","10":"outofstock","11":"taxable","12":"shipping-taxable","13":"product-type-simple"},"aioseo_notices":[],"_links":{"self":[{"href":"https:\/\/games.tactic.net\/pl\/wp-json\/wp\/v2\/product\/105567","targetHints":{"allow":["GET"]}}],"collection":[{"href":"https:\/\/games.tactic.net\/pl\/wp-json\/wp\/v2\/product"}],"about":[{"href":"https:\/\/games.tactic.net\/pl\/wp-json\/wp\/v2\/types\/product"}],"wp:attachment":[{"href":"https:\/\/games.tactic.net\/pl\/wp-json\/wp\/v2\/media?parent=105567"}],"wp:term":[{"taxonomy":"product_brand","embeddable":true,"href":"https:\/\/games.tactic.net\/pl\/wp-json\/wp\/v2\/product_brand?post=105567"},{"taxonomy":"product_cat","embeddable":true,"href":"https:\/\/games.tactic.net\/pl\/wp-json\/wp\/v2\/product_cat?post=105567"},{"taxonomy":"product_tag","embeddable":true,"href":"https:\/\/games.tactic.net\/pl\/wp-json\/wp\/v2\/product_tag?post=105567"},{"taxonomy":"brand","embeddable":true,"href":"https:\/\/games.tactic.net\/pl\/wp-json\/wp\/v2\/brand?post=105567"},{"taxonomy":"target-group","embeddable":true,"href":"https:\/\/games.tactic.net\/pl\/wp-json\/wp\/v2\/target-group?post=105567"},{"taxonomy":"discontinued","embeddable":true,"href":"https:\/\/games.tactic.net\/pl\/wp-json\/wp\/v2\/discontinued?post=105567"}],"curies":[{"name":"wp","href":"https:\/\/api.w.org\/{rel}","templated":true}]}}