{"id":105510,"date":"2021-07-01T15:38:21","date_gmt":"2021-07-01T12:38:21","guid":{"rendered":"https:\/\/dev.tactic.net\/tuote\/active-play-gra-plenerowa-kolka-do-rzucania-ring-toss-game\/"},"modified":"2023-09-27T20:35:30","modified_gmt":"2023-09-27T17:35:30","slug":"active-play-gra-plenerowa-kolka-do-rzucania-ring-toss-game","status":"publish","type":"product","link":"https:\/\/games.tactic.net\/pl\/tuote\/active-play-gra-plenerowa-kolka-do-rzucania-ring-toss-game\/","title":{"rendered":"Tactic Active Play K\u00f3\u0142ka do Rzucania gra plenerowa"},"content":{"rendered":"<p>Przygotuj si\u0119, celuj i rzucaj! Z tej drewnianej gry mo\u017ce korzysta\u0107 ca\u0142a rodzina. \u2022 Klasyczna zabawa na \u015bwie\u017cym powietrzu w ka\u017cdym ogrodzie i parku! \u2022 Proste zasady gwarantuj\u0105, \u017ce nawet najm\u0142odsi gracze b\u0119d\u0105 si\u0119 dobrze bawi\u0107. Zawarto\u015b\u0107: 2-cz\u0119\u015bciowa drewniana podstawa, 5 sznurk\u00f3w, 5 drewnianych ko\u0142k\u00f3w.<\/p>\n","protected":false},"excerpt":{"rendered":"<p>Przygotuj si\u0119, celuj i rzucaj! Z tej drewnianej gry mo\u017ce korzysta\u0107 ca\u0142a rodzina. Klasyczna zabawa na \u015bwie\u017cym powietrzu w ka\u017cdym ogrodzie i parku! Proste zasady gwarantuj\u0105, \u017ce nawet najm\u0142odsi gracze b\u0119d\u0105 si\u0119 dobrze bawi\u0107.<\/p>\n","protected":false},"featured_media":0,"template":"","meta":{"content-type":"","_monsterinsights_skip_tracking":false,"_monsterinsights_sitenote_active":false,"_monsterinsights_sitenote_note":"","_monsterinsights_sitenote_category":0},"product_brand":[],"product_cat":[2011,1803],"product_tag":[341,385],"brand":[],"target-group":[],"discontinued":[],"class_list":{"0":"post-105510","1":"product","2":"type-product","3":"status-publish","5":"product_cat-active-play-gry-plenerowe-2","6":"product_cat-active-play-gry-dla-dzieci","7":"product_tag-dzialanie","8":"product_tag-umiejetnosc","10":"first","11":"instock","12":"taxable","13":"shipping-taxable","14":"product-type-simple"},"aioseo_notices":[],"_links":{"self":[{"href":"https:\/\/games.tactic.net\/pl\/wp-json\/wp\/v2\/product\/105510","targetHints":{"allow":["GET"]}}],"collection":[{"href":"https:\/\/games.tactic.net\/pl\/wp-json\/wp\/v2\/product"}],"about":[{"href":"https:\/\/games.tactic.net\/pl\/wp-json\/wp\/v2\/types\/product"}],"wp:attachment":[{"href":"https:\/\/games.tactic.net\/pl\/wp-json\/wp\/v2\/media?parent=105510"}],"wp:term":[{"taxonomy":"product_brand","embeddable":true,"href":"https:\/\/games.tactic.net\/pl\/wp-json\/wp\/v2\/product_brand?post=105510"},{"taxonomy":"product_cat","embeddable":true,"href":"https:\/\/games.tactic.net\/pl\/wp-json\/wp\/v2\/product_cat?post=105510"},{"taxonomy":"product_tag","embeddable":true,"href":"https:\/\/games.tactic.net\/pl\/wp-json\/wp\/v2\/product_tag?post=105510"},{"taxonomy":"brand","embeddable":true,"href":"https:\/\/games.tactic.net\/pl\/wp-json\/wp\/v2\/brand?post=105510"},{"taxonomy":"target-group","embeddable":true,"href":"https:\/\/games.tactic.net\/pl\/wp-json\/wp\/v2\/target-group?post=105510"},{"taxonomy":"discontinued","embeddable":true,"href":"https:\/\/games.tactic.net\/pl\/wp-json\/wp\/v2\/discontinued?post=105510"}],"curies":[{"name":"wp","href":"https:\/\/api.w.org\/{rel}","templated":true}]}}