{"id":100717,"date":"2021-06-28T17:45:30","date_gmt":"2021-06-28T14:45:30","guid":{"rendered":"https:\/\/dev.tactic.net\/tuote\/lumo-stars-bear-raspberry-mini\/"},"modified":"2023-10-20T10:53:46","modified_gmt":"2023-10-20T07:53:46","slug":"lumo-stars-bear-raspberry-mini","status":"publish","type":"product","link":"https:\/\/games.tactic.net\/pl\/tuote\/lumo-stars-bear-raspberry-mini\/","title":{"rendered":"Lumo Stars Bear Raspberry mini plush"},"content":{"rendered":"<p>Mini 8,5 cm. Pluszowe zwierz\u0105tko do kolekcjonowania. Szcz\u0119\u015bliwa, przytulna, przyjazna, mi\u0142a i urocza. U\u015bmiechamy si\u0119 wi\u0119cej! Urocza kolekcja plusz\u00f3w Northern Brights oparta jest na prawdziwej nordyckiej naturze i dzikiej przyrodzie. Czysty fi\u0144ski design. Mniam! Krzewy malin s\u0105 du\u017ce, a niekt\u00f3re maj\u0105 kolce, ale ja uwielbiam je wszystkie! www.lumostars.com<\/p>\n","protected":false},"excerpt":{"rendered":"<p>Mini 8,5 cm.<\/p>\n","protected":false},"featured_media":0,"template":"","meta":{"content-type":"","_monsterinsights_skip_tracking":false,"_monsterinsights_sitenote_active":false,"_monsterinsights_sitenote_note":"","_monsterinsights_sitenote_category":0},"product_brand":[],"product_cat":[1790],"product_tag":[1260],"brand":[{"id":1023,"name":"Lumo Stars","slug":"lumo-stars_pl"}],"target-group":[],"discontinued":[],"class_list":{"0":"post-100717","1":"product","2":"type-product","3":"status-publish","5":"product_cat-mini-zabawki-pluszowe","6":"product_tag-lumo-stars-pl","7":"brand-lumo-stars_pl","9":"first","10":"instock","11":"taxable","12":"shipping-taxable","13":"product-type-simple"},"aioseo_notices":[],"_links":{"self":[{"href":"https:\/\/games.tactic.net\/pl\/wp-json\/wp\/v2\/product\/100717","targetHints":{"allow":["GET"]}}],"collection":[{"href":"https:\/\/games.tactic.net\/pl\/wp-json\/wp\/v2\/product"}],"about":[{"href":"https:\/\/games.tactic.net\/pl\/wp-json\/wp\/v2\/types\/product"}],"wp:attachment":[{"href":"https:\/\/games.tactic.net\/pl\/wp-json\/wp\/v2\/media?parent=100717"}],"wp:term":[{"taxonomy":"product_brand","embeddable":true,"href":"https:\/\/games.tactic.net\/pl\/wp-json\/wp\/v2\/product_brand?post=100717"},{"taxonomy":"product_cat","embeddable":true,"href":"https:\/\/games.tactic.net\/pl\/wp-json\/wp\/v2\/product_cat?post=100717"},{"taxonomy":"product_tag","embeddable":true,"href":"https:\/\/games.tactic.net\/pl\/wp-json\/wp\/v2\/product_tag?post=100717"},{"taxonomy":"brand","embeddable":true,"href":"https:\/\/games.tactic.net\/pl\/wp-json\/wp\/v2\/brand?post=100717"},{"taxonomy":"target-group","embeddable":true,"href":"https:\/\/games.tactic.net\/pl\/wp-json\/wp\/v2\/target-group?post=100717"},{"taxonomy":"discontinued","embeddable":true,"href":"https:\/\/games.tactic.net\/pl\/wp-json\/wp\/v2\/discontinued?post=100717"}],"curies":[{"name":"wp","href":"https:\/\/api.w.org\/{rel}","templated":true}]}}