{"id":53832,"date":"2020-03-04T09:50:45","date_gmt":"2020-03-04T07:50:45","guid":{"rendered":"https:\/\/dev.tactic.net\/tactic\/vastuullisuus\/"},"modified":"2023-11-30T13:03:18","modified_gmt":"2023-11-30T11:03:18","slug":"odpowiedzialnosc","status":"publish","type":"page","link":"https:\/\/games.tactic.net\/pl\/tactic\/odpowiedzialnosc\/","title":{"rendered":"Odpowiedzialno\u015b\u0107"},"content":{"rendered":"\t\t<div data-elementor-type=\"wp-page\" data-elementor-id=\"53832\" class=\"elementor elementor-53832 elementor-11078\" data-elementor-post-type=\"page\">\n\t\t\t\t\t\t<section class=\"elementor-section elementor-top-section elementor-element elementor-element-229fd3d elementor-section-boxed elementor-section-height-default elementor-section-height-default\" data-id=\"229fd3d\" data-element_type=\"section\" data-e-type=\"section\">\n\t\t\t\t\t\t<div class=\"elementor-container elementor-column-gap-default\">\n\t\t\t\t\t<div class=\"elementor-column elementor-col-100 elementor-top-column elementor-element elementor-element-46bc73b\" data-id=\"46bc73b\" data-element_type=\"column\" data-e-type=\"column\">\n\t\t\t<div class=\"elementor-widget-wrap elementor-element-populated\">\n\t\t\t\t\t\t<div class=\"elementor-element elementor-element-299b429 elementor-widget elementor-widget-heading\" data-id=\"299b429\" data-element_type=\"widget\" data-e-type=\"widget\" data-widget_type=\"heading.default\">\n\t\t\t\t<div class=\"elementor-widget-container\">\n\t\t\t\t\t<h2 class=\"elementor-heading-title elementor-size-default\">Odpowiedzialno\u015b\u0107<\/h2>\t\t\t\t<\/div>\n\t\t\t\t<\/div>\n\t\t\t\t\t<\/div>\n\t\t<\/div>\n\t\t\t\t\t<\/div>\n\t\t<\/section>\n\t\t\t\t<section class=\"elementor-section elementor-top-section elementor-element elementor-element-fdf30dd elementor-section-boxed elementor-section-height-default elementor-section-height-default\" data-id=\"fdf30dd\" data-element_type=\"section\" data-e-type=\"section\">\n\t\t\t\t\t\t<div class=\"elementor-container elementor-column-gap-default\">\n\t\t\t\t\t<div class=\"elementor-column elementor-col-100 elementor-top-column elementor-element elementor-element-8eb66dc\" data-id=\"8eb66dc\" data-element_type=\"column\" data-e-type=\"column\">\n\t\t\t<div class=\"elementor-widget-wrap elementor-element-populated\">\n\t\t\t\t\t\t<div class=\"elementor-element elementor-element-a4bab3a elementor-widget elementor-widget-heading\" data-id=\"a4bab3a\" data-element_type=\"widget\" data-e-type=\"widget\" data-widget_type=\"heading.default\">\n\t\t\t\t<div class=\"elementor-widget-container\">\n\t\t\t\t\t<h1 class=\"elementor-heading-title elementor-size-default\">Najbardziej ekologiczny producent gier w Skandynawii.<\/h1>\t\t\t\t<\/div>\n\t\t\t\t<\/div>\n\t\t\t\t\t<\/div>\n\t\t<\/div>\n\t\t\t\t\t<\/div>\n\t\t<\/section>\n\t\t\t\t<section class=\"elementor-section elementor-top-section elementor-element elementor-element-3107b84 elementor-section-boxed elementor-section-height-default elementor-section-height-default\" data-id=\"3107b84\" data-element_type=\"section\" data-e-type=\"section\">\n\t\t\t\t\t\t<div class=\"elementor-container elementor-column-gap-default\">\n\t\t\t\t\t<div class=\"elementor-column elementor-col-100 elementor-top-column elementor-element elementor-element-06565f9\" data-id=\"06565f9\" data-element_type=\"column\" data-e-type=\"column\">\n\t\t\t<div class=\"elementor-widget-wrap elementor-element-populated\">\n\t\t\t\t\t\t<div class=\"elementor-element elementor-element-7ec8949 elementor-widget elementor-widget-text-editor\" data-id=\"7ec8949\" data-element_type=\"widget\" data-e-type=\"widget\" data-widget_type=\"text-editor.default\">\n\t\t\t\t<div class=\"elementor-widget-container\">\n\t\t\t\t\t\t\t\t\t<p>Odpowiedzialno\u015b\u0107 oznacza podejmowanie konkretnych dzia\u0142a\u0144 na ka\u017cdym kroku, poczynaj\u0105c od produkcji gry w fabryce, a\u017c do dostarczenia jej na Tw\u00f3j stolik. Czerpiemy dum\u0119 z naszych wysokich nordyckich standard\u00f3w jako\u015bci, specjalistycznego know-how i z odpowiedzialnego podej\u015bcia do kwestii \u015brodowiskowych.<\/p><p>Fi\u0144ski design jest odporny zar\u00f3wno na up\u0142yw czasu, jak i zu\u017cycie. Takie samo podej\u015bcie mamy r\u00f3wnie\u017c do naszych gier i zabawek. W produkcji w przewa\u017caj\u0105cej wi\u0119kszo\u015bci wykorzystujemy karton i plastik z recyclingu. Na ka\u017cdym kroku, pocz\u0105wszy od fazy planowania, d\u0105\u017cymy do tego, by zredukowa\u0107 ilo\u015b\u0107 plastiku, np. w opakowaniach czy w taliach kart. Dzi\u0119ki temu, \u017ce sami odpowiadamy za produkcj\u0119, wiemy, sk\u0105d pochodz\u0105 wszystkie materia\u0142y, kt\u00f3rych u\u017cywamy. Uwa\u017cnie obserwujemy r\u00f3wnie\u017c nasz \u015blad w\u0119glowy, zapewniaj\u0105c jednocze\u015bnie szybk\u0105 i bezpieczn\u0105 dostaw\u0119 produkt\u00f3w bezpo\u015brednio z naszego magazynu w Pori w Finlandii.<\/p><p>Nasze zasady etyczne poci\u0105gaj\u0105 za sob\u0105 bardzo odpowiedzialne podej\u015bcie do \u015brodowiska, produkcji, jako\u015bci technicznej, humanitaryzmu i zatrudniania. W produkcj\u0119 zaanga\u017cowanych jest ponad 100 pracownik\u00f3w, a jako odpowiedzialny pracodawca dbamy nie tylko o jako\u015b\u0107 naszych produkt\u00f3w, ale te\u017c o odpowiednie warunki pracy. Wszyscy nasi podwykonawcy i ca\u0142y \u0142a\u0144cuch dostaw zobowi\u0105zany jest do przestrzegania naszych bezkompromisowych zasad etycznych. Jeste\u015bmy dumni ze wsp\u00f3lnych projekt\u00f3w realizowanych z lokalnymi przedsi\u0119biorstwami. Bo razem jeste\u015bmy silniejsi!<\/p>\t\t\t\t\t\t\t\t<\/div>\n\t\t\t\t<\/div>\n\t\t\t\t<div class=\"elementor-element elementor-element-928ca0a elementor-widget-divider--view-line elementor-widget elementor-widget-divider\" data-id=\"928ca0a\" data-element_type=\"widget\" data-e-type=\"widget\" data-widget_type=\"divider.default\">\n\t\t\t\t<div class=\"elementor-widget-container\">\n\t\t\t\t\t\t\t<div class=\"elementor-divider\">\n\t\t\t<span class=\"elementor-divider-separator\">\n\t\t\t\t\t\t<\/span>\n\t\t<\/div>\n\t\t\t\t\t\t<\/div>\n\t\t\t\t<\/div>\n\t\t\t\t\t<\/div>\n\t\t<\/div>\n\t\t\t\t\t<\/div>\n\t\t<\/section>\n\t\t\t\t<section class=\"elementor-section elementor-top-section elementor-element elementor-element-823e397 elementor-section-boxed elementor-section-height-default elementor-section-height-default\" data-id=\"823e397\" data-element_type=\"section\" data-e-type=\"section\">\n\t\t\t\t\t\t<div class=\"elementor-container elementor-column-gap-default\">\n\t\t\t\t\t<div class=\"elementor-column elementor-col-100 elementor-top-column elementor-element elementor-element-289dd6e\" data-id=\"289dd6e\" data-element_type=\"column\" data-e-type=\"column\">\n\t\t\t<div class=\"elementor-widget-wrap elementor-element-populated\">\n\t\t\t\t\t\t<div class=\"elementor-element elementor-element-4ec67c3 elementor-widget elementor-widget-text-editor\" data-id=\"4ec67c3\" data-element_type=\"widget\" data-e-type=\"widget\" data-widget_type=\"text-editor.default\">\n\t\t\t\t<div class=\"elementor-widget-container\">\n\t\t\t\t\t\t\t\t\t<p><strong>Nasza firma Tactic Games OY uzyska\u0142a w 2021 r. certyfikat FSC\u00ae<\/strong><\/p><p>FSC\u00ae to certyfikat ciesz\u0105cy si\u0119 najwi\u0119kszym na \u015bwiecie zaufaniem w zakresie zr\u00f3wnowa\u017conego rozwoju, dotycz\u0105cy pochodzenia materia\u0142\u00f3w le\u015bnych, utrzymywany przez mi\u0119dzynarodow\u0105 organizacj\u0119 Forest Stewardship Council\u00ae.<\/p><p>W pa\u017adzierniku 2021 r. certyfikat ten otrzyma\u0142a fabryka Tactic Games zlokalizowana w Finlandii. Odznaczenie zosta\u0142o nadane przez Kiwa Inspecta.<\/p><p>\u00a0<\/p><p><strong>Produkcja drewnianych gier i zabawek w fabryce Tactic Games w Pori (Finlandia) otrzyma\u0142a certyfikat PEFC\u2122 w 2022 r.<\/strong><\/p><p>Etykieta PEFC\u2122 po\u015bwiadcza, \u017ce produkt zosta\u0142 wytworzony z drewna pozyskanego z identyfikowalnych \u017ar\u00f3de\u0142: las\u00f3w zarz\u0105dzanych w spos\u00f3b zr\u00f3wnowa\u017cony. Jest to swoiste zapewnienie dla Konsumenta o odpowiedzialnym pochodzeniu u\u017cytych do produkcji surowc\u00f3w.<\/p>\t\t\t\t\t\t\t\t<\/div>\n\t\t\t\t<\/div>\n\t\t\t\t<div class=\"elementor-element elementor-element-139f012 elementor-widget-divider--view-line elementor-widget elementor-widget-divider\" data-id=\"139f012\" data-element_type=\"widget\" data-e-type=\"widget\" data-widget_type=\"divider.default\">\n\t\t\t\t<div class=\"elementor-widget-container\">\n\t\t\t\t\t\t\t<div class=\"elementor-divider\">\n\t\t\t<span class=\"elementor-divider-separator\">\n\t\t\t\t\t\t<\/span>\n\t\t<\/div>\n\t\t\t\t\t\t<\/div>\n\t\t\t\t<\/div>\n\t\t\t\t\t<\/div>\n\t\t<\/div>\n\t\t\t\t\t<\/div>\n\t\t<\/section>\n\t\t\t\t<section class=\"elementor-section elementor-top-section elementor-element elementor-element-a9e4ce1 elementor-section-boxed elementor-section-height-default elementor-section-height-default\" data-id=\"a9e4ce1\" data-element_type=\"section\" data-e-type=\"section\">\n\t\t\t\t\t\t<div class=\"elementor-container elementor-column-gap-default\">\n\t\t\t\t\t<div class=\"elementor-column elementor-col-33 elementor-top-column elementor-element elementor-element-a118fa7\" data-id=\"a118fa7\" data-element_type=\"column\" data-e-type=\"column\">\n\t\t\t<div class=\"elementor-widget-wrap elementor-element-populated\">\n\t\t\t\t\t\t<div class=\"elementor-element elementor-element-60c7337 elementor-widget elementor-widget-image\" data-id=\"60c7337\" data-element_type=\"widget\" data-e-type=\"widget\" data-widget_type=\"image.default\">\n\t\t\t\t<div class=\"elementor-widget-container\">\n\t\t\t\t\t\t\t\t\t\t\t\t\t\t\t<img decoding=\"async\" width=\"140\" height=\"200\" src=\"https:\/\/games.tactic.net\/wp-content\/uploads\/2020\/03\/avainlippu.png\" class=\"attachment-medium size-medium wp-image-11097\" alt=\"\" \/>\t\t\t\t\t\t\t\t\t\t\t\t\t\t\t<\/div>\n\t\t\t\t<\/div>\n\t\t\t\t\t<\/div>\n\t\t<\/div>\n\t\t\t\t<div class=\"elementor-column elementor-col-66 elementor-top-column elementor-element elementor-element-7a0fb4e\" data-id=\"7a0fb4e\" data-element_type=\"column\" data-e-type=\"column\">\n\t\t\t<div class=\"elementor-widget-wrap elementor-element-populated\">\n\t\t\t\t\t\t<div class=\"elementor-element elementor-element-8e2ef6c elementor-widget elementor-widget-text-editor\" data-id=\"8e2ef6c\" data-element_type=\"widget\" data-e-type=\"widget\" data-widget_type=\"text-editor.default\">\n\t\t\t\t<div class=\"elementor-widget-container\">\n\t\t\t\t\t\t\t\t\t<p><strong>Wyprodukowano w Finlandii<\/strong><\/p><p>Symbol Finnish Key Flag zach\u0119ca do zastanowienia si\u0119 nad swoimi decyzjami zakupowymi. Produkt wykonany w Finlandii jest wyborem etycznym, ekologicznym i odpowiedzialnym. Nasze gry planszowe projektowane s\u0105 przez fi\u0144skich ekspert\u00f3w i wytwarzane w naszej w\u0142asnej fabryce w Pori. Historia produktu pochodz\u0105cego z Finlandii jest du\u017co bardziej przejrzysta, ni\u017c historia produktu wytworzonego przy udziale taniej si\u0142y roboczej.<\/p><p>Dowiedz si\u0119 wi\u0119cej! <a href=\"https:\/\/suomalainentyo.fi\/en\/\" target=\"_blank\" rel=\"noopener\">&gt;&gt;&gt; suomalainentyo.fi\/en<\/a><\/p>\t\t\t\t\t\t\t\t<\/div>\n\t\t\t\t<\/div>\n\t\t\t\t\t<\/div>\n\t\t<\/div>\n\t\t\t\t\t<\/div>\n\t\t<\/section>\n\t\t\t\t<section class=\"elementor-section elementor-top-section elementor-element elementor-element-a471799 elementor-section-boxed elementor-section-height-default elementor-section-height-default\" data-id=\"a471799\" data-element_type=\"section\" data-e-type=\"section\">\n\t\t\t\t\t\t<div class=\"elementor-container elementor-column-gap-default\">\n\t\t\t\t\t<div class=\"elementor-column elementor-col-100 elementor-top-column elementor-element elementor-element-c49e79f\" data-id=\"c49e79f\" data-element_type=\"column\" data-e-type=\"column\">\n\t\t\t<div class=\"elementor-widget-wrap elementor-element-populated\">\n\t\t\t\t\t\t<div class=\"elementor-element elementor-element-9bb035f elementor-widget-divider--view-line elementor-widget elementor-widget-divider\" data-id=\"9bb035f\" data-element_type=\"widget\" data-e-type=\"widget\" data-widget_type=\"divider.default\">\n\t\t\t\t<div class=\"elementor-widget-container\">\n\t\t\t\t\t\t\t<div class=\"elementor-divider\">\n\t\t\t<span class=\"elementor-divider-separator\">\n\t\t\t\t\t\t<\/span>\n\t\t<\/div>\n\t\t\t\t\t\t<\/div>\n\t\t\t\t<\/div>\n\t\t\t\t\t<\/div>\n\t\t<\/div>\n\t\t\t\t\t<\/div>\n\t\t<\/section>\n\t\t\t\t<section class=\"elementor-section elementor-top-section elementor-element elementor-element-6164b06 elementor-section-boxed elementor-section-height-default elementor-section-height-default\" data-id=\"6164b06\" data-element_type=\"section\" data-e-type=\"section\">\n\t\t\t\t\t\t<div class=\"elementor-container elementor-column-gap-default\">\n\t\t\t\t\t<div class=\"elementor-column elementor-col-100 elementor-top-column elementor-element elementor-element-18df893\" data-id=\"18df893\" data-element_type=\"column\" data-e-type=\"column\">\n\t\t\t<div class=\"elementor-widget-wrap elementor-element-populated\">\n\t\t\t\t\t\t<div class=\"elementor-element elementor-element-8dd9d3e elementor-widget elementor-widget-heading\" data-id=\"8dd9d3e\" data-element_type=\"widget\" data-e-type=\"widget\" data-widget_type=\"heading.default\">\n\t\t\t\t<div class=\"elementor-widget-container\">\n\t\t\t\t\t<h1 class=\"elementor-heading-title elementor-size-default\">Kto za tym stoi<\/h1>\t\t\t\t<\/div>\n\t\t\t\t<\/div>\n\t\t\t\t\t<\/div>\n\t\t<\/div>\n\t\t\t\t\t<\/div>\n\t\t<\/section>\n\t\t\t\t<section class=\"elementor-section elementor-top-section elementor-element elementor-element-414e36a elementor-section-boxed elementor-section-height-default elementor-section-height-default\" data-id=\"414e36a\" data-element_type=\"section\" data-e-type=\"section\">\n\t\t\t\t\t\t<div class=\"elementor-container elementor-column-gap-default\">\n\t\t\t\t\t<div class=\"elementor-column elementor-col-100 elementor-top-column elementor-element elementor-element-79fa9ec\" data-id=\"79fa9ec\" data-element_type=\"column\" data-e-type=\"column\">\n\t\t\t<div class=\"elementor-widget-wrap elementor-element-populated\">\n\t\t\t\t\t\t<div class=\"elementor-element elementor-element-c11975f elementor-skin-carousel elementor-arrows-yes elementor-pagination-type-bullets elementor-pagination-position-outside elementor-widget elementor-widget-media-carousel\" data-id=\"c11975f\" data-element_type=\"widget\" data-e-type=\"widget\" data-settings=\"{&quot;skin&quot;:&quot;carousel&quot;,&quot;effect&quot;:&quot;slide&quot;,&quot;show_arrows&quot;:&quot;yes&quot;,&quot;pagination&quot;:&quot;bullets&quot;,&quot;speed&quot;:500,&quot;loop&quot;:&quot;yes&quot;,&quot;space_between&quot;:{&quot;unit&quot;:&quot;px&quot;,&quot;size&quot;:10,&quot;sizes&quot;:[]},&quot;space_between_tablet&quot;:{&quot;unit&quot;:&quot;px&quot;,&quot;size&quot;:10,&quot;sizes&quot;:[]},&quot;space_between_mobile&quot;:{&quot;unit&quot;:&quot;px&quot;,&quot;size&quot;:10,&quot;sizes&quot;:[]}}\" data-widget_type=\"media-carousel.default\">\n\t\t\t\t<div class=\"elementor-widget-container\">\n\t\t\t\t\t\t\t\t\t<div class=\"elementor-swiper\">\n\t\t\t\t\t<div class=\"elementor-main-swiper swiper\" role=\"region\" aria-roledescription=\"carousel\" aria-label=\"Slajdy\">\n\t\t\t\t<div class=\"swiper-wrapper\">\n\t\t\t\t\t\t\t\t\t\t\t<div class=\"swiper-slide\" role=\"group\" aria-roledescription=\"slide\">\n\t\t\t\t\t\t\t<a href=\"https:\/\/games.tactic.net\/wp-content\/uploads\/2020\/04\/Tactic_henkil\u00f6kunta_2017_2-1024x746-1.jpg\" data-elementor-open-lightbox=\"yes\" data-elementor-lightbox-slideshow=\"c11975f\" data-e-action-hash=\"#elementor-action%3Aaction%3Dlightbox%26settings%3DeyJpZCI6NDY2MzQsInVybCI6Imh0dHBzOlwvXC9nYW1lcy50YWN0aWMubmV0XC93cC1jb250ZW50XC91cGxvYWRzXC8yMDIwXC8wNFwvVGFjdGljX2hlbmtpbFx1MDBmNmt1bnRhXzIwMTdfMi0xMDI0eDc0Ni0xLmpwZyIsInNsaWRlc2hvdyI6ImMxMTk3NWYifQ%3D%3D\">\t\t<div class=\"elementor-carousel-image\" role=\"img\" aria-label=\"Tactic_henkil\u00f6kunta_2017_2-1024x746\" style=\"background-image: url(&#039;https:\/\/games.tactic.net\/wp-content\/uploads\/2020\/04\/Tactic_henkil\u00f6kunta_2017_2-1024x746-1.jpg&#039;)\">\n\n\t\t\t\n\t\t\t\t\t<\/div>\n\t\t<\/a>\t\t\t\t\t\t<\/div>\n\t\t\t\t\t\t\t\t\t\t\t<div class=\"swiper-slide\" role=\"group\" aria-roledescription=\"slide\">\n\t\t\t\t\t\t\t<a href=\"https:\/\/games.tactic.net\/wp-content\/uploads\/2020\/02\/ihmisetpelientakana.png\" data-elementor-open-lightbox=\"yes\" data-elementor-lightbox-slideshow=\"c11975f\" data-e-action-hash=\"#elementor-action%3Aaction%3Dlightbox%26settings%3DeyJpZCI6MTAzOTgsInVybCI6Imh0dHBzOlwvXC9nYW1lcy50YWN0aWMubmV0XC93cC1jb250ZW50XC91cGxvYWRzXC8yMDIwXC8wMlwvaWhtaXNldHBlbGllbnRha2FuYS5wbmciLCJzbGlkZXNob3ciOiJjMTE5NzVmIn0%3D\" data-elementor-lightbox-video=\"https:\/\/www.youtube.com\/embed\/sRlEAAN1QXw?feature=oembed&amp;autoplay=1&amp;rel=0&amp;controls=0\">\t\t<div class=\"elementor-carousel-image\" role=\"img\" aria-label=\"Ihmiset pelien takana\" style=\"background-image: url(&#039;https:\/\/games.tactic.net\/wp-content\/uploads\/2020\/02\/ihmisetpelientakana.png&#039;)\">\n\n\t\t\t\n\t\t\t\t\t\t\t<div class=\"elementor-custom-embed-play\">\n\t\t\t\t\t<i aria-hidden=\"true\" class=\"eicon-play\"><\/i>\t\t\t\t\t<span class=\"elementor-screen-only\">Play<\/span>\n\t\t\t\t<\/div>\n\t\t\t\t\t<\/div>\n\t\t<\/a>\t\t\t\t\t\t<\/div>\n\t\t\t\t\t\t\t\t\t<\/div>\n\t\t\t\t\t\t\t\t\t\t\t\t\t\t\t<div class=\"elementor-swiper-button elementor-swiper-button-prev\" role=\"button\" tabindex=\"0\" aria-label=\"Poprzedni\">\n\t\t\t\t\t\t\t<i aria-hidden=\"true\" class=\"eicon-chevron-left\"><\/i>\t\t\t\t\t\t<\/div>\n\t\t\t\t\t\t<div class=\"elementor-swiper-button elementor-swiper-button-next\" role=\"button\" tabindex=\"0\" aria-label=\"Nast\u0119pny\">\n\t\t\t\t\t\t\t<i aria-hidden=\"true\" class=\"eicon-chevron-right\"><\/i>\t\t\t\t\t\t<\/div>\n\t\t\t\t\t\t\t\t\t\t\t\t\t\t\t\t<div class=\"swiper-pagination\"><\/div>\n\t\t\t\t\t\t\t\t\t\t\t\t<\/div>\n\t\t\t\t<\/div>\n\t\t\t\t\t\t\t\t<\/div>\n\t\t\t\t<\/div>\n\t\t\t\t\t<\/div>\n\t\t<\/div>\n\t\t\t\t\t<\/div>\n\t\t<\/section>\n\t\t\t\t<section class=\"elementor-section elementor-top-section elementor-element elementor-element-89ed565 elementor-section-boxed elementor-section-height-default elementor-section-height-default\" data-id=\"89ed565\" data-element_type=\"section\" data-e-type=\"section\">\n\t\t\t\t\t\t<div class=\"elementor-container elementor-column-gap-default\">\n\t\t\t\t\t<div class=\"elementor-column elementor-col-100 elementor-top-column elementor-element elementor-element-3c09338\" data-id=\"3c09338\" data-element_type=\"column\" data-e-type=\"column\">\n\t\t\t<div class=\"elementor-widget-wrap elementor-element-populated\">\n\t\t\t\t\t\t<div class=\"elementor-element elementor-element-78c6999 elementor-widget elementor-widget-spacer\" data-id=\"78c6999\" data-element_type=\"widget\" data-e-type=\"widget\" data-widget_type=\"spacer.default\">\n\t\t\t\t<div class=\"elementor-widget-container\">\n\t\t\t\t\t\t\t<div class=\"elementor-spacer\">\n\t\t\t<div class=\"elementor-spacer-inner\"><\/div>\n\t\t<\/div>\n\t\t\t\t\t\t<\/div>\n\t\t\t\t<\/div>\n\t\t\t\t\t<\/div>\n\t\t<\/div>\n\t\t\t\t\t<\/div>\n\t\t<\/section>\n\t\t\t\t<\/div>\n\t\t","protected":false},"excerpt":{"rendered":"<p>Odpowiedzialno\u015b\u0107 Najbardziej ekologiczny producent gier w Skandynawii. Odpowiedzialno\u015b\u0107 oznacza podejmowanie konkretnych dzia\u0142a\u0144 na ka\u017cdym kroku, poczynaj\u0105c od produkcji gry w fabryce, a\u017c do dostarczenia jej na Tw\u00f3j stolik. Czerpiemy dum\u0119 z naszych wysokich nordyckich standard\u00f3w jako\u015bci, specjalistycznego know-how i z odpowiedzialnego podej\u015bcia do kwestii \u015brodowiskowych. Fi\u0144ski design jest odporny zar\u00f3wno na up\u0142yw czasu, jak i [&hellip;]<\/p>\n","protected":false},"author":2,"featured_media":0,"parent":53804,"menu_order":2,"comment_status":"closed","ping_status":"closed","template":"","meta":{"content-type":"","_monsterinsights_skip_tracking":false,"_monsterinsights_sitenote_active":false,"_monsterinsights_sitenote_note":"","_monsterinsights_sitenote_category":0,"footnotes":""},"class_list":["post-53832","page","type-page","status-publish","hentry"],"aioseo_notices":[],"_links":{"self":[{"href":"https:\/\/games.tactic.net\/pl\/wp-json\/wp\/v2\/pages\/53832","targetHints":{"allow":["GET"]}}],"collection":[{"href":"https:\/\/games.tactic.net\/pl\/wp-json\/wp\/v2\/pages"}],"about":[{"href":"https:\/\/games.tactic.net\/pl\/wp-json\/wp\/v2\/types\/page"}],"author":[{"embeddable":true,"href":"https:\/\/games.tactic.net\/pl\/wp-json\/wp\/v2\/users\/2"}],"replies":[{"embeddable":true,"href":"https:\/\/games.tactic.net\/pl\/wp-json\/wp\/v2\/comments?post=53832"}],"version-history":[{"count":13,"href":"https:\/\/games.tactic.net\/pl\/wp-json\/wp\/v2\/pages\/53832\/revisions"}],"predecessor-version":[{"id":1357039,"href":"https:\/\/games.tactic.net\/pl\/wp-json\/wp\/v2\/pages\/53832\/revisions\/1357039"}],"up":[{"embeddable":true,"href":"https:\/\/games.tactic.net\/pl\/wp-json\/wp\/v2\/pages\/53804"}],"wp:attachment":[{"href":"https:\/\/games.tactic.net\/pl\/wp-json\/wp\/v2\/media?parent=53832"}],"curies":[{"name":"wp","href":"https:\/\/api.w.org\/{rel}","templated":true}]}}