{"id":98148,"date":"2021-06-23T14:46:50","date_gmt":"2021-06-23T11:46:50","guid":{"rendered":"https:\/\/dev.tactic.net\/tuote\/kimble\/"},"modified":"2023-09-20T13:44:57","modified_gmt":"2023-09-20T10:44:57","slug":"kimble","status":"publish","type":"product","link":"https:\/\/games.tactic.net\/no\/tuote\/kimble\/","title":{"rendered":"Kimble"},"content":{"rendered":"<p>Spilleklassiker i 40 \u00e5r. Kimble har v\u00e6rt popul\u00e6rt i tretti \u00e5r. Kanskje hemmeligheten ved Kimbles popularitet er at spillet er enkelt, overraskende og variert. Trykk p\u00e5 terningen i midten av spillbrettet og flytt brikkene dine langs banen. Spilleren som f\u00f8rst flytter alle sine fire brikker rundt brettet er vinneren.<br \/>\n\u2022 Et spennende race helt til m\u00e5l.<br \/>\n\u2022 Spillet og dets komponenter er sv\u00e6rt slitesterke.<br \/>\n\u2022 Har den perfekte balansen mellom hell og strategi.<\/p>\n","protected":false},"excerpt":{"rendered":"<p>Spilleklassiker i 40 \u00e5r. Kimble har v\u00e6rt popul\u00e6rt i tretti \u00e5r.<br \/>\nKanskje hemmeligheten ved Kimbles popularitet er at spillet er<br \/>\nenkelt, overraskende og variert. Trykk p\u00e5 terningen i midten av spillbrettet og flytt<br \/>\nbrikkene dine langs banen. Spilleren som f\u00f8rst flytter<br \/>\nalle sine fire brikker rundt brettet er vinneren.<\/p>\n","protected":false},"featured_media":0,"template":"","meta":{"content-type":"","_monsterinsights_skip_tracking":false,"_monsterinsights_sitenote_active":false,"_monsterinsights_sitenote_note":"","_monsterinsights_sitenote_category":0},"product_brand":[],"product_cat":[1619],"product_tag":[1251,1003,1239],"brand":[{"id":1338,"name":"Kimble","slug":"kimble-5"}],"target-group":[],"discontinued":[],"class_list":{"0":"post-98148","1":"product","2":"type-product","3":"status-publish","5":"product_cat-brettspill","6":"product_tag-ferdighet-no","7":"product_tag-hell","8":"product_tag-strategi-no","9":"brand-kimble-5","11":"first","12":"instock","13":"taxable","14":"shipping-taxable","15":"product-type-simple"},"aioseo_notices":[],"_links":{"self":[{"href":"https:\/\/games.tactic.net\/no\/wp-json\/wp\/v2\/product\/98148","targetHints":{"allow":["GET"]}}],"collection":[{"href":"https:\/\/games.tactic.net\/no\/wp-json\/wp\/v2\/product"}],"about":[{"href":"https:\/\/games.tactic.net\/no\/wp-json\/wp\/v2\/types\/product"}],"wp:attachment":[{"href":"https:\/\/games.tactic.net\/no\/wp-json\/wp\/v2\/media?parent=98148"}],"wp:term":[{"taxonomy":"product_brand","embeddable":true,"href":"https:\/\/games.tactic.net\/no\/wp-json\/wp\/v2\/product_brand?post=98148"},{"taxonomy":"product_cat","embeddable":true,"href":"https:\/\/games.tactic.net\/no\/wp-json\/wp\/v2\/product_cat?post=98148"},{"taxonomy":"product_tag","embeddable":true,"href":"https:\/\/games.tactic.net\/no\/wp-json\/wp\/v2\/product_tag?post=98148"},{"taxonomy":"brand","embeddable":true,"href":"https:\/\/games.tactic.net\/no\/wp-json\/wp\/v2\/brand?post=98148"},{"taxonomy":"target-group","embeddable":true,"href":"https:\/\/games.tactic.net\/no\/wp-json\/wp\/v2\/target-group?post=98148"},{"taxonomy":"discontinued","embeddable":true,"href":"https:\/\/games.tactic.net\/no\/wp-json\/wp\/v2\/discontinued?post=98148"}],"curies":[{"name":"wp","href":"https:\/\/api.w.org\/{rel}","templated":true}]}}