{"id":98033,"date":"2021-06-23T14:44:21","date_gmt":"2021-06-23T11:44:21","guid":{"rendered":"https:\/\/dev.tactic.net\/tuote\/choco\/"},"modified":"2023-10-25T13:22:57","modified_gmt":"2023-10-25T10:22:57","slug":"choco","status":"publish","type":"product","link":"https:\/\/games.tactic.net\/no\/tuote\/choco\/","title":{"rendered":"Choco board game"},"content":{"rendered":"<p>Klikk terningen og finn ut om du ser etter en pean\u00f8tt eller et kirseb\u00e6r, og snu opp en av Choco-brikkene! Spilleren som samler flest Choco-brikker vinner, men Choco-krypet kan lage omveier p\u00e5 din vei til seier\u2026<br \/>\nSlitesterke spillbrikker i plast!<br \/>\nLettleste regler med en alternativ spillvariant.<br \/>\nEn skikkelig barnespillklassiker!<\/p>\n<p><img decoding=\"async\" src=\"https:\\\\\\\\games.tactic.net\\\\pic\\\\logo\\\\Awarded_concept.png\"><\/p>\n","protected":false},"excerpt":{"rendered":"<p>Klikk terningen og finn ut om du ser etter en pean\u00f8tt eller et kirseb\u00e6r, og snu opp en av Choco-brikkene! Spilleren som samler flest Choco-brikker vinner, men Choco-krypet kan lage omveier p\u00e5 din vei til seier\u2026<\/p>\n","protected":false},"featured_media":0,"template":"","meta":{"content-type":"","_monsterinsights_skip_tracking":false,"_monsterinsights_sitenote_active":false,"_monsterinsights_sitenote_note":"","_monsterinsights_sitenote_category":0},"product_brand":[],"product_cat":[1649],"product_tag":[1255],"brand":[{"id":2178,"name":"Choco","slug":"choco-6"}],"target-group":[],"discontinued":[],"class_list":{"0":"post-98033","1":"product","2":"type-product","3":"status-publish","5":"product_cat-barnespill-barnespill","6":"product_tag-pedagogisk-no","7":"brand-choco-6","9":"first","10":"instock","11":"taxable","12":"shipping-taxable","13":"product-type-simple"},"aioseo_notices":[],"_links":{"self":[{"href":"https:\/\/games.tactic.net\/no\/wp-json\/wp\/v2\/product\/98033","targetHints":{"allow":["GET"]}}],"collection":[{"href":"https:\/\/games.tactic.net\/no\/wp-json\/wp\/v2\/product"}],"about":[{"href":"https:\/\/games.tactic.net\/no\/wp-json\/wp\/v2\/types\/product"}],"wp:attachment":[{"href":"https:\/\/games.tactic.net\/no\/wp-json\/wp\/v2\/media?parent=98033"}],"wp:term":[{"taxonomy":"product_brand","embeddable":true,"href":"https:\/\/games.tactic.net\/no\/wp-json\/wp\/v2\/product_brand?post=98033"},{"taxonomy":"product_cat","embeddable":true,"href":"https:\/\/games.tactic.net\/no\/wp-json\/wp\/v2\/product_cat?post=98033"},{"taxonomy":"product_tag","embeddable":true,"href":"https:\/\/games.tactic.net\/no\/wp-json\/wp\/v2\/product_tag?post=98033"},{"taxonomy":"brand","embeddable":true,"href":"https:\/\/games.tactic.net\/no\/wp-json\/wp\/v2\/brand?post=98033"},{"taxonomy":"target-group","embeddable":true,"href":"https:\/\/games.tactic.net\/no\/wp-json\/wp\/v2\/target-group?post=98033"},{"taxonomy":"discontinued","embeddable":true,"href":"https:\/\/games.tactic.net\/no\/wp-json\/wp\/v2\/discontinued?post=98033"}],"curies":[{"name":"wp","href":"https:\/\/api.w.org\/{rel}","templated":true}]}}