{"id":92051,"date":"2021-06-23T12:38:24","date_gmt":"2021-06-23T09:38:24","guid":{"rendered":"https:\/\/dev.tactic.net\/tuote\/hoppesekk\/"},"modified":"2023-10-17T19:39:00","modified_gmt":"2023-10-17T16:39:00","slug":"hoppesekk","status":"archive","type":"product","link":"https:\/\/games.tactic.net\/no\/tuote\/hoppesekk\/","title":{"rendered":"Active Play Hoppesekk"},"content":{"rendered":"<p>Gj\u00f8r deg klar til et kjempeg\u00f8yalt sekkel\u00f8p ute i det fri!<br \/>\nSlitesterke sekker i h\u00f8y kvalitet i fire forskjellige farger.<br \/>\nPerfekt for leking i hagen og parken.<\/p>\n","protected":false},"excerpt":{"rendered":"<p>Gj\u00f8r deg klar til et kjempeg\u00f8yalt sekkel\u00f8p ute i det fri!<\/p>\n","protected":false},"featured_media":0,"template":"","meta":{"content-type":"","_monsterinsights_skip_tracking":false,"_monsterinsights_sitenote_active":false,"_monsterinsights_sitenote_note":"","_monsterinsights_sitenote_category":0},"product_brand":[],"product_cat":[1656,1695],"product_tag":[1221,1267],"brand":[],"target-group":[],"discontinued":[],"class_list":{"0":"post-92051","1":"product","2":"type-product","3":"status-archive","5":"product_cat-active-play-barnespill","6":"product_cat-active-play-utespill-og-leker-2","7":"product_tag-funksjon-no","8":"product_tag-sammen-no","10":"first","11":"outofstock","12":"taxable","13":"shipping-taxable","14":"product-type-simple"},"aioseo_notices":[],"_links":{"self":[{"href":"https:\/\/games.tactic.net\/no\/wp-json\/wp\/v2\/product\/92051","targetHints":{"allow":["GET"]}}],"collection":[{"href":"https:\/\/games.tactic.net\/no\/wp-json\/wp\/v2\/product"}],"about":[{"href":"https:\/\/games.tactic.net\/no\/wp-json\/wp\/v2\/types\/product"}],"wp:attachment":[{"href":"https:\/\/games.tactic.net\/no\/wp-json\/wp\/v2\/media?parent=92051"}],"wp:term":[{"taxonomy":"product_brand","embeddable":true,"href":"https:\/\/games.tactic.net\/no\/wp-json\/wp\/v2\/product_brand?post=92051"},{"taxonomy":"product_cat","embeddable":true,"href":"https:\/\/games.tactic.net\/no\/wp-json\/wp\/v2\/product_cat?post=92051"},{"taxonomy":"product_tag","embeddable":true,"href":"https:\/\/games.tactic.net\/no\/wp-json\/wp\/v2\/product_tag?post=92051"},{"taxonomy":"brand","embeddable":true,"href":"https:\/\/games.tactic.net\/no\/wp-json\/wp\/v2\/brand?post=92051"},{"taxonomy":"target-group","embeddable":true,"href":"https:\/\/games.tactic.net\/no\/wp-json\/wp\/v2\/target-group?post=92051"},{"taxonomy":"discontinued","embeddable":true,"href":"https:\/\/games.tactic.net\/no\/wp-json\/wp\/v2\/discontinued?post=92051"}],"curies":[{"name":"wp","href":"https:\/\/api.w.org\/{rel}","templated":true}]}}