{"id":917350,"date":"2023-10-13T15:18:47","date_gmt":"2023-10-13T12:18:47","guid":{"rendered":"https:\/\/games.tactic.net\/tuote\/mb-sprinter-transfer-med-driver\/"},"modified":"2026-03-23T10:10:08","modified_gmt":"2026-03-23T08:10:08","slug":"mb-sprinter-transfer-med-driver","status":"archive","type":"product","link":"https:\/\/games.tactic.net\/no\/tuote\/mb-sprinter-transfer-med-driver\/","title":{"rendered":"Bruder Mercedes-Benz Sprinter Transfer med sj\u00e5f\u00f8r lekesett"},"content":{"rendered":"<p>Sprinter Transfer tilbyr nesten ubegrensede bruksomr\u00e5der \u2013 fra skole- og mannskapsbusser til flyplasstransport og komfortable regionbusser. Den nye modellen er n\u00e5 i BRUDER-serien. D\u00f8rene foran og bak kan \u00e5pnes. En ny skyved\u00f8r p\u00e5 passasjersiden er et h\u00f8ydepunkt. Interi\u00f8ret er fleksibelt: bakseter kan vendes eller tas helt ut. Sj\u00e5f\u00f8r medf\u00f8lger. Alle bworld-figurer passer i kj\u00f8ret\u00f8yet.<\/p>\n","protected":false},"excerpt":{"rendered":"<p>Sprinter Transfer \u2013 fleksibel minibuss for mange form\u00e5l. D\u00f8rer kan \u00e5pnes, seter flyttes eller fjernes. Leveres med sj\u00e5f\u00f8r. En ekte allrounder.<\/p>\n","protected":false},"featured_media":0,"template":"","meta":{"content-type":"","_monsterinsights_skip_tracking":false,"_monsterinsights_sitenote_active":false,"_monsterinsights_sitenote_note":"","_monsterinsights_sitenote_category":0},"product_brand":[],"product_cat":[1705],"product_tag":[],"brand":[],"target-group":[],"discontinued":[],"class_list":{"0":"post-917350","1":"product","2":"type-product","3":"status-archive","5":"product_cat-bruder-leker","7":"first","8":"outofstock","9":"taxable","10":"shipping-taxable","11":"product-type-simple"},"aioseo_notices":[],"_links":{"self":[{"href":"https:\/\/games.tactic.net\/no\/wp-json\/wp\/v2\/product\/917350","targetHints":{"allow":["GET"]}}],"collection":[{"href":"https:\/\/games.tactic.net\/no\/wp-json\/wp\/v2\/product"}],"about":[{"href":"https:\/\/games.tactic.net\/no\/wp-json\/wp\/v2\/types\/product"}],"wp:attachment":[{"href":"https:\/\/games.tactic.net\/no\/wp-json\/wp\/v2\/media?parent=917350"}],"wp:term":[{"taxonomy":"product_brand","embeddable":true,"href":"https:\/\/games.tactic.net\/no\/wp-json\/wp\/v2\/product_brand?post=917350"},{"taxonomy":"product_cat","embeddable":true,"href":"https:\/\/games.tactic.net\/no\/wp-json\/wp\/v2\/product_cat?post=917350"},{"taxonomy":"product_tag","embeddable":true,"href":"https:\/\/games.tactic.net\/no\/wp-json\/wp\/v2\/product_tag?post=917350"},{"taxonomy":"brand","embeddable":true,"href":"https:\/\/games.tactic.net\/no\/wp-json\/wp\/v2\/brand?post=917350"},{"taxonomy":"target-group","embeddable":true,"href":"https:\/\/games.tactic.net\/no\/wp-json\/wp\/v2\/target-group?post=917350"},{"taxonomy":"discontinued","embeddable":true,"href":"https:\/\/games.tactic.net\/no\/wp-json\/wp\/v2\/discontinued?post=917350"}],"curies":[{"name":"wp","href":"https:\/\/api.w.org\/{rel}","templated":true}]}}