{"id":915164,"date":"2023-10-11T13:19:34","date_gmt":"2023-10-11T10:19:34","guid":{"rendered":"https:\/\/games.tactic.net\/tuote\/jungle-mates-leo-ape\/"},"modified":"2025-01-30T09:54:01","modified_gmt":"2025-01-30T07:54:01","slug":"jungle-mates-leo-ape","status":"archive","type":"product","link":"https:\/\/games.tactic.net\/no\/tuote\/jungle-mates-leo-ape\/","title":{"rendered":"Jungle Mates Leo lemur"},"content":{"rendered":"<p>Leo Lemur er en aktiv og energisk f\u00f8lgesvenn laget av resirkulert plast, noe som gj\u00f8r den til et milj\u00f8vennlig valg. Denne lemuren er designet for \u00e5 t\u00e5le alle slags eventyr. Den myke og luftige pelsen og det morsomme uttrykket gj\u00f8r den til en flott f\u00f8lgesvenn for spill og eventyr. Leo Lemur kan vaskes p\u00e5 40 grader s\u00e5 det er enkelt \u00e5 holde den ren. Den livlige fargen gir den et naturlig utseende og skiller den fra andre myke leker. Denne lemuren er en fantastisk gave til et barn som elsker eventyr og milj\u00f8vennlige leker. Den er laget av slitesterkt materiale og t\u00e5ler all slags lek. Leo Lemur er en utmerket f\u00f8lgesvenn som oppmuntrer barnet til \u00e5 bevege seg og v\u00e6re aktiv, samtidig som den gir trygghet og komfort. Disse herlige vennene tilh\u00f8rer Save the Nature-serien, og er Jungle Mates myke leker. De er enkle \u00e5 ta med seg og du kan feste dem til en ryggsekk, til hverandre eller henge dem nesten hvor som helst. Myke leker laget av 100 % resirkulerte materialer.<\/p>\n","protected":false},"excerpt":{"rendered":"<p>Leo Lemur er en aktiv og energisk f\u00f8lgesvenn laget av resirkulert plast, noe som gj\u00f8r den til et milj\u00f8vennlig valg. Denne lemuren er designet for \u00e5 t\u00e5le alle slags eventyr. Den myke og luftige pelsen og det morsomme uttrykket gj\u00f8r den til en flott f\u00f8lgesvenn for spill og eventyr. Leo Lemur kan vaskes p\u00e5 40 [&hellip;]<\/p>\n","protected":false},"featured_media":0,"template":"","meta":{"content-type":"","_monsterinsights_skip_tracking":false,"_monsterinsights_sitenote_active":false,"_monsterinsights_sitenote_note":"","_monsterinsights_sitenote_category":0},"product_brand":[],"product_cat":[2195],"product_tag":[],"brand":[{"id":2196,"name":"Save the Nature","slug":"save-the-nature-3"}],"target-group":[],"discontinued":[],"class_list":{"0":"post-915164","1":"product","2":"type-product","3":"status-archive","5":"product_cat-save-the-nature-leker","6":"brand-save-the-nature-3","8":"first","9":"outofstock","10":"taxable","11":"shipping-taxable","12":"product-type-simple"},"aioseo_notices":[],"_links":{"self":[{"href":"https:\/\/games.tactic.net\/no\/wp-json\/wp\/v2\/product\/915164","targetHints":{"allow":["GET"]}}],"collection":[{"href":"https:\/\/games.tactic.net\/no\/wp-json\/wp\/v2\/product"}],"about":[{"href":"https:\/\/games.tactic.net\/no\/wp-json\/wp\/v2\/types\/product"}],"wp:attachment":[{"href":"https:\/\/games.tactic.net\/no\/wp-json\/wp\/v2\/media?parent=915164"}],"wp:term":[{"taxonomy":"product_brand","embeddable":true,"href":"https:\/\/games.tactic.net\/no\/wp-json\/wp\/v2\/product_brand?post=915164"},{"taxonomy":"product_cat","embeddable":true,"href":"https:\/\/games.tactic.net\/no\/wp-json\/wp\/v2\/product_cat?post=915164"},{"taxonomy":"product_tag","embeddable":true,"href":"https:\/\/games.tactic.net\/no\/wp-json\/wp\/v2\/product_tag?post=915164"},{"taxonomy":"brand","embeddable":true,"href":"https:\/\/games.tactic.net\/no\/wp-json\/wp\/v2\/brand?post=915164"},{"taxonomy":"target-group","embeddable":true,"href":"https:\/\/games.tactic.net\/no\/wp-json\/wp\/v2\/target-group?post=915164"},{"taxonomy":"discontinued","embeddable":true,"href":"https:\/\/games.tactic.net\/no\/wp-json\/wp\/v2\/discontinued?post=915164"}],"curies":[{"name":"wp","href":"https:\/\/api.w.org\/{rel}","templated":true}]}}