{"id":915163,"date":"2023-10-11T13:19:15","date_gmt":"2023-10-11T10:19:15","guid":{"rendered":"https:\/\/games.tactic.net\/tuote\/jungle-mates-hugo-ape\/"},"modified":"2025-01-30T09:50:43","modified_gmt":"2025-01-30T07:50:43","slug":"jungle-mates-hugo-ape","status":"archive","type":"product","link":"https:\/\/games.tactic.net\/no\/tuote\/jungle-mates-hugo-ape\/","title":{"rendered":"Jungle Mates Hugo ape"},"content":{"rendered":"<p>Hugo er en modig og eventyrlysten kar, laget av resirkulert plast, noe som gj\u00f8r den til et milj\u00f8vennlig valg. Denne apen er designet for \u00e5 t\u00e5le alle slags eventyr og lek. Den myke pelsen og det muntre uttrykket gj\u00f8r den til en flott f\u00f8lgesvenn utend\u00f8rs og innend\u00f8rs. Hugo kan vaskes p\u00e5 40 grader, s\u00e5 det er enkelt \u00e5 holde den ren. Den brune fargen gir den et naturlig utseende og skiller den fra andre myke leker. Denne apen er en fantastisk gave til et barn som elsker eventyr og milj\u00f8vennlige leker. Den er laget av slitesterkt materiale og t\u00e5ler all slags lek. Disse herlige vennene tilh\u00f8rer Save the Nature-serien, og er Jungle Mates myke leker. De er enkle \u00e5 ta med seg og du kan feste dem til en ryggsekk, til hverandre eller henge dem nesten hvor som helst. Myke leker laget av 100 % resirkulerte materialer.<\/p>\n","protected":false},"excerpt":{"rendered":"<p>Hugo er en modig og eventyrlysten kar, laget av resirkulert plast, noe som gj\u00f8r den til et milj\u00f8vennlig valg. Denne apen er designet for \u00e5 t\u00e5le alle slags eventyr og lek. Den myke pelsen og det muntre uttrykket gj\u00f8r den til en flott f\u00f8lgesvenn utend\u00f8rs og innend\u00f8rs. Hugo kan vaskes p\u00e5 40 grader, s\u00e5 det [&hellip;]<\/p>\n","protected":false},"featured_media":0,"template":"","meta":{"content-type":"","_monsterinsights_skip_tracking":false,"_monsterinsights_sitenote_active":false,"_monsterinsights_sitenote_note":"","_monsterinsights_sitenote_category":0},"product_brand":[],"product_cat":[2195],"product_tag":[1267],"brand":[{"id":2196,"name":"Save the Nature","slug":"save-the-nature-3"}],"target-group":[],"discontinued":[],"class_list":{"0":"post-915163","1":"product","2":"type-product","3":"status-archive","5":"product_cat-save-the-nature-leker","6":"product_tag-sammen-no","7":"brand-save-the-nature-3","9":"first","10":"outofstock","11":"taxable","12":"shipping-taxable","13":"product-type-simple"},"aioseo_notices":[],"_links":{"self":[{"href":"https:\/\/games.tactic.net\/no\/wp-json\/wp\/v2\/product\/915163","targetHints":{"allow":["GET"]}}],"collection":[{"href":"https:\/\/games.tactic.net\/no\/wp-json\/wp\/v2\/product"}],"about":[{"href":"https:\/\/games.tactic.net\/no\/wp-json\/wp\/v2\/types\/product"}],"wp:attachment":[{"href":"https:\/\/games.tactic.net\/no\/wp-json\/wp\/v2\/media?parent=915163"}],"wp:term":[{"taxonomy":"product_brand","embeddable":true,"href":"https:\/\/games.tactic.net\/no\/wp-json\/wp\/v2\/product_brand?post=915163"},{"taxonomy":"product_cat","embeddable":true,"href":"https:\/\/games.tactic.net\/no\/wp-json\/wp\/v2\/product_cat?post=915163"},{"taxonomy":"product_tag","embeddable":true,"href":"https:\/\/games.tactic.net\/no\/wp-json\/wp\/v2\/product_tag?post=915163"},{"taxonomy":"brand","embeddable":true,"href":"https:\/\/games.tactic.net\/no\/wp-json\/wp\/v2\/brand?post=915163"},{"taxonomy":"target-group","embeddable":true,"href":"https:\/\/games.tactic.net\/no\/wp-json\/wp\/v2\/target-group?post=915163"},{"taxonomy":"discontinued","embeddable":true,"href":"https:\/\/games.tactic.net\/no\/wp-json\/wp\/v2\/discontinued?post=915163"}],"curies":[{"name":"wp","href":"https:\/\/api.w.org\/{rel}","templated":true}]}}