{"id":915162,"date":"2023-10-11T13:18:57","date_gmt":"2023-10-11T10:18:57","guid":{"rendered":"https:\/\/games.tactic.net\/tuote\/jungle-mates-lila-ape\/"},"modified":"2023-10-24T16:22:15","modified_gmt":"2023-10-24T13:22:15","slug":"jungle-mates-lila-ape","status":"publish","type":"product","link":"https:\/\/games.tactic.net\/no\/tuote\/jungle-mates-lila-ape\/","title":{"rendered":"Jungle Mates Lila ape"},"content":{"rendered":"<p>Lila er en myk og s\u00f8t f\u00f8lgesvenn laget av resirkulert plast, som gj\u00f8r den til et milj\u00f8vennlig valg. Denne apen er designet for \u00e5 gi komfort og ro n\u00e5r den holdes tett. Dens myke pels og milde uttrykk gj\u00f8r den til en god sovevenn eller bare en avslappende f\u00f8lgesvenn etter en lang dag. Takket v\u00e6re den vakre lilla fargen skiller den seg ut fra andre kosedyr og bringer glede og farge til rommet. Lila kan vaskes p\u00e5 40 grader, s\u00e5 det er enkelt \u00e5 holde den ren. Den er en fantastisk gave til de som elsker myke og milj\u00f8vennlige leker. Disse herlige vennene tilh\u00f8rer Save the Nature-serien, og er Jungle Mates myke leker. De er enkle \u00e5 ta med seg og du kan feste dem til en ryggsekk, til hverandre eller henge dem nesten hvor som helst. Myke leker laget av 100 % resirkulerte materialer.<\/p>\n","protected":false},"excerpt":{"rendered":"<p>Lila er en myk og s\u00f8t f\u00f8lgesvenn laget av resirkulert plast, som gj\u00f8r den til et milj\u00f8vennlig valg. Denne apen er designet for \u00e5 gi komfort og ro n\u00e5r den holdes tett. Dens myke pels og milde uttrykk gj\u00f8r den til en god sovevenn eller bare en avslappende f\u00f8lgesvenn etter en lang dag. Takket v\u00e6re [&hellip;]<\/p>\n","protected":false},"featured_media":0,"template":"","meta":{"content-type":"","_monsterinsights_skip_tracking":false,"_monsterinsights_sitenote_active":false,"_monsterinsights_sitenote_note":"","_monsterinsights_sitenote_category":0},"product_brand":[],"product_cat":[2195],"product_tag":[1267],"brand":[{"id":2196,"name":"Save the Nature","slug":"save-the-nature-3"}],"target-group":[],"discontinued":[],"class_list":{"0":"post-915162","1":"product","2":"type-product","3":"status-publish","5":"product_cat-save-the-nature-leker","6":"product_tag-sammen-no","7":"brand-save-the-nature-3","9":"first","10":"instock","11":"taxable","12":"shipping-taxable","13":"product-type-simple"},"aioseo_notices":[],"_links":{"self":[{"href":"https:\/\/games.tactic.net\/no\/wp-json\/wp\/v2\/product\/915162","targetHints":{"allow":["GET"]}}],"collection":[{"href":"https:\/\/games.tactic.net\/no\/wp-json\/wp\/v2\/product"}],"about":[{"href":"https:\/\/games.tactic.net\/no\/wp-json\/wp\/v2\/types\/product"}],"wp:attachment":[{"href":"https:\/\/games.tactic.net\/no\/wp-json\/wp\/v2\/media?parent=915162"}],"wp:term":[{"taxonomy":"product_brand","embeddable":true,"href":"https:\/\/games.tactic.net\/no\/wp-json\/wp\/v2\/product_brand?post=915162"},{"taxonomy":"product_cat","embeddable":true,"href":"https:\/\/games.tactic.net\/no\/wp-json\/wp\/v2\/product_cat?post=915162"},{"taxonomy":"product_tag","embeddable":true,"href":"https:\/\/games.tactic.net\/no\/wp-json\/wp\/v2\/product_tag?post=915162"},{"taxonomy":"brand","embeddable":true,"href":"https:\/\/games.tactic.net\/no\/wp-json\/wp\/v2\/brand?post=915162"},{"taxonomy":"target-group","embeddable":true,"href":"https:\/\/games.tactic.net\/no\/wp-json\/wp\/v2\/target-group?post=915162"},{"taxonomy":"discontinued","embeddable":true,"href":"https:\/\/games.tactic.net\/no\/wp-json\/wp\/v2\/discontinued?post=915162"}],"curies":[{"name":"wp","href":"https:\/\/api.w.org\/{rel}","templated":true}]}}