{"id":832324,"date":"2023-09-29T11:52:36","date_gmt":"2023-09-29T08:52:36","guid":{"rendered":"https:\/\/games.tactic.net\/tuote\/bruder-man-tgs-truck-w-roll-off-containerschaffer-loader\/"},"modified":"2023-10-20T16:42:52","modified_gmt":"2023-10-20T13:42:52","slug":"bruder-man-tgs-truck-w-roll-off-containerschaffer-loader","status":"publish","type":"product","link":"https:\/\/games.tactic.net\/no\/tuote\/bruder-man-tgs-truck-w-roll-off-containerschaffer-loader\/","title":{"rendered":"MAN TGS Lastebil med Roll-Off-container og Sch\u00e4ffer kompaktlaster 2630"},"content":{"rendered":"<p>MAN TGS er det perfekte, allsidige kj\u00f8ret\u00f8yet for byggeplasser, langdistanseutplassering og lokal distribusjon. Takket v\u00e6re dens slitesterke design, med kraftige motorer og en overgjennomsnittlig nyttelast, er denne lastebilen prototypen p\u00e5 det ofte beskrevne &laquo;allround-kj\u00f8ret\u00f8yet&raquo; med mange innovasjoner om bord. Det tofargede f\u00f8rerhuset har d\u00f8rer som kan \u00e5pnes for \u00e5 gi enhver bworld-figur en moderne arbeidsplass. Containeren har to svingbare d\u00f8rer i enden og kan senkes og tas opp igjen bak av gripearmen. N\u00e5r containeren st\u00e5r p\u00e5 bakken og d\u00f8rene er \u00e5pne, kan de mindre BRUDER-bilene til og med kj\u00f8re inn i containeren og deretter transporteres av containerbilen. Denne muligheten brukes ofte i virkeligheten p\u00e5 byggeplasser, og n\u00e5 kan sm\u00e5 byggherrer gjenskape disse situasjonene p\u00e5 rommet sitt. Den popul\u00e6re Sch\u00e4ffer kompaktlasteren 2630 er inkludert i denne flotte kombinasjonen.<\/p>\n","protected":false},"excerpt":{"rendered":"<p>Bruder<\/p>\n","protected":false},"featured_media":0,"template":"","meta":{"content-type":"","_monsterinsights_skip_tracking":false,"_monsterinsights_sitenote_active":false,"_monsterinsights_sitenote_note":"","_monsterinsights_sitenote_category":0},"product_brand":[],"product_cat":[1705],"product_tag":[],"brand":[],"target-group":[],"discontinued":[],"class_list":{"0":"post-832324","1":"product","2":"type-product","3":"status-publish","5":"product_cat-bruder-leker","7":"first","8":"instock","9":"taxable","10":"shipping-taxable","11":"product-type-simple"},"aioseo_notices":[],"_links":{"self":[{"href":"https:\/\/games.tactic.net\/no\/wp-json\/wp\/v2\/product\/832324","targetHints":{"allow":["GET"]}}],"collection":[{"href":"https:\/\/games.tactic.net\/no\/wp-json\/wp\/v2\/product"}],"about":[{"href":"https:\/\/games.tactic.net\/no\/wp-json\/wp\/v2\/types\/product"}],"wp:attachment":[{"href":"https:\/\/games.tactic.net\/no\/wp-json\/wp\/v2\/media?parent=832324"}],"wp:term":[{"taxonomy":"product_brand","embeddable":true,"href":"https:\/\/games.tactic.net\/no\/wp-json\/wp\/v2\/product_brand?post=832324"},{"taxonomy":"product_cat","embeddable":true,"href":"https:\/\/games.tactic.net\/no\/wp-json\/wp\/v2\/product_cat?post=832324"},{"taxonomy":"product_tag","embeddable":true,"href":"https:\/\/games.tactic.net\/no\/wp-json\/wp\/v2\/product_tag?post=832324"},{"taxonomy":"brand","embeddable":true,"href":"https:\/\/games.tactic.net\/no\/wp-json\/wp\/v2\/brand?post=832324"},{"taxonomy":"target-group","embeddable":true,"href":"https:\/\/games.tactic.net\/no\/wp-json\/wp\/v2\/target-group?post=832324"},{"taxonomy":"discontinued","embeddable":true,"href":"https:\/\/games.tactic.net\/no\/wp-json\/wp\/v2\/discontinued?post=832324"}],"curies":[{"name":"wp","href":"https:\/\/api.w.org\/{rel}","templated":true}]}}