{"id":816323,"date":"2023-09-27T13:28:23","date_gmt":"2023-09-27T10:28:23","guid":{"rendered":"https:\/\/games.tactic.net\/tuote\/bruder-fireman-with-helmet-gloves-and-accessories\/"},"modified":"2023-10-11T09:48:15","modified_gmt":"2023-10-11T06:48:15","slug":"bruder-fireman-with-helmet-gloves-and-accessories","status":"publish","type":"product","link":"https:\/\/games.tactic.net\/no\/tuote\/bruder-fireman-with-helmet-gloves-and-accessories\/","title":{"rendered":"Bruder Brannmann med tilbeh\u00f8r lekesett"},"content":{"rendered":"<p>Brannmannen er klar til innsats med uniform, hjelm, hansker og brannslukker. Hvis brannen blir for stor, kaller han opp forsterkninger via radioen. Sammen med BRUDERs brannkj\u00f8ret\u00f8y og utstyr kan barn gjenskape store utrykninger p\u00e5 en realistisk m\u00e5te.<\/p>\n","protected":false},"excerpt":{"rendered":"<p>BRUDER brannmann er klar for innsats! Med beskyttelseskl\u00e6r, hjelm, brannslukker og radio er han godt utstyrt til \u00e5 takle branner og kalle p\u00e5 forsterkninger.<\/p>\n","protected":false},"featured_media":0,"template":"","meta":{"content-type":"","_monsterinsights_skip_tracking":false,"_monsterinsights_sitenote_active":false,"_monsterinsights_sitenote_note":"","_monsterinsights_sitenote_category":0},"product_brand":[],"product_cat":[1705],"product_tag":[],"brand":[],"target-group":[],"discontinued":[],"class_list":{"0":"post-816323","1":"product","2":"type-product","3":"status-publish","5":"product_cat-bruder-leker","7":"first","8":"instock","9":"taxable","10":"shipping-taxable","11":"product-type-simple"},"aioseo_notices":[],"_links":{"self":[{"href":"https:\/\/games.tactic.net\/no\/wp-json\/wp\/v2\/product\/816323","targetHints":{"allow":["GET"]}}],"collection":[{"href":"https:\/\/games.tactic.net\/no\/wp-json\/wp\/v2\/product"}],"about":[{"href":"https:\/\/games.tactic.net\/no\/wp-json\/wp\/v2\/types\/product"}],"wp:attachment":[{"href":"https:\/\/games.tactic.net\/no\/wp-json\/wp\/v2\/media?parent=816323"}],"wp:term":[{"taxonomy":"product_brand","embeddable":true,"href":"https:\/\/games.tactic.net\/no\/wp-json\/wp\/v2\/product_brand?post=816323"},{"taxonomy":"product_cat","embeddable":true,"href":"https:\/\/games.tactic.net\/no\/wp-json\/wp\/v2\/product_cat?post=816323"},{"taxonomy":"product_tag","embeddable":true,"href":"https:\/\/games.tactic.net\/no\/wp-json\/wp\/v2\/product_tag?post=816323"},{"taxonomy":"brand","embeddable":true,"href":"https:\/\/games.tactic.net\/no\/wp-json\/wp\/v2\/brand?post=816323"},{"taxonomy":"target-group","embeddable":true,"href":"https:\/\/games.tactic.net\/no\/wp-json\/wp\/v2\/target-group?post=816323"},{"taxonomy":"discontinued","embeddable":true,"href":"https:\/\/games.tactic.net\/no\/wp-json\/wp\/v2\/discontinued?post=816323"}],"curies":[{"name":"wp","href":"https:\/\/api.w.org\/{rel}","templated":true}]}}