{"id":811540,"date":"2023-09-27T11:28:32","date_gmt":"2023-09-27T08:28:32","guid":{"rendered":"https:\/\/games.tactic.net\/tuote\/actice-play-curling-bowling-table-sport\/"},"modified":"2025-04-17T10:29:57","modified_gmt":"2025-04-17T07:29:57","slug":"actice-play-curling-bowling-table-sport","status":"archive","type":"product","link":"https:\/\/games.tactic.net\/no\/tuote\/actice-play-curling-bowling-table-sport\/","title":{"rendered":"Active Play Curling &#038; Bowling Table Sport"},"content":{"rendered":"<p>Active Play-spel \u00e4r ett lysande s\u00e4tt att \u00f6ka aktiviteterna och ha roligt med familj och v\u00e4nner! Att tr\u00e4na och spela tillsammans \u00e4r bra f\u00f6r kropp och sj\u00e4l. Det ger dig energi och g\u00f6r det l\u00e4ttare att koncentrera sig och l\u00e4ra sig nya saker. Skapa en omg\u00e5ng curling, eller ta reda p\u00e5 vem som \u00e4r bowlingm\u00e4stare i din familj! Detta dubbelset inneh\u00e5ller 8 stenar l\u00e4mpliga f\u00f6r b\u00e5de curling och bowling, 6 bowlingk\u00e4glor, 2 magnetstavar, en utrullningsbar spelyta och regler.<\/p>\n","protected":false},"excerpt":{"rendered":"<p>Active Play-spel \u00e4r ett lysande s\u00e4tt att \u00f6ka aktiviteterna och ha roligt med familj och v\u00e4nner! Att tr\u00e4na och spela tillsammans \u00e4r bra f\u00f6r kropp och sj\u00e4l. Det ger dig energi och g\u00f6r det l\u00e4ttare att koncentrera sig och l\u00e4ra sig nya saker. Skapa en omg\u00e5ng curling, eller ta reda p\u00e5 vem som \u00e4r bowlingm\u00e4stare [&hellip;]<\/p>\n","protected":false},"featured_media":0,"template":"","meta":{"content-type":"","_monsterinsights_skip_tracking":false,"_monsterinsights_sitenote_active":false,"_monsterinsights_sitenote_note":"","_monsterinsights_sitenote_category":0},"product_brand":[],"product_cat":[1695,1662,1661],"product_tag":[1251,1221,1239],"brand":[],"target-group":[],"discontinued":[],"class_list":{"0":"post-811540","1":"product","2":"type-product","3":"status-archive","5":"product_cat-active-play-utespill-og-leker-2","6":"product_cat-partyspill","7":"product_cat-selskapsspill-voksenspill","8":"product_tag-ferdighet-no","9":"product_tag-funksjon-no","10":"product_tag-strategi-no","12":"first","13":"outofstock","14":"taxable","15":"shipping-taxable","16":"product-type-simple"},"aioseo_notices":[],"_links":{"self":[{"href":"https:\/\/games.tactic.net\/no\/wp-json\/wp\/v2\/product\/811540","targetHints":{"allow":["GET"]}}],"collection":[{"href":"https:\/\/games.tactic.net\/no\/wp-json\/wp\/v2\/product"}],"about":[{"href":"https:\/\/games.tactic.net\/no\/wp-json\/wp\/v2\/types\/product"}],"wp:attachment":[{"href":"https:\/\/games.tactic.net\/no\/wp-json\/wp\/v2\/media?parent=811540"}],"wp:term":[{"taxonomy":"product_brand","embeddable":true,"href":"https:\/\/games.tactic.net\/no\/wp-json\/wp\/v2\/product_brand?post=811540"},{"taxonomy":"product_cat","embeddable":true,"href":"https:\/\/games.tactic.net\/no\/wp-json\/wp\/v2\/product_cat?post=811540"},{"taxonomy":"product_tag","embeddable":true,"href":"https:\/\/games.tactic.net\/no\/wp-json\/wp\/v2\/product_tag?post=811540"},{"taxonomy":"brand","embeddable":true,"href":"https:\/\/games.tactic.net\/no\/wp-json\/wp\/v2\/brand?post=811540"},{"taxonomy":"target-group","embeddable":true,"href":"https:\/\/games.tactic.net\/no\/wp-json\/wp\/v2\/target-group?post=811540"},{"taxonomy":"discontinued","embeddable":true,"href":"https:\/\/games.tactic.net\/no\/wp-json\/wp\/v2\/discontinued?post=811540"}],"curies":[{"name":"wp","href":"https:\/\/api.w.org\/{rel}","templated":true}]}}