{"id":80141,"date":"2021-06-14T09:19:32","date_gmt":"2021-06-14T06:19:32","guid":{"rendered":"https:\/\/dev.tactic.net\/tuote\/verdens-arkitektur\/"},"modified":"2023-10-23T10:20:23","modified_gmt":"2023-10-23T07:20:23","slug":"verdens-arkitektur","status":"publish","type":"product","link":"https:\/\/games.tactic.net\/no\/tuote\/verdens-arkitektur\/","title":{"rendered":"Verdens arkitektur"},"content":{"rendered":"<p>Elsker du imponerende bygninger? Dette kompakte spillet er fullt av velkjente og nye arkitektoniske underverk. Hvert kort har et bilde av en ber\u00f8mt bygning, et sp\u00f8rsm\u00e5l om den, og litt om dens fascinerende historie. Ingen blir sittende og vente p\u00e5 sin tur, siden alle spillerne svarer p\u00e5 sp\u00f8rsm\u00e5lene samtidig. La oss se hvor mye du kan om verdens arkitektur!<\/p>\n","protected":false},"excerpt":{"rendered":"<p>Elsker du imponerende bygninger? Dette kompakte spillet er fullt av velkjente og nye arkitektoniske underverk. Hvert kort har et bilde av en ber\u00f8mt bygning, et sp\u00f8rsm\u00e5l om den, og litt om dens fascinerende historie. Ingen blir sittende og vente p\u00e5 sin tur, siden alle spillerne svarer p\u00e5 sp\u00f8rsm\u00e5lene samtidig. La oss se hvor mye du [&hellip;]<\/p>\n","protected":false},"featured_media":0,"template":"","meta":{"content-type":"","_monsterinsights_skip_tracking":false,"_monsterinsights_sitenote_active":false,"_monsterinsights_sitenote_note":"","_monsterinsights_sitenote_category":0},"product_brand":[],"product_cat":[1665,1664],"product_tag":[1274,1255],"brand":[],"target-group":[],"discontinued":[],"class_list":{"0":"post-80141","1":"product","2":"type-product","3":"status-publish","5":"product_cat-sporrespill-voksenspill","6":"product_cat-sporrespill","7":"product_tag-kunnskap","8":"product_tag-pedagogisk-no","10":"first","11":"instock","12":"taxable","13":"shipping-taxable","14":"product-type-simple"},"aioseo_notices":[],"_links":{"self":[{"href":"https:\/\/games.tactic.net\/no\/wp-json\/wp\/v2\/product\/80141","targetHints":{"allow":["GET"]}}],"collection":[{"href":"https:\/\/games.tactic.net\/no\/wp-json\/wp\/v2\/product"}],"about":[{"href":"https:\/\/games.tactic.net\/no\/wp-json\/wp\/v2\/types\/product"}],"wp:attachment":[{"href":"https:\/\/games.tactic.net\/no\/wp-json\/wp\/v2\/media?parent=80141"}],"wp:term":[{"taxonomy":"product_brand","embeddable":true,"href":"https:\/\/games.tactic.net\/no\/wp-json\/wp\/v2\/product_brand?post=80141"},{"taxonomy":"product_cat","embeddable":true,"href":"https:\/\/games.tactic.net\/no\/wp-json\/wp\/v2\/product_cat?post=80141"},{"taxonomy":"product_tag","embeddable":true,"href":"https:\/\/games.tactic.net\/no\/wp-json\/wp\/v2\/product_tag?post=80141"},{"taxonomy":"brand","embeddable":true,"href":"https:\/\/games.tactic.net\/no\/wp-json\/wp\/v2\/brand?post=80141"},{"taxonomy":"target-group","embeddable":true,"href":"https:\/\/games.tactic.net\/no\/wp-json\/wp\/v2\/target-group?post=80141"},{"taxonomy":"discontinued","embeddable":true,"href":"https:\/\/games.tactic.net\/no\/wp-json\/wp\/v2\/discontinued?post=80141"}],"curies":[{"name":"wp","href":"https:\/\/api.w.org\/{rel}","templated":true}]}}