{"id":799611,"date":"2023-09-26T20:35:59","date_gmt":"2023-09-26T17:35:59","guid":{"rendered":"https:\/\/games.tactic.net\/tuote\/top-magic\/"},"modified":"2024-08-20T09:24:09","modified_gmt":"2024-08-20T06:24:09","slug":"top-magic","status":"archive","type":"product","link":"https:\/\/games.tactic.net\/no\/tuote\/top-magic\/","title":{"rendered":"Top Magic assortment magic trick"},"content":{"rendered":"<p>Top Magic er Tactic\u2019s linje med magiske triks for barn. Linjen best\u00e5r av 6 esker full av magi. L\u00e6r hvordan du kan utf\u00f8re utrolig korttriks og hvordan f\u00e5 gjenstander til \u00e5 forsvinne. Overrask dine venner!<\/p>\n","protected":false},"excerpt":{"rendered":"<p>Top Magic er Tactic\u2019s linje med magiske triks for barn. Linjen best\u00e5r av 6 esker full av magi. L\u00e6r hvordan du kan utf\u00f8re utrolig korttriks og hvordan f\u00e5 gjenstander til \u00e5 forsvinne. Overrask dine venner!<\/p>\n","protected":false},"featured_media":0,"template":"","meta":{"content-type":"","_monsterinsights_skip_tracking":false,"_monsterinsights_sitenote_active":false,"_monsterinsights_sitenote_note":"","_monsterinsights_sitenote_category":0},"product_brand":[],"product_cat":[1595],"product_tag":[],"brand":[],"target-group":[],"discontinued":[],"class_list":{"0":"post-799611","1":"product","2":"type-product","3":"status-archive","5":"product_cat-tryllesett-leker","7":"first","8":"outofstock","9":"taxable","10":"shipping-taxable","11":"product-type-simple"},"aioseo_notices":[],"_links":{"self":[{"href":"https:\/\/games.tactic.net\/no\/wp-json\/wp\/v2\/product\/799611","targetHints":{"allow":["GET"]}}],"collection":[{"href":"https:\/\/games.tactic.net\/no\/wp-json\/wp\/v2\/product"}],"about":[{"href":"https:\/\/games.tactic.net\/no\/wp-json\/wp\/v2\/types\/product"}],"wp:attachment":[{"href":"https:\/\/games.tactic.net\/no\/wp-json\/wp\/v2\/media?parent=799611"}],"wp:term":[{"taxonomy":"product_brand","embeddable":true,"href":"https:\/\/games.tactic.net\/no\/wp-json\/wp\/v2\/product_brand?post=799611"},{"taxonomy":"product_cat","embeddable":true,"href":"https:\/\/games.tactic.net\/no\/wp-json\/wp\/v2\/product_cat?post=799611"},{"taxonomy":"product_tag","embeddable":true,"href":"https:\/\/games.tactic.net\/no\/wp-json\/wp\/v2\/product_tag?post=799611"},{"taxonomy":"brand","embeddable":true,"href":"https:\/\/games.tactic.net\/no\/wp-json\/wp\/v2\/brand?post=799611"},{"taxonomy":"target-group","embeddable":true,"href":"https:\/\/games.tactic.net\/no\/wp-json\/wp\/v2\/target-group?post=799611"},{"taxonomy":"discontinued","embeddable":true,"href":"https:\/\/games.tactic.net\/no\/wp-json\/wp\/v2\/discontinued?post=799611"}],"curies":[{"name":"wp","href":"https:\/\/api.w.org\/{rel}","templated":true}]}}