{"id":796405,"date":"2023-09-25T13:08:45","date_gmt":"2023-09-25T10:08:45","guid":{"rendered":"https:\/\/games.tactic.net\/tuote\/bruder-scania-super-560r-tow-truck-w-ls-bruder-roadster\/"},"modified":"2023-10-20T17:00:49","modified_gmt":"2023-10-20T14:00:49","slug":"bruder-scania-super-560r-tow-truck-w-ls-bruder-roadster","status":"publish","type":"product","link":"https:\/\/games.tactic.net\/no\/tuote\/bruder-scania-super-560r-tow-truck-w-ls-bruder-roadster\/","title":{"rendered":"Scania Super 560R Bergingsbil med Roadster og lys- og lydmodul"},"content":{"rendered":"<p>Komfortabel og robust, BRUDER presenterer Scania Super R-serien i sitt sortiment. R-serien er preget av sin unike kombinasjon av komfort og holdbarhet. Den er derfor ideell for enhver situasjon som kan oppst\u00e5. Det er nettopp disse forskjellige situasjonene barn kan oppleve realistisk med v\u00e5re BRUDER-modeller. Plattformen kan senkes for \u00e5 berge kj\u00f8ret\u00f8y. Det er ogs\u00e5 mulig \u00e5 laste kj\u00f8ret\u00f8y ved hjelp av kranen som kan forlenges og svinges. I denne prosessen muliggj\u00f8r lasteselen, best\u00e5ende av kjettinger og hjulklemmer, sikker og rask l\u00f8fting og lasting. Hjulklosser og sammenleggbare st\u00f8tteben sikrer kj\u00f8ret\u00f8yet og slitebanedekkene runder av lastebilen. Det sv\u00e6rt detaljerte f\u00f8rerhuset har d\u00f8rer som \u00e5pnes og sammenleggbare speil p\u00e5 f\u00f8rerhuset. Lys- og lydmodulen er ogs\u00e5 forh\u00e5ndsinstallert. BRUDER roadster har et avtakbart tak og kan romme enhver BRUDER-figur. Roadsteren kommer med det nye hjulskiftesystemet for ekstra moro.<\/p>\n","protected":false},"excerpt":{"rendered":"<p>Bruder<\/p>\n","protected":false},"featured_media":0,"template":"","meta":{"content-type":"","_monsterinsights_skip_tracking":false,"_monsterinsights_sitenote_active":false,"_monsterinsights_sitenote_note":"","_monsterinsights_sitenote_category":0},"product_brand":[],"product_cat":[1705],"product_tag":[],"brand":[],"target-group":[],"discontinued":[],"class_list":{"0":"post-796405","1":"product","2":"type-product","3":"status-publish","5":"product_cat-bruder-leker","7":"first","8":"instock","9":"taxable","10":"shipping-taxable","11":"product-type-simple"},"aioseo_notices":[],"_links":{"self":[{"href":"https:\/\/games.tactic.net\/no\/wp-json\/wp\/v2\/product\/796405","targetHints":{"allow":["GET"]}}],"collection":[{"href":"https:\/\/games.tactic.net\/no\/wp-json\/wp\/v2\/product"}],"about":[{"href":"https:\/\/games.tactic.net\/no\/wp-json\/wp\/v2\/types\/product"}],"wp:attachment":[{"href":"https:\/\/games.tactic.net\/no\/wp-json\/wp\/v2\/media?parent=796405"}],"wp:term":[{"taxonomy":"product_brand","embeddable":true,"href":"https:\/\/games.tactic.net\/no\/wp-json\/wp\/v2\/product_brand?post=796405"},{"taxonomy":"product_cat","embeddable":true,"href":"https:\/\/games.tactic.net\/no\/wp-json\/wp\/v2\/product_cat?post=796405"},{"taxonomy":"product_tag","embeddable":true,"href":"https:\/\/games.tactic.net\/no\/wp-json\/wp\/v2\/product_tag?post=796405"},{"taxonomy":"brand","embeddable":true,"href":"https:\/\/games.tactic.net\/no\/wp-json\/wp\/v2\/brand?post=796405"},{"taxonomy":"target-group","embeddable":true,"href":"https:\/\/games.tactic.net\/no\/wp-json\/wp\/v2\/target-group?post=796405"},{"taxonomy":"discontinued","embeddable":true,"href":"https:\/\/games.tactic.net\/no\/wp-json\/wp\/v2\/discontinued?post=796405"}],"curies":[{"name":"wp","href":"https:\/\/api.w.org\/{rel}","templated":true}]}}