{"id":796387,"date":"2023-09-25T13:08:26","date_gmt":"2023-09-25T10:08:26","guid":{"rendered":"https:\/\/games.tactic.net\/tuote\/bruder-scania-super-560r-fire-engine-w-ladder-waterp-ls\/"},"modified":"2023-10-20T17:00:02","modified_gmt":"2023-10-20T14:00:02","slug":"bruder-scania-super-560r-fire-engine-w-ladder-waterp-ls","status":"publish","type":"product","link":"https:\/\/games.tactic.net\/no\/tuote\/bruder-scania-super-560r-fire-engine-w-ladder-waterp-ls\/","title":{"rendered":"Bruder Scania Super 560R Brannbil med stige, vannpumpe og lys &#038; lyd lekesett"},"content":{"rendered":"<p>Komfortabel og robust \u2013 Scania Super 560R brannstige er et h\u00f8ydepunkt i BRUDERs brannserie. I tillegg til detaljer som \u00e5pnebare d\u00f8rer og foldespeil har bilen en innebygd vanntank som fylles enkelt. Slangen kan rulles opp, holdes av BRUDER-figurer (f.eks. 60100, ikke inkludert) eller festes til stigekurven, og dysen er fullt funksjonell. Dreieskivestigen kan forlenges og h\u00f8ydejusteres med h\u00e5ndhjul. I tillegg til to seter i hytten er det en ekstra plass p\u00e5 brannstigen. Fire uttrekkbare st\u00f8ttebein sikrer stabilitet, og et stort rom med hengslet d\u00f8r gir plass til verkt\u00f8y. Lys- og lydmodul (02801) med fire funksjoner f\u00f8lger med og \u00f8ker lekeverdien. Perfekt sammen med bworld brannstasjon (62702).<\/p>\n","protected":false},"excerpt":{"rendered":"<p>Scania Super 560R brannbil med stige. Har vannbeholder, slange og munnstykke. \u00c5pne d\u00f8rer, speil og lys- og lydmodul inkludert for realistisk lek.<\/p>\n","protected":false},"featured_media":0,"template":"","meta":{"content-type":"","_monsterinsights_skip_tracking":false,"_monsterinsights_sitenote_active":false,"_monsterinsights_sitenote_note":"","_monsterinsights_sitenote_category":0},"product_brand":[],"product_cat":[1705],"product_tag":[],"brand":[],"target-group":[],"discontinued":[],"class_list":{"0":"post-796387","1":"product","2":"type-product","3":"status-publish","5":"product_cat-bruder-leker","7":"first","8":"instock","9":"taxable","10":"shipping-taxable","11":"product-type-simple"},"aioseo_notices":[],"_links":{"self":[{"href":"https:\/\/games.tactic.net\/no\/wp-json\/wp\/v2\/product\/796387","targetHints":{"allow":["GET"]}}],"collection":[{"href":"https:\/\/games.tactic.net\/no\/wp-json\/wp\/v2\/product"}],"about":[{"href":"https:\/\/games.tactic.net\/no\/wp-json\/wp\/v2\/types\/product"}],"wp:attachment":[{"href":"https:\/\/games.tactic.net\/no\/wp-json\/wp\/v2\/media?parent=796387"}],"wp:term":[{"taxonomy":"product_brand","embeddable":true,"href":"https:\/\/games.tactic.net\/no\/wp-json\/wp\/v2\/product_brand?post=796387"},{"taxonomy":"product_cat","embeddable":true,"href":"https:\/\/games.tactic.net\/no\/wp-json\/wp\/v2\/product_cat?post=796387"},{"taxonomy":"product_tag","embeddable":true,"href":"https:\/\/games.tactic.net\/no\/wp-json\/wp\/v2\/product_tag?post=796387"},{"taxonomy":"brand","embeddable":true,"href":"https:\/\/games.tactic.net\/no\/wp-json\/wp\/v2\/brand?post=796387"},{"taxonomy":"target-group","embeddable":true,"href":"https:\/\/games.tactic.net\/no\/wp-json\/wp\/v2\/target-group?post=796387"},{"taxonomy":"discontinued","embeddable":true,"href":"https:\/\/games.tactic.net\/no\/wp-json\/wp\/v2\/discontinued?post=796387"}],"curies":[{"name":"wp","href":"https:\/\/api.w.org\/{rel}","templated":true}]}}