{"id":796369,"date":"2023-09-25T13:08:07","date_gmt":"2023-09-25T10:08:07","guid":{"rendered":"https:\/\/games.tactic.net\/tuote\/bruder-scania-super-560r-construction-truck-w-crane2-pal\/"},"modified":"2023-10-20T16:59:39","modified_gmt":"2023-10-20T13:59:39","slug":"bruder-scania-super-560r-construction-truck-w-crane2-pal","status":"publish","type":"product","link":"https:\/\/games.tactic.net\/no\/tuote\/bruder-scania-super-560r-construction-truck-w-crane2-pal\/","title":{"rendered":"Scania Super 560R Anleggsbil med kran og 2 paller"},"content":{"rendered":"<p>Komfortabel og robust, BRUDER presenterer Scania Super R-serien i sitt sortiment. R-serien er preget av sin unike kombinasjon av komfort og holdbarhet. Den er derfor ideell for enhver situasjon som kan oppst\u00e5. Det er nettopp disse forskjellige situasjonene barn kan oppleve realistisk med v\u00e5re BRUDER-modeller. Det nye f\u00f8rerhuset f\u00f8lger Scanias typiske, dynamiske design. Sammenleggbare utvendige speil og d\u00f8rer kan \u00e5pnes. Kj\u00f8ret\u00f8yets karosseri best\u00e5r av en vippbar lasteflate med tre sammenleggbare sidelemmer. Bak f\u00f8rerhuset er en 360\u00b0 roterbar, sammenleggbar og teleskopisk lastekran som kan beveges fritt for h\u00e5nd og holdes i enhver posisjon av l\u00e5semekanismen. I tillegg kan st\u00f8tteben forlenges og senkes sideveis av lastekranen for \u00e5 gi kj\u00f8ret\u00f8yet st\u00f8rre stabilitet ved lasting. Siden en pallegaffel med to paller, og en grabb ogs\u00e5 er inkludert, kan moroa begynne med en gang.<\/p>\n","protected":false},"excerpt":{"rendered":"<p>Bruder<\/p>\n","protected":false},"featured_media":0,"template":"","meta":{"content-type":"","_monsterinsights_skip_tracking":false,"_monsterinsights_sitenote_active":false,"_monsterinsights_sitenote_note":"","_monsterinsights_sitenote_category":0},"product_brand":[],"product_cat":[1705],"product_tag":[],"brand":[],"target-group":[],"discontinued":[],"class_list":{"0":"post-796369","1":"product","2":"type-product","3":"status-publish","5":"product_cat-bruder-leker","7":"first","8":"instock","9":"taxable","10":"shipping-taxable","11":"product-type-simple"},"aioseo_notices":[],"_links":{"self":[{"href":"https:\/\/games.tactic.net\/no\/wp-json\/wp\/v2\/product\/796369","targetHints":{"allow":["GET"]}}],"collection":[{"href":"https:\/\/games.tactic.net\/no\/wp-json\/wp\/v2\/product"}],"about":[{"href":"https:\/\/games.tactic.net\/no\/wp-json\/wp\/v2\/types\/product"}],"wp:attachment":[{"href":"https:\/\/games.tactic.net\/no\/wp-json\/wp\/v2\/media?parent=796369"}],"wp:term":[{"taxonomy":"product_brand","embeddable":true,"href":"https:\/\/games.tactic.net\/no\/wp-json\/wp\/v2\/product_brand?post=796369"},{"taxonomy":"product_cat","embeddable":true,"href":"https:\/\/games.tactic.net\/no\/wp-json\/wp\/v2\/product_cat?post=796369"},{"taxonomy":"product_tag","embeddable":true,"href":"https:\/\/games.tactic.net\/no\/wp-json\/wp\/v2\/product_tag?post=796369"},{"taxonomy":"brand","embeddable":true,"href":"https:\/\/games.tactic.net\/no\/wp-json\/wp\/v2\/brand?post=796369"},{"taxonomy":"target-group","embeddable":true,"href":"https:\/\/games.tactic.net\/no\/wp-json\/wp\/v2\/target-group?post=796369"},{"taxonomy":"discontinued","embeddable":true,"href":"https:\/\/games.tactic.net\/no\/wp-json\/wp\/v2\/discontinued?post=796369"}],"curies":[{"name":"wp","href":"https:\/\/api.w.org\/{rel}","templated":true}]}}