{"id":796351,"date":"2023-09-25T13:07:46","date_gmt":"2023-09-25T10:07:46","guid":{"rendered":"https:\/\/games.tactic.net\/tuote\/bruder-mb-arocs-halfpipe-dump-truck\/"},"modified":"2023-10-20T16:46:33","modified_gmt":"2023-10-20T13:46:33","slug":"bruder-mb-arocs-halfpipe-dump-truck","status":"publish","type":"product","link":"https:\/\/games.tactic.net\/no\/tuote\/bruder-mb-arocs-halfpipe-dump-truck\/","title":{"rendered":"Mercedes-Benz Arocs Halfpipe tipper truck toy"},"content":{"rendered":"<p>Kraft, holdbarhet og effektivitet representerer ofte avgj\u00f8rende elementer p\u00e5 en arbeidsdag p\u00e5 veier og byggeplasser. Dette er grunnen til at Mercedes-Benz Arocs er spesielt utviklet for disse behovene. Designet har ogs\u00e5 blitt revidert for \u00e5 matche disse tekniske funksjonene. For eksempel er fronten p\u00e5 radiatorgrillen designet i det typiske Arocs-utseendet og reflekterer dens enorme kraft. Med denne modellen fokuserte vi intensivt p\u00e5 holdbarheten som kjennetegner BRUDER-produkter og utstyrte f\u00f8rerhuset med en d\u00f8r som kan \u00e5pnes for \u00e5 gi BRUDER-figurer tilgang til kj\u00f8ret\u00f8yet. Takket v\u00e6re den spesielle halfpipe-formen blir lastet automatisk plassert i midten, noe som er nyttig b\u00e5de for kj\u00f8ring og lossing s\u00e5 enkelt som mulig. Tippekarets trippel uttrekkbare sylinder og bakluken kan klikkes p\u00e5 plass i ulike trinn for \u00e5 muliggj\u00f8re s\u00e5 mange forskjellige lekesituasjoner som mulig.<\/p>\n","protected":false},"excerpt":{"rendered":"<p>Bruder<\/p>\n","protected":false},"featured_media":0,"template":"","meta":{"content-type":"","_monsterinsights_skip_tracking":false,"_monsterinsights_sitenote_active":false,"_monsterinsights_sitenote_note":"","_monsterinsights_sitenote_category":0},"product_brand":[],"product_cat":[1705],"product_tag":[],"brand":[],"target-group":[],"discontinued":[],"class_list":{"0":"post-796351","1":"product","2":"type-product","3":"status-publish","5":"product_cat-bruder-leker","7":"first","8":"outofstock","9":"taxable","10":"shipping-taxable","11":"product-type-simple"},"aioseo_notices":[],"_links":{"self":[{"href":"https:\/\/games.tactic.net\/no\/wp-json\/wp\/v2\/product\/796351","targetHints":{"allow":["GET"]}}],"collection":[{"href":"https:\/\/games.tactic.net\/no\/wp-json\/wp\/v2\/product"}],"about":[{"href":"https:\/\/games.tactic.net\/no\/wp-json\/wp\/v2\/types\/product"}],"wp:attachment":[{"href":"https:\/\/games.tactic.net\/no\/wp-json\/wp\/v2\/media?parent=796351"}],"wp:term":[{"taxonomy":"product_brand","embeddable":true,"href":"https:\/\/games.tactic.net\/no\/wp-json\/wp\/v2\/product_brand?post=796351"},{"taxonomy":"product_cat","embeddable":true,"href":"https:\/\/games.tactic.net\/no\/wp-json\/wp\/v2\/product_cat?post=796351"},{"taxonomy":"product_tag","embeddable":true,"href":"https:\/\/games.tactic.net\/no\/wp-json\/wp\/v2\/product_tag?post=796351"},{"taxonomy":"brand","embeddable":true,"href":"https:\/\/games.tactic.net\/no\/wp-json\/wp\/v2\/brand?post=796351"},{"taxonomy":"target-group","embeddable":true,"href":"https:\/\/games.tactic.net\/no\/wp-json\/wp\/v2\/target-group?post=796351"},{"taxonomy":"discontinued","embeddable":true,"href":"https:\/\/games.tactic.net\/no\/wp-json\/wp\/v2\/discontinued?post=796351"}],"curies":[{"name":"wp","href":"https:\/\/api.w.org\/{rel}","templated":true}]}}