{"id":796333,"date":"2023-09-25T13:07:25","date_gmt":"2023-09-25T10:07:25","guid":{"rendered":"https:\/\/games.tactic.net\/tuote\/bruder-man-tgs-winter-service-with-plow-blade\/"},"modified":"2025-01-06T10:03:21","modified_gmt":"2025-01-06T08:03:21","slug":"bruder-man-tgs-winter-service-with-plow-blade","status":"publish","type":"product","link":"https:\/\/games.tactic.net\/no\/tuote\/bruder-man-tgs-winter-service-with-plow-blade\/","title":{"rendered":"MAN TGS Vinterservice med plog"},"content":{"rendered":"<p>\u00ab&#8230; kraftig sn\u00f8fall opp og ned i landet&#8230;\u00bb, s\u00e5 snart trafikkmeldinger nevner noe slikt, begynner vinterservicebiler \u00e5 jobbe mot klokken for \u00e5 lette situasjonen. BRUDER er kjent for sine realistiske kj\u00f8ret\u00f8y som passer for alle forhold, og har utviklet MAN TGS vinterservicebil, en imponerende og n\u00f8yaktig kopi av den originale sn\u00f8plogen. Det brede, h\u00f8ydejusterbare og ogs\u00e5 avtagbare plogbladet klarer \u00e5 rydde selv den tykkeste sn\u00f8en og skape et kj\u00f8refelt som passer for trafikk. Den ekstremt realistiske str\u00f8mekanismen p\u00e5f\u00f8rer sand eller salt p\u00e5 veibanen for \u00e5 forhindre at kj\u00f8ret\u00f8y mister kontrollen.<\/p>\n","protected":false},"excerpt":{"rendered":"<p>Bruder<\/p>\n","protected":false},"featured_media":0,"template":"","meta":{"content-type":"","_monsterinsights_skip_tracking":false,"_monsterinsights_sitenote_active":false,"_monsterinsights_sitenote_note":"","_monsterinsights_sitenote_category":0},"product_brand":[],"product_cat":[1705],"product_tag":[],"brand":[],"target-group":[],"discontinued":[],"class_list":{"0":"post-796333","1":"product","2":"type-product","3":"status-publish","5":"product_cat-bruder-leker","7":"first","8":"outofstock","9":"taxable","10":"shipping-taxable","11":"product-type-simple"},"aioseo_notices":[],"_links":{"self":[{"href":"https:\/\/games.tactic.net\/no\/wp-json\/wp\/v2\/product\/796333","targetHints":{"allow":["GET"]}}],"collection":[{"href":"https:\/\/games.tactic.net\/no\/wp-json\/wp\/v2\/product"}],"about":[{"href":"https:\/\/games.tactic.net\/no\/wp-json\/wp\/v2\/types\/product"}],"wp:attachment":[{"href":"https:\/\/games.tactic.net\/no\/wp-json\/wp\/v2\/media?parent=796333"}],"wp:term":[{"taxonomy":"product_brand","embeddable":true,"href":"https:\/\/games.tactic.net\/no\/wp-json\/wp\/v2\/product_brand?post=796333"},{"taxonomy":"product_cat","embeddable":true,"href":"https:\/\/games.tactic.net\/no\/wp-json\/wp\/v2\/product_cat?post=796333"},{"taxonomy":"product_tag","embeddable":true,"href":"https:\/\/games.tactic.net\/no\/wp-json\/wp\/v2\/product_tag?post=796333"},{"taxonomy":"brand","embeddable":true,"href":"https:\/\/games.tactic.net\/no\/wp-json\/wp\/v2\/brand?post=796333"},{"taxonomy":"target-group","embeddable":true,"href":"https:\/\/games.tactic.net\/no\/wp-json\/wp\/v2\/target-group?post=796333"},{"taxonomy":"discontinued","embeddable":true,"href":"https:\/\/games.tactic.net\/no\/wp-json\/wp\/v2\/discontinued?post=796333"}],"curies":[{"name":"wp","href":"https:\/\/api.w.org\/{rel}","templated":true}]}}