{"id":796315,"date":"2023-09-25T13:06:59","date_gmt":"2023-09-25T10:06:59","guid":{"rendered":"https:\/\/games.tactic.net\/tuote\/bruder-man-tgs-garbage-truck\/"},"modified":"2023-10-20T16:41:00","modified_gmt":"2023-10-20T13:41:00","slug":"bruder-man-tgs-garbage-truck","status":"publish","type":"product","link":"https:\/\/games.tactic.net\/no\/tuote\/bruder-man-tgs-garbage-truck\/","title":{"rendered":"Bruder MAN TGS S\u00f8ppellastebil lekesett"},"content":{"rendered":"<p>MAN TGS er en ekte allrounder for byggeplass, langtransport og distribusjon. Med robust design, sterke motorer og h\u00f8y lasteevne er den sv\u00e6rt realistisk. To-tone f\u00f8rerhus med d\u00f8rer som kan \u00e5pnes gir bworld-figurer et moderne arbeidssted. Et kvalitetskj\u00f8ret\u00f8y med mange lekemuligheter.<\/p>\n","protected":false},"excerpt":{"rendered":"<p>MAN TGS er et allsidig kj\u00f8ret\u00f8y for byggeplasser, langtransport og distribusjon. Robust design, kraftig motor og h\u00f8y lasteevne gir realistisk lek.<\/p>\n","protected":false},"featured_media":0,"template":"","meta":{"content-type":"","_monsterinsights_skip_tracking":false,"_monsterinsights_sitenote_active":false,"_monsterinsights_sitenote_note":"","_monsterinsights_sitenote_category":0},"product_brand":[],"product_cat":[1705],"product_tag":[],"brand":[],"target-group":[],"discontinued":[],"class_list":{"0":"post-796315","1":"product","2":"type-product","3":"status-publish","5":"product_cat-bruder-leker","7":"first","8":"instock","9":"taxable","10":"shipping-taxable","11":"product-type-simple"},"aioseo_notices":[],"_links":{"self":[{"href":"https:\/\/games.tactic.net\/no\/wp-json\/wp\/v2\/product\/796315","targetHints":{"allow":["GET"]}}],"collection":[{"href":"https:\/\/games.tactic.net\/no\/wp-json\/wp\/v2\/product"}],"about":[{"href":"https:\/\/games.tactic.net\/no\/wp-json\/wp\/v2\/types\/product"}],"wp:attachment":[{"href":"https:\/\/games.tactic.net\/no\/wp-json\/wp\/v2\/media?parent=796315"}],"wp:term":[{"taxonomy":"product_brand","embeddable":true,"href":"https:\/\/games.tactic.net\/no\/wp-json\/wp\/v2\/product_brand?post=796315"},{"taxonomy":"product_cat","embeddable":true,"href":"https:\/\/games.tactic.net\/no\/wp-json\/wp\/v2\/product_cat?post=796315"},{"taxonomy":"product_tag","embeddable":true,"href":"https:\/\/games.tactic.net\/no\/wp-json\/wp\/v2\/product_tag?post=796315"},{"taxonomy":"brand","embeddable":true,"href":"https:\/\/games.tactic.net\/no\/wp-json\/wp\/v2\/brand?post=796315"},{"taxonomy":"target-group","embeddable":true,"href":"https:\/\/games.tactic.net\/no\/wp-json\/wp\/v2\/target-group?post=796315"},{"taxonomy":"discontinued","embeddable":true,"href":"https:\/\/games.tactic.net\/no\/wp-json\/wp\/v2\/discontinued?post=796315"}],"curies":[{"name":"wp","href":"https:\/\/api.w.org\/{rel}","templated":true}]}}