{"id":796297,"date":"2023-09-25T13:06:12","date_gmt":"2023-09-25T10:06:12","guid":{"rendered":"https:\/\/games.tactic.net\/tuote\/bruder-man-tga-low-loader-truck-with-manitou-telescopic-l\/"},"modified":"2023-10-20T16:38:44","modified_gmt":"2023-10-20T13:38:44","slug":"bruder-man-tga-low-loader-truck-with-manitou-telescopic-l","status":"publish","type":"product","link":"https:\/\/games.tactic.net\/no\/tuote\/bruder-man-tga-low-loader-truck-with-manitou-telescopic-l\/","title":{"rendered":"MAN TGA Lowloader med Manitou teleskoplaster MLT 633"},"content":{"rendered":"<p>Lowloaderhengere brukes ofte til \u00e5 utf\u00f8re tunge transportoppgaver, som for eksempel transport av store anleggsmaskiner fra en byggeplass til en annen. I BRUDER-konstruksjonstemaverdenen, transporterer MAN TGA lowloader en Manitou MT633 til neste utplasseringssted. Dette imponerende kj\u00f8ret\u00f8yet har de kjente egenskapene til MAN lowloader, som den fullt funksjonelle dreieskivekoblingen til semitraileren, sammenleggbare st\u00f8tter og bevegelige adkomstramper. Den medf\u00f8lgende styrbare teleskoplasteren har en uttrekkbar og h\u00f8ydejusterbar teleskoparm samt en avtakbar skuff.<\/p>\n","protected":false},"excerpt":{"rendered":"<p>Bruder<\/p>\n","protected":false},"featured_media":0,"template":"","meta":{"content-type":"","_monsterinsights_skip_tracking":false,"_monsterinsights_sitenote_active":false,"_monsterinsights_sitenote_note":"","_monsterinsights_sitenote_category":0},"product_brand":[],"product_cat":[1705],"product_tag":[],"brand":[],"target-group":[],"discontinued":[],"class_list":{"0":"post-796297","1":"product","2":"type-product","3":"status-publish","5":"product_cat-bruder-leker","7":"first","8":"outofstock","9":"taxable","10":"shipping-taxable","11":"product-type-simple"},"aioseo_notices":[],"_links":{"self":[{"href":"https:\/\/games.tactic.net\/no\/wp-json\/wp\/v2\/product\/796297","targetHints":{"allow":["GET"]}}],"collection":[{"href":"https:\/\/games.tactic.net\/no\/wp-json\/wp\/v2\/product"}],"about":[{"href":"https:\/\/games.tactic.net\/no\/wp-json\/wp\/v2\/types\/product"}],"wp:attachment":[{"href":"https:\/\/games.tactic.net\/no\/wp-json\/wp\/v2\/media?parent=796297"}],"wp:term":[{"taxonomy":"product_brand","embeddable":true,"href":"https:\/\/games.tactic.net\/no\/wp-json\/wp\/v2\/product_brand?post=796297"},{"taxonomy":"product_cat","embeddable":true,"href":"https:\/\/games.tactic.net\/no\/wp-json\/wp\/v2\/product_cat?post=796297"},{"taxonomy":"product_tag","embeddable":true,"href":"https:\/\/games.tactic.net\/no\/wp-json\/wp\/v2\/product_tag?post=796297"},{"taxonomy":"brand","embeddable":true,"href":"https:\/\/games.tactic.net\/no\/wp-json\/wp\/v2\/brand?post=796297"},{"taxonomy":"target-group","embeddable":true,"href":"https:\/\/games.tactic.net\/no\/wp-json\/wp\/v2\/target-group?post=796297"},{"taxonomy":"discontinued","embeddable":true,"href":"https:\/\/games.tactic.net\/no\/wp-json\/wp\/v2\/discontinued?post=796297"}],"curies":[{"name":"wp","href":"https:\/\/api.w.org\/{rel}","templated":true}]}}