{"id":796279,"date":"2023-09-25T13:05:51","date_gmt":"2023-09-25T10:05:51","guid":{"rendered":"https:\/\/games.tactic.net\/tuote\/bruder-bworld-fire-station-with-fireman\/"},"modified":"2023-10-11T09:28:47","modified_gmt":"2023-10-11T06:28:47","slug":"bruder-bworld-fire-station-with-fireman","status":"publish","type":"product","link":"https:\/\/games.tactic.net\/no\/tuote\/bruder-bworld-fire-station-with-fireman\/","title":{"rendered":"bworld Brannstasjon med brannmann"},"content":{"rendered":"<p>For det brede utvalget av BRUDER brannkj\u00f8ret\u00f8yer, er det bworld brannstasjon som et koordinerende sted. P\u00e5 hendelsessentralen kan brannmannen koordinere og spore hvert \u00abrop\u00bb ved hjelp av topp moderne utstyr. Mellom utplasseringene kan BRUDER-brannmannen slappe av p\u00e5 sengen sin i salongen i f\u00f8rste etasje. Bworld brannstasjonen kan enkelt kombineres med de andre bworld-temasettene. Med settene med bworld-tema kan du dykke enda dypere inn i BRUDERs verden. Trykte veggelementer med justerbare f\u00f8tter som er enkle \u00e5 montere, danner n\u00e5 plass for enda mer virkelighet n\u00e5r du spiller, og det nye hyllesystemet og andre komponenter kan ogs\u00e5 samhandle med elementene. bworld er lekeverdenen til BRUDER. Den best\u00e5r av bevegelige figurer, dyr, tilbeh\u00f8r og temasett, og er tilordnet de velkjente BRUDER-kategoriene. Enten det er en brannmann, rytter, vannsportentusiast, p\u00e5 sykehusavdelingen eller motorsykkelverkstedet, gir bworld-artikler timevis med moro alene eller er det perfekte tillegget til de detaljerte kj\u00f8ret\u00f8yene.<\/p>\n","protected":false},"excerpt":{"rendered":"<p>Bruder<\/p>\n","protected":false},"featured_media":0,"template":"","meta":{"content-type":"","_monsterinsights_skip_tracking":false,"_monsterinsights_sitenote_active":false,"_monsterinsights_sitenote_note":"","_monsterinsights_sitenote_category":0},"product_brand":[],"product_cat":[1705],"product_tag":[],"brand":[],"target-group":[],"discontinued":[],"class_list":{"0":"post-796279","1":"product","2":"type-product","3":"status-publish","5":"product_cat-bruder-leker","7":"first","8":"instock","9":"taxable","10":"shipping-taxable","11":"product-type-simple"},"aioseo_notices":[],"_links":{"self":[{"href":"https:\/\/games.tactic.net\/no\/wp-json\/wp\/v2\/product\/796279","targetHints":{"allow":["GET"]}}],"collection":[{"href":"https:\/\/games.tactic.net\/no\/wp-json\/wp\/v2\/product"}],"about":[{"href":"https:\/\/games.tactic.net\/no\/wp-json\/wp\/v2\/types\/product"}],"wp:attachment":[{"href":"https:\/\/games.tactic.net\/no\/wp-json\/wp\/v2\/media?parent=796279"}],"wp:term":[{"taxonomy":"product_brand","embeddable":true,"href":"https:\/\/games.tactic.net\/no\/wp-json\/wp\/v2\/product_brand?post=796279"},{"taxonomy":"product_cat","embeddable":true,"href":"https:\/\/games.tactic.net\/no\/wp-json\/wp\/v2\/product_cat?post=796279"},{"taxonomy":"product_tag","embeddable":true,"href":"https:\/\/games.tactic.net\/no\/wp-json\/wp\/v2\/product_tag?post=796279"},{"taxonomy":"brand","embeddable":true,"href":"https:\/\/games.tactic.net\/no\/wp-json\/wp\/v2\/brand?post=796279"},{"taxonomy":"target-group","embeddable":true,"href":"https:\/\/games.tactic.net\/no\/wp-json\/wp\/v2\/target-group?post=796279"},{"taxonomy":"discontinued","embeddable":true,"href":"https:\/\/games.tactic.net\/no\/wp-json\/wp\/v2\/discontinued?post=796279"}],"curies":[{"name":"wp","href":"https:\/\/api.w.org\/{rel}","templated":true}]}}