{"id":792335,"date":"2023-09-25T10:57:39","date_gmt":"2023-09-25T07:57:39","guid":{"rendered":"https:\/\/games.tactic.net\/tuote\/bruder-scania-super-560r-liebherr-crane-truck-ls-module\/"},"modified":"2023-10-20T17:00:27","modified_gmt":"2023-10-20T14:00:27","slug":"bruder-scania-super-560r-liebherr-crane-truck-ls-module","status":"publish","type":"product","link":"https:\/\/games.tactic.net\/no\/tuote\/bruder-scania-super-560r-liebherr-crane-truck-ls-module\/","title":{"rendered":"Scania Super 560R Liebherr kranbil med lys- og lydmodul"},"content":{"rendered":"<p>Komfortabel og robust, BRUDER presenterer Scania Super R-serien i sitt sortiment. R-serien er preget av sin unike kombinasjon av komfort og holdbarhet. Den er derfor ideell for enhver situasjon som kan oppst\u00e5. Det er nettopp disse forskjellige situasjonene barn kan oppleve realistisk med v\u00e5re BRUDER-modeller. Kranbilen er allerede en betydelig st\u00f8rrelse n\u00e5r teleskopkranen er forlenget og kan forlenges igjen med en ekstra bom. Med kranbommen helt uttrukket og reist, er kranen 1,30 m h\u00f8y og vil rage over noen av de sm\u00e5 byggherrene. Stabilitet med disse dimensjonene er naturligvis et must. H\u00f8y stabilitet mot velting oppn\u00e5s av de svingbare og individuelt justerbare st\u00f8ttef\u00f8ttene p\u00e5 kj\u00f8ret\u00f8yets plattform. For enda st\u00f8rre stabilitet kan den vedlagte motvekten brukes som med den originale kranen. Modellen kan fylles med sand for \u00e5 sikre tilstrekkelig vekt. Kabelvinsjen med holde-\u00e5pen-anordning og overbelastningsbeskyttelse muliggj\u00f8r enkel h\u00e5ndtering av krankroken ved l\u00f8ft og senking av selv store gjenstander. Som med originalen har kranf\u00f8rerhuset en vindusbeskyttelsesramme og en skyved\u00f8r som kan \u00e5pnes. En verkt\u00f8ykasse integrert i plattformen fullf\u00f8rer kranens mange funksjoner. Det nyutviklede f\u00f8rerhuset p\u00e5 Scania Super R har d\u00f8rer som kan \u00e5pnes og sammenleggbare ytterspeil. Lys- og lydmodulen er ogs\u00e5 inkludert for ekstra moro.<\/p>\n","protected":false},"excerpt":{"rendered":"<p>Bruder<\/p>\n","protected":false},"featured_media":0,"template":"","meta":{"content-type":"","_monsterinsights_skip_tracking":false,"_monsterinsights_sitenote_active":false,"_monsterinsights_sitenote_note":"","_monsterinsights_sitenote_category":0},"product_brand":[],"product_cat":[1705],"product_tag":[],"brand":[],"target-group":[],"discontinued":[],"class_list":{"0":"post-792335","1":"product","2":"type-product","3":"status-publish","5":"product_cat-bruder-leker","7":"first","8":"instock","9":"taxable","10":"shipping-taxable","11":"product-type-simple"},"aioseo_notices":[],"_links":{"self":[{"href":"https:\/\/games.tactic.net\/no\/wp-json\/wp\/v2\/product\/792335","targetHints":{"allow":["GET"]}}],"collection":[{"href":"https:\/\/games.tactic.net\/no\/wp-json\/wp\/v2\/product"}],"about":[{"href":"https:\/\/games.tactic.net\/no\/wp-json\/wp\/v2\/types\/product"}],"wp:attachment":[{"href":"https:\/\/games.tactic.net\/no\/wp-json\/wp\/v2\/media?parent=792335"}],"wp:term":[{"taxonomy":"product_brand","embeddable":true,"href":"https:\/\/games.tactic.net\/no\/wp-json\/wp\/v2\/product_brand?post=792335"},{"taxonomy":"product_cat","embeddable":true,"href":"https:\/\/games.tactic.net\/no\/wp-json\/wp\/v2\/product_cat?post=792335"},{"taxonomy":"product_tag","embeddable":true,"href":"https:\/\/games.tactic.net\/no\/wp-json\/wp\/v2\/product_tag?post=792335"},{"taxonomy":"brand","embeddable":true,"href":"https:\/\/games.tactic.net\/no\/wp-json\/wp\/v2\/brand?post=792335"},{"taxonomy":"target-group","embeddable":true,"href":"https:\/\/games.tactic.net\/no\/wp-json\/wp\/v2\/target-group?post=792335"},{"taxonomy":"discontinued","embeddable":true,"href":"https:\/\/games.tactic.net\/no\/wp-json\/wp\/v2\/discontinued?post=792335"}],"curies":[{"name":"wp","href":"https:\/\/api.w.org\/{rel}","templated":true}]}}