{"id":792317,"date":"2023-09-25T10:57:15","date_gmt":"2023-09-25T07:57:15","guid":{"rendered":"https:\/\/games.tactic.net\/tuote\/bruder-scania-super-560r-cattle-transportation-truck-w-1\/"},"modified":"2023-10-20T16:59:12","modified_gmt":"2023-10-20T13:59:12","slug":"bruder-scania-super-560r-cattle-transportation-truck-w-1","status":"publish","type":"product","link":"https:\/\/games.tactic.net\/no\/tuote\/bruder-scania-super-560r-cattle-transportation-truck-w-1\/","title":{"rendered":"Bruder Scania Super 560R Dyretransport lastebil med 1 ku lekesett"},"content":{"rendered":"<p>Komfortabel og robust \u2013 BRUDER presenterer Scania Super R-serien. Den unike kombinasjonen av komfort og slitestyrke gj\u00f8r den egnet for enhver situasjon. Barn kan oppleve disse scenariene realistisk med BRUDER-modellene. Kvegtransportbilen har alt som trengs for dyrevennlig transport: utfellbar og forlengbar rampe med gitterporter, innvendige skillegrinder tilpasset ulike arter, p\u00e5monterbare trau, m.m. En ku f\u00f8lger med; flere dyr finnes (02308\/02309). Hytten f\u00f8lger Scanias dynamiske design, med foldespeil og d\u00f8rer som kan \u00e5pnes. Kan suppleres med lys- og lydmodul (02801).<\/p>\n","protected":false},"excerpt":{"rendered":"<p>Scania Super R dyretransportbil: robust og detaljert. Med rampe, grind, f\u00f4rtrau og en ku. Flere dyr kan legges til. Passer med lys- og lydmodul.<\/p>\n","protected":false},"featured_media":0,"template":"","meta":{"content-type":"","_monsterinsights_skip_tracking":false,"_monsterinsights_sitenote_active":false,"_monsterinsights_sitenote_note":"","_monsterinsights_sitenote_category":0},"product_brand":[],"product_cat":[1705],"product_tag":[],"brand":[],"target-group":[],"discontinued":[],"class_list":{"0":"post-792317","1":"product","2":"type-product","3":"status-publish","5":"product_cat-bruder-leker","7":"first","8":"instock","9":"taxable","10":"shipping-taxable","11":"product-type-simple"},"aioseo_notices":[],"_links":{"self":[{"href":"https:\/\/games.tactic.net\/no\/wp-json\/wp\/v2\/product\/792317","targetHints":{"allow":["GET"]}}],"collection":[{"href":"https:\/\/games.tactic.net\/no\/wp-json\/wp\/v2\/product"}],"about":[{"href":"https:\/\/games.tactic.net\/no\/wp-json\/wp\/v2\/types\/product"}],"wp:attachment":[{"href":"https:\/\/games.tactic.net\/no\/wp-json\/wp\/v2\/media?parent=792317"}],"wp:term":[{"taxonomy":"product_brand","embeddable":true,"href":"https:\/\/games.tactic.net\/no\/wp-json\/wp\/v2\/product_brand?post=792317"},{"taxonomy":"product_cat","embeddable":true,"href":"https:\/\/games.tactic.net\/no\/wp-json\/wp\/v2\/product_cat?post=792317"},{"taxonomy":"product_tag","embeddable":true,"href":"https:\/\/games.tactic.net\/no\/wp-json\/wp\/v2\/product_tag?post=792317"},{"taxonomy":"brand","embeddable":true,"href":"https:\/\/games.tactic.net\/no\/wp-json\/wp\/v2\/brand?post=792317"},{"taxonomy":"target-group","embeddable":true,"href":"https:\/\/games.tactic.net\/no\/wp-json\/wp\/v2\/target-group?post=792317"},{"taxonomy":"discontinued","embeddable":true,"href":"https:\/\/games.tactic.net\/no\/wp-json\/wp\/v2\/discontinued?post=792317"}],"curies":[{"name":"wp","href":"https:\/\/api.w.org\/{rel}","templated":true}]}}