{"id":791806,"date":"2023-09-25T10:48:17","date_gmt":"2023-09-25T07:48:17","guid":{"rendered":"https:\/\/games.tactic.net\/tuote\/bruder-mb-arocs-timber-truck-with-loading-crane-grab-and\/"},"modified":"2023-10-20T16:47:02","modified_gmt":"2023-10-20T13:47:02","slug":"bruder-mb-arocs-timber-truck-with-loading-crane-grab-and","status":"publish","type":"product","link":"https:\/\/games.tactic.net\/no\/tuote\/bruder-mb-arocs-timber-truck-with-loading-crane-grab-and\/","title":{"rendered":"Mercedes-Benz Arocs T\u00f8mmerbil med lastekran, grip og 3 stammer"},"content":{"rendered":"<p>Kraft, holdbarhet og effektivitet representerer ofte avgj\u00f8rende elementer p\u00e5 en arbeidsdag p\u00e5 veier og byggeplasser. Dette er grunnen til at den nye Mercedes-Benz Arocs er spesielt utviklet for disse behovene. Designet har ogs\u00e5 blitt revidert for \u00e5 matche disse tekniske funksjonene. For eksempel er fronten p\u00e5 radiatorgrillen utformet i det typiske Arocs-utseendet, som gjenspeiler dens enorme kraft. Med denne modellen fokuserte vi intensivt p\u00e5 holdbarheten som kjennetegner BRUDER-produkter og utstyrte f\u00f8rerhuset med en d\u00f8r som kan \u00e5pnes for \u00e5 gi BRUDER-figurer tilgang til kj\u00f8ret\u00f8yet. Lastekranen er utstyrt med en t\u00f8mmergrabber for \u00e5 flytte stokkene. T\u00f8mmergrabben kan l\u00e5ses i \u00e5pen stilling. N\u00e5r en t\u00f8mmerstokk skal gripes, senkes t\u00f8mmergrabberen ned p\u00e5 den og ved kontakt i midten lukkes grabben automatisk. Det er bare ett eksempel p\u00e5 funksjonaliteten til denne lastebilen. Andre h\u00f8ydepunkter inkluderer de forlengende og senkende kranst\u00f8ttene, samt kjettingene p\u00e5 stolpene p\u00e5 lasteplattformen for sikring av last. St\u00f8ttene kan selvf\u00f8lgelig ogs\u00e5 sl\u00e5s ned for lasting av t\u00f8mmeret sidelengs. Bakover kan lastebilen losses ved \u00e5 vippe lasteplanet.<\/p>\n","protected":false},"excerpt":{"rendered":"<p>Bruder<\/p>\n","protected":false},"featured_media":0,"template":"","meta":{"content-type":"","_monsterinsights_skip_tracking":false,"_monsterinsights_sitenote_active":false,"_monsterinsights_sitenote_note":"","_monsterinsights_sitenote_category":0},"product_brand":[],"product_cat":[1705],"product_tag":[],"brand":[],"target-group":[],"discontinued":[],"class_list":{"0":"post-791806","1":"product","2":"type-product","3":"status-publish","5":"product_cat-bruder-leker","7":"first","8":"instock","9":"taxable","10":"shipping-taxable","11":"product-type-simple"},"aioseo_notices":[],"_links":{"self":[{"href":"https:\/\/games.tactic.net\/no\/wp-json\/wp\/v2\/product\/791806","targetHints":{"allow":["GET"]}}],"collection":[{"href":"https:\/\/games.tactic.net\/no\/wp-json\/wp\/v2\/product"}],"about":[{"href":"https:\/\/games.tactic.net\/no\/wp-json\/wp\/v2\/types\/product"}],"wp:attachment":[{"href":"https:\/\/games.tactic.net\/no\/wp-json\/wp\/v2\/media?parent=791806"}],"wp:term":[{"taxonomy":"product_brand","embeddable":true,"href":"https:\/\/games.tactic.net\/no\/wp-json\/wp\/v2\/product_brand?post=791806"},{"taxonomy":"product_cat","embeddable":true,"href":"https:\/\/games.tactic.net\/no\/wp-json\/wp\/v2\/product_cat?post=791806"},{"taxonomy":"product_tag","embeddable":true,"href":"https:\/\/games.tactic.net\/no\/wp-json\/wp\/v2\/product_tag?post=791806"},{"taxonomy":"brand","embeddable":true,"href":"https:\/\/games.tactic.net\/no\/wp-json\/wp\/v2\/brand?post=791806"},{"taxonomy":"target-group","embeddable":true,"href":"https:\/\/games.tactic.net\/no\/wp-json\/wp\/v2\/target-group?post=791806"},{"taxonomy":"discontinued","embeddable":true,"href":"https:\/\/games.tactic.net\/no\/wp-json\/wp\/v2\/discontinued?post=791806"}],"curies":[{"name":"wp","href":"https:\/\/api.w.org\/{rel}","templated":true}]}}