{"id":789906,"date":"2023-09-25T09:54:20","date_gmt":"2023-09-25T06:54:20","guid":{"rendered":"https:\/\/games.tactic.net\/tuote\/bruder-grimme-se-75-30-potato-digger-with-imitation-potatoes\/"},"modified":"2023-10-20T15:53:47","modified_gmt":"2023-10-20T12:53:47","slug":"bruder-grimme-se-75-30-potato-digger-with-imitation-potatoes","status":"publish","type":"product","link":"https:\/\/games.tactic.net\/no\/tuote\/bruder-grimme-se-75-30-potato-digger-with-imitation-potatoes\/","title":{"rendered":"Grimme SE 75-30 potetgraver med 80 imiterte poteter"},"content":{"rendered":"<p>Rengj\u00f8rings- og sorteringsbeltet drives ved \u00e5 betjene sveiven, og muliggj\u00f8r dermed transport av imiterte poteter inn i potetbunkeren. I tillegg er den h\u00f8ydejusterbar og utl\u00f8pstransportb\u00e5ndet kan foldes ut. Et utbrettbart st\u00f8tteben s\u00f8rger for stabilitet, detaljene er omfattende, og slitebanedekk kompletterer bildet. For \u00e5 \u00f8ke moroa kan Grimme potetgraver SE 75-30 festes til alle traktorer i Profi-serien (ikke inkludert). Ytterligere imiterte poteter er tilgjengelig separat.<\/p>\n","protected":false},"excerpt":{"rendered":"<p>Sveiv p\u00e5 sveiva for \u00e5 styre rense og sorterings beltet og transport av potetene til potetbingen! H\u00f8yden kan justeres og transportbeltet kan foldes ut.<\/p>\n","protected":false},"featured_media":0,"template":"","meta":{"content-type":"","_monsterinsights_skip_tracking":false,"_monsterinsights_sitenote_active":false,"_monsterinsights_sitenote_note":"","_monsterinsights_sitenote_category":0},"product_brand":[],"product_cat":[1705],"product_tag":[],"brand":[],"target-group":[],"discontinued":[],"class_list":{"0":"post-789906","1":"product","2":"type-product","3":"status-publish","5":"product_cat-bruder-leker","7":"first","8":"instock","9":"taxable","10":"shipping-taxable","11":"product-type-simple"},"aioseo_notices":[],"_links":{"self":[{"href":"https:\/\/games.tactic.net\/no\/wp-json\/wp\/v2\/product\/789906","targetHints":{"allow":["GET"]}}],"collection":[{"href":"https:\/\/games.tactic.net\/no\/wp-json\/wp\/v2\/product"}],"about":[{"href":"https:\/\/games.tactic.net\/no\/wp-json\/wp\/v2\/types\/product"}],"wp:attachment":[{"href":"https:\/\/games.tactic.net\/no\/wp-json\/wp\/v2\/media?parent=789906"}],"wp:term":[{"taxonomy":"product_brand","embeddable":true,"href":"https:\/\/games.tactic.net\/no\/wp-json\/wp\/v2\/product_brand?post=789906"},{"taxonomy":"product_cat","embeddable":true,"href":"https:\/\/games.tactic.net\/no\/wp-json\/wp\/v2\/product_cat?post=789906"},{"taxonomy":"product_tag","embeddable":true,"href":"https:\/\/games.tactic.net\/no\/wp-json\/wp\/v2\/product_tag?post=789906"},{"taxonomy":"brand","embeddable":true,"href":"https:\/\/games.tactic.net\/no\/wp-json\/wp\/v2\/brand?post=789906"},{"taxonomy":"target-group","embeddable":true,"href":"https:\/\/games.tactic.net\/no\/wp-json\/wp\/v2\/target-group?post=789906"},{"taxonomy":"discontinued","embeddable":true,"href":"https:\/\/games.tactic.net\/no\/wp-json\/wp\/v2\/discontinued?post=789906"}],"curies":[{"name":"wp","href":"https:\/\/api.w.org\/{rel}","templated":true}]}}