{"id":785976,"date":"2023-09-20T18:11:01","date_gmt":"2023-09-20T15:11:01","guid":{"rendered":"https:\/\/games.tactic.net\/tuote\/figur-dame\/"},"modified":"2023-10-11T10:38:26","modified_gmt":"2023-10-11T07:38:26","slug":"figur-dame","status":"publish","type":"product","link":"https:\/\/games.tactic.net\/no\/tuote\/figur-dame\/","title":{"rendered":"bworld Kvinne (Bl\u00e5 jeans)"},"content":{"rendered":"<p>BRUDER bworld-serien har en rekke figurer, bygninger og sm\u00e5 kj\u00f8ret\u00f8y for \u00e5 forbedre v\u00e5rt brede utvalg av kj\u00f8ret\u00f8y perfekt. Lag realistiske temaverdener i skala 1:16 ved \u00e5 kombinere kj\u00f8ret\u00f8y og figurer. Det er ingen grenser! Figurer finnes i mange varianter og de kan variere med hensyn til f\u00f8lgende egenskaper: kj\u00f8nn, hudtone, klesstil, klesfarger, h\u00e5rfarge, h\u00e5rstil, fott\u00f8y, ansiktsuttrykk samt trykk p\u00e5 ansikt og kropp. Et bredt utvalg av tilbeh\u00f8r er ogs\u00e5 tilgjengelig og kan allerede v\u00e6re innenfor leveringsomfanget, for eksempel for \u00e5 gj\u00f8re en bworld-figur om til en bygningsarbeider. Bes\u00f8k www.bworld.de for en oversikt over alle tilgjengelige varer.<\/p>\n","protected":false},"excerpt":{"rendered":"<p>Bruder<\/p>\n","protected":false},"featured_media":0,"template":"","meta":{"content-type":"","_monsterinsights_skip_tracking":false,"_monsterinsights_sitenote_active":false,"_monsterinsights_sitenote_note":"","_monsterinsights_sitenote_category":0},"product_brand":[],"product_cat":[1705],"product_tag":[],"brand":[],"target-group":[],"discontinued":[],"class_list":{"0":"post-785976","1":"product","2":"type-product","3":"status-publish","5":"product_cat-bruder-leker","7":"first","8":"outofstock","9":"taxable","10":"shipping-taxable","11":"product-type-simple"},"aioseo_notices":[],"_links":{"self":[{"href":"https:\/\/games.tactic.net\/no\/wp-json\/wp\/v2\/product\/785976","targetHints":{"allow":["GET"]}}],"collection":[{"href":"https:\/\/games.tactic.net\/no\/wp-json\/wp\/v2\/product"}],"about":[{"href":"https:\/\/games.tactic.net\/no\/wp-json\/wp\/v2\/types\/product"}],"wp:attachment":[{"href":"https:\/\/games.tactic.net\/no\/wp-json\/wp\/v2\/media?parent=785976"}],"wp:term":[{"taxonomy":"product_brand","embeddable":true,"href":"https:\/\/games.tactic.net\/no\/wp-json\/wp\/v2\/product_brand?post=785976"},{"taxonomy":"product_cat","embeddable":true,"href":"https:\/\/games.tactic.net\/no\/wp-json\/wp\/v2\/product_cat?post=785976"},{"taxonomy":"product_tag","embeddable":true,"href":"https:\/\/games.tactic.net\/no\/wp-json\/wp\/v2\/product_tag?post=785976"},{"taxonomy":"brand","embeddable":true,"href":"https:\/\/games.tactic.net\/no\/wp-json\/wp\/v2\/brand?post=785976"},{"taxonomy":"target-group","embeddable":true,"href":"https:\/\/games.tactic.net\/no\/wp-json\/wp\/v2\/target-group?post=785976"},{"taxonomy":"discontinued","embeddable":true,"href":"https:\/\/games.tactic.net\/no\/wp-json\/wp\/v2\/discontinued?post=785976"}],"curies":[{"name":"wp","href":"https:\/\/api.w.org\/{rel}","templated":true}]}}