{"id":785972,"date":"2023-09-20T18:09:55","date_gmt":"2023-09-20T15:09:55","guid":{"rendered":"https:\/\/games.tactic.net\/tuote\/tipping-trailer-red\/"},"modified":"2023-10-20T17:05:53","modified_gmt":"2023-10-20T14:05:53","slug":"tipping-trailer-red","status":"publish","type":"product","link":"https:\/\/games.tactic.net\/no\/tuote\/tipping-trailer-red\/","title":{"rendered":"Tipphenger"},"content":{"rendered":"<p>Tipphengere brukes i landbruket hver dag som livsviktige verkt\u00f8y. BRUDER tilbyr ogs\u00e5 denne essensielle tilhengeren for unge b\u00f8nder. Akkurat som den ekte varen, foldes tippbakken p\u00e5 tilhengeren sammen, og bakluken \u00e5pnes automatisk. Koble til koblingen igjen for \u00e5 bruke kornt\u00f8mmeverkt\u00f8yet. Et stativ gir stabilitet og slitebanedekk runder av produktet. Tipphengeren passer for alle BRUDER traktorer.<\/p>\n","protected":false},"excerpt":{"rendered":"<p>Bruder<\/p>\n","protected":false},"featured_media":0,"template":"","meta":{"content-type":"","_monsterinsights_skip_tracking":false,"_monsterinsights_sitenote_active":false,"_monsterinsights_sitenote_note":"","_monsterinsights_sitenote_category":0},"product_brand":[],"product_cat":[1705],"product_tag":[],"brand":[],"target-group":[],"discontinued":[],"class_list":{"0":"post-785972","1":"product","2":"type-product","3":"status-publish","5":"product_cat-bruder-leker","7":"first","8":"instock","9":"taxable","10":"shipping-taxable","11":"product-type-simple"},"aioseo_notices":[],"_links":{"self":[{"href":"https:\/\/games.tactic.net\/no\/wp-json\/wp\/v2\/product\/785972","targetHints":{"allow":["GET"]}}],"collection":[{"href":"https:\/\/games.tactic.net\/no\/wp-json\/wp\/v2\/product"}],"about":[{"href":"https:\/\/games.tactic.net\/no\/wp-json\/wp\/v2\/types\/product"}],"wp:attachment":[{"href":"https:\/\/games.tactic.net\/no\/wp-json\/wp\/v2\/media?parent=785972"}],"wp:term":[{"taxonomy":"product_brand","embeddable":true,"href":"https:\/\/games.tactic.net\/no\/wp-json\/wp\/v2\/product_brand?post=785972"},{"taxonomy":"product_cat","embeddable":true,"href":"https:\/\/games.tactic.net\/no\/wp-json\/wp\/v2\/product_cat?post=785972"},{"taxonomy":"product_tag","embeddable":true,"href":"https:\/\/games.tactic.net\/no\/wp-json\/wp\/v2\/product_tag?post=785972"},{"taxonomy":"brand","embeddable":true,"href":"https:\/\/games.tactic.net\/no\/wp-json\/wp\/v2\/brand?post=785972"},{"taxonomy":"target-group","embeddable":true,"href":"https:\/\/games.tactic.net\/no\/wp-json\/wp\/v2\/target-group?post=785972"},{"taxonomy":"discontinued","embeddable":true,"href":"https:\/\/games.tactic.net\/no\/wp-json\/wp\/v2\/discontinued?post=785972"}],"curies":[{"name":"wp","href":"https:\/\/api.w.org\/{rel}","templated":true}]}}