{"id":785951,"date":"2023-09-20T18:07:55","date_gmt":"2023-09-20T15:07:55","guid":{"rendered":"https:\/\/games.tactic.net\/tuote\/schaffer-compact-loader-2034-with-figure\/"},"modified":"2023-10-20T17:02:52","modified_gmt":"2023-10-20T14:02:52","slug":"schaffer-compact-loader-2034-with-figure","status":"publish","type":"product","link":"https:\/\/games.tactic.net\/no\/tuote\/schaffer-compact-loader-2034-with-figure\/","title":{"rendered":"Sch\u00e4ffer kompaktlaster 2630 med figur og tilbeh\u00f8r"},"content":{"rendered":"<p>I over 50 \u00e5r har Sch\u00e4ffer utviklet leddstyrte veilastere for landbruks-, landskaps- og hagebruksform\u00e5l. Sch\u00e4ffer-lasteren er perfekt egnet for ytelser med h\u00f8y levering i trange rom. Dette sentrale og allsidige kj\u00f8ret\u00f8yet som muliggj\u00f8r suksess i landbruket er n\u00e5 lagt til BRUDER-samlingen i en skala p\u00e5 1:16. Kj\u00f8ret\u00f8yet har operativ leddstyring og lastearmen samt skuffen betjenes ogs\u00e5 akkurat som i originalen. Solide krengeb\u00f8yler beskytter bworld-figuren som passer komfortabelt inn i f\u00f8rersetet. Den matchende, bevegelige figuren samt et tilbeh\u00f8rssett, best\u00e5ende av lastegafler og en pall, runder av denne flotte leken og gj\u00f8r ting mye moro.<\/p>\n","protected":false},"excerpt":{"rendered":"<p>Bruder<\/p>\n","protected":false},"featured_media":0,"template":"","meta":{"content-type":"","_monsterinsights_skip_tracking":false,"_monsterinsights_sitenote_active":false,"_monsterinsights_sitenote_note":"","_monsterinsights_sitenote_category":0},"product_brand":[],"product_cat":[1705],"product_tag":[],"brand":[],"target-group":[],"discontinued":[],"class_list":{"0":"post-785951","1":"product","2":"type-product","3":"status-publish","5":"product_cat-bruder-leker","7":"first","8":"instock","9":"taxable","10":"shipping-taxable","11":"product-type-simple"},"aioseo_notices":[],"_links":{"self":[{"href":"https:\/\/games.tactic.net\/no\/wp-json\/wp\/v2\/product\/785951","targetHints":{"allow":["GET"]}}],"collection":[{"href":"https:\/\/games.tactic.net\/no\/wp-json\/wp\/v2\/product"}],"about":[{"href":"https:\/\/games.tactic.net\/no\/wp-json\/wp\/v2\/types\/product"}],"wp:attachment":[{"href":"https:\/\/games.tactic.net\/no\/wp-json\/wp\/v2\/media?parent=785951"}],"wp:term":[{"taxonomy":"product_brand","embeddable":true,"href":"https:\/\/games.tactic.net\/no\/wp-json\/wp\/v2\/product_brand?post=785951"},{"taxonomy":"product_cat","embeddable":true,"href":"https:\/\/games.tactic.net\/no\/wp-json\/wp\/v2\/product_cat?post=785951"},{"taxonomy":"product_tag","embeddable":true,"href":"https:\/\/games.tactic.net\/no\/wp-json\/wp\/v2\/product_tag?post=785951"},{"taxonomy":"brand","embeddable":true,"href":"https:\/\/games.tactic.net\/no\/wp-json\/wp\/v2\/brand?post=785951"},{"taxonomy":"target-group","embeddable":true,"href":"https:\/\/games.tactic.net\/no\/wp-json\/wp\/v2\/target-group?post=785951"},{"taxonomy":"discontinued","embeddable":true,"href":"https:\/\/games.tactic.net\/no\/wp-json\/wp\/v2\/discontinued?post=785951"}],"curies":[{"name":"wp","href":"https:\/\/api.w.org\/{rel}","templated":true}]}}